{"id":752349,"date":"2025-08-28T05:13:54","date_gmt":"2025-08-28T02:13:54","guid":{"rendered":"https:\/\/roveyayinevi.com.tr\/index.php\/urun\/evlat-3\/"},"modified":"2026-04-16T03:05:38","modified_gmt":"2026-04-16T00:05:38","slug":"evlat-3","status":"publish","type":"product","link":"https:\/\/roveyayinevi.com.tr\/index.php\/urun\/evlat-3\/","title":{"rendered":"Evlat"},"content":{"rendered":"<p>Fuat, ODT\u00dc&#8217;n\u00fcn ba\u015far\u0131l\u0131 ve \u00f6\u011frenci cemiyetinin en aktif \u00f6\u011frencisidir.   Bilkent \u00dcniversitesi \u00f6\u011frencisi Oya ile tan\u0131\u015ft\u0131\u011f\u0131 g\u00fcn mutlulukla da tan\u0131\u015f\u0131r.   Haks\u0131z bir \u015fekilde tutuklu yarg\u0131lanmak \u00fczere g\u00f6t\u00fcr\u00fcld\u00fc\u011f\u00fc cezaevinde i\u015fkenceye maruz kal\u0131r.   D\u00f6rt ay sonra su\u00e7suz oldu\u011fu anla\u015f\u0131l\u0131nca tahliye edilir.   Ruhsal durumu bozulan Fuat ald\u0131\u011f\u0131 darbelerden dolay\u0131 hastanede bir s\u00fcre tedavi edilir.   Hastaneden taburcu edildikten sonra okulunu donduran Fuat, s\u0131n\u0131r \u00f6tesinde bulunan Gara Da\u011f\u0131&#8217;ndaki kampa gider.   \u00d6zel Kuvvetler Komutan\u0131 Murat Pa\u015fa, s\u0131n\u0131ra yak\u0131n ilde bulunan askeri hastanenin yo\u011fun bak\u0131m servisini dola\u015f\u0131rken a\u011f\u0131r yaral\u0131 olarak getirilen gen\u00e7 bir ter\u00f6ristin aya\u011f\u0131n\u0131n alt\u0131ndaki izleri fark eder.   Binba\u015f\u0131 r\u00fctbesinde g\u00f6rev yapt\u0131\u011f\u0131 Sar\u0131kam\u0131\u015f&#8217;ta yedi ya\u015f\u0131ndaki o\u011flu Harun, askeri lojmanlar\u0131n oldu\u011fu b\u00f6lgede kaybolmu\u015ftur.   Kan lekeleri olan bisikletinin hasarl\u0131 olarak \u00e7am ormanlar\u0131 i\u00e7erisinde bulunmas\u0131na ra\u011fmen Harun&#8217;un izine rastlan\u0131lmam\u0131\u015ft\u0131r.   Harun&#8217;un annesi, babas\u0131 ve d\u00f6rt ya\u015f b\u00fcy\u00fck olan ablas\u0131 &#8216;Asla gelmeyecek bir gidenim var art\u0131k&#8217; s\u00f6z\u00fcn\u00fcn ifade etti\u011fi ac\u0131lar i\u00e7erisindedir.   GECE OLUR, G\u00dcN ESK\u0130R. ESK\u0130MEYEN B\u0130RKA\u00c7 \u015eEY VARSA HAYATA DA\u0130R&#8230; B\u0130R\u0130 YARIN, B\u0130R\u0130 UMUT, B\u0130R\u0130 SEVG\u0130D\u0130R\u2026<\/p>\n","protected":false},"excerpt":{"rendered":"<p>Fuat, ODT\u00dc&#8217;n\u00fcn ba\u015far\u0131l\u0131 ve \u00f6\u011frenci cemiyetinin en aktif \u00f6\u011frencisidir. Bilkent \u00dcniversitesi \u00f6\u011frencisi Oya ile tan\u0131\u015ft\u0131\u011f\u0131 g\u00fcn mutlulukla da tan\u0131\u015f\u0131r. Haks\u0131z bir \u015fekilde tutuklu yarg\u0131lanmak \u00fczere g\u00f6t\u00fcr\u00fcld\u00fc\u011f\u00fc<span class=\"excerpt-hellip\"> [\u2026]<\/span><\/p>\n","protected":false},"featured_media":0,"template":"","meta":{"_monsterinsights_skip_tracking":false,"_monsterinsights_sitenote_active":false,"_monsterinsights_sitenote_note":"","_monsterinsights_sitenote_category":0},"product_brand":[],"product_cat":[12291,12711],"product_tag":[],"class_list":{"0":"post-752349","1":"product","2":"type-product","3":"status-publish","5":"product_cat-edebiyat","6":"product_cat-roman-oyku","7":"pa_cilt-ciltsiz","8":"pa_tur-kitap","9":"pa_yayinevi-elpis-yayinlari","10":"pa_yazar-kaya-basaran","12":"first","13":"instock","14":"sale","15":"shipping-taxable","16":"purchasable","17":"product-type-simple"},"_links":{"self":[{"href":"https:\/\/roveyayinevi.com.tr\/index.php\/wp-json\/wp\/v2\/product\/752349","targetHints":{"allow":["GET"]}}],"collection":[{"href":"https:\/\/roveyayinevi.com.tr\/index.php\/wp-json\/wp\/v2\/product"}],"about":[{"href":"https:\/\/roveyayinevi.com.tr\/index.php\/wp-json\/wp\/v2\/types\/product"}],"wp:attachment":[{"href":"https:\/\/roveyayinevi.com.tr\/index.php\/wp-json\/wp\/v2\/media?parent=752349"}],"wp:term":[{"taxonomy":"product_brand","embeddable":true,"href":"https:\/\/roveyayinevi.com.tr\/index.php\/wp-json\/wp\/v2\/product_brand?post=752349"},{"taxonomy":"product_cat","embeddable":true,"href":"https:\/\/roveyayinevi.com.tr\/index.php\/wp-json\/wp\/v2\/product_cat?post=752349"},{"taxonomy":"product_tag","embeddable":true,"href":"https:\/\/roveyayinevi.com.tr\/index.php\/wp-json\/wp\/v2\/product_tag?post=752349"}],"curies":[{"name":"wp","href":"https:\/\/api.w.org\/{rel}","templated":true}]}}