{"id":752348,"date":"2025-08-28T05:13:52","date_gmt":"2025-08-28T02:13:52","guid":{"rendered":"https:\/\/roveyayinevi.com.tr\/index.php\/urun\/dark-gerilim-birinci-kitap\/"},"modified":"2026-04-07T03:10:21","modified_gmt":"2026-04-07T00:10:21","slug":"dark-gerilim-birinci-kitap","status":"publish","type":"product","link":"https:\/\/roveyayinevi.com.tr\/index.php\/urun\/dark-gerilim-birinci-kitap\/","title":{"rendered":"Dark Gerilim Birinci Kitap"},"content":{"rendered":"<p>Bu kitaptaki \u00f6yk\u00fclerde, T\u00fcrk mitolojisinin derinliklerinden f\u0131rlay\u0131p Balat\u2019taki ah\u015fap bir evde yiyece\u011fini bekleyen varl\u0131klarla; bir apartman\u0131n var olmayan yedinci kat\u0131ndan ald\u0131\u011f\u0131 davete gidip gitmeme ikilemiyle debelenen gen\u00e7 bir adamla; tek kelime Almanca bilmedi\u011fi halde Alman ordusu saflar\u0131nda 2. D\u00fcnya Sava\u015f\u0131\u2019na kat\u0131ld\u0131\u011f\u0131n\u0131 iddia eden bir gaziyle; gen\u00e7 erkeklere merakl\u0131 g\u00fczel dulun k\u0131skan\u00e7l\u0131k n\u00f6beti ge\u00e7iren robot partnerinin vicdan muhasebesiyle; bilin\u00e7sizce i\u00e7ine s\u00fcr\u00fcklendi\u011fi \u00f6l\u00fcm kal\u0131m sava\u015f\u0131ndan s\u0131yr\u0131lmaya \u00e7al\u0131\u015f\u0131rken \u00e7etrefilli bir satran\u00e7 oyununda oldu\u011funu fark eden bir piyonla; ge\u00e7mi\u015f, \u015fimdi ve gelecek aras\u0131nda s\u0131k\u0131\u015fm\u0131\u015f bir kad\u0131n\u0131n \u0130stanbul bak\u0131\u015fl\u0131 kedisiyle; sonsuz evrende kaplad\u0131\u011f\u0131 toz zerresi kadar yeri fazla \u00f6nemseyen insano\u011flunun bir T Cetveli\u2019nden alaca\u011f\u0131 derslerle; zalim tanr\u0131lar\u0131n h\u00fck\u00fcm s\u00fcrd\u00fc\u011f\u00fc karanl\u0131k \u00e7a\u011flarda Mithra taraf\u0131ndan adak yolcusu olarak se\u00e7ilen bir ke\u015fi\u015fle; altm\u0131\u015f y\u0131ll\u0131k g\u00fcnah\u0131n\u0131n bedelini \u00f6dememek ad\u0131na deh\u015fetle y\u00fczle\u015fmekten ka\u00e7an ihtiyar bir ifritle; kendi ate\u015fini i\u00e7inde ta\u015f\u0131yan bir adam\u0131 sevgiyle kucaklamaya \u00e7al\u0131\u015fan bir kad\u0131nla; Afrika\u2019da kanat vuran bir kelebe\u011fin yaratt\u0131\u011f\u0131 f\u0131rt\u0131naya Esenyurt Mezarl\u0131\u011f\u0131\u2019ndaki g\u00f6revi s\u0131ras\u0131nda yakalanan bir bek\u00e7iyle; insan zihninin ilahi kudreti sayesinde saydaml\u0131ktan kurtulup ete kemi\u011fe b\u00fcr\u00fcnecek masals\u0131 dilberler ve onlar\u0131 d\u00fc\u015fleyenlerle kar\u015f\u0131la\u015facaks\u0131n\u0131z. Kimi \u00f6yk\u00fclerde insanl\u0131\u011f\u0131n en karanl\u0131k y\u00f6nlerine tan\u0131k olacak, kimilerinde kahramanl\u0131\u011f\u0131n erdemleri \u00fczerine kafa yoracak ama her durumda iliklerinize kadar titreyeceksiniz. Derin bir nefes al\u0131n ve okumaya ba\u015flay\u0131n.<\/p>\n","protected":false},"excerpt":{"rendered":"<p>Bu kitaptaki \u00f6yk\u00fclerde, T\u00fcrk mitolojisinin derinliklerinden f\u0131rlay\u0131p Balat\u2019taki ah\u015fap bir evde yiyece\u011fini bekleyen varl\u0131klarla; bir apartman\u0131n var olmayan yedinci kat\u0131ndan ald\u0131\u011f\u0131 davete gidip gitmeme ikilemiyle debelenen<span class=\"excerpt-hellip\"> [\u2026]<\/span><\/p>\n","protected":false},"featured_media":0,"template":"","meta":{"_monsterinsights_skip_tracking":false,"_monsterinsights_sitenote_active":false,"_monsterinsights_sitenote_note":"","_monsterinsights_sitenote_category":0},"product_brand":[],"product_cat":[12291,12711],"product_tag":[],"class_list":{"0":"post-752348","1":"product","2":"type-product","3":"status-publish","5":"product_cat-edebiyat","6":"product_cat-roman-oyku","7":"pa_cilt-ciltsiz","8":"pa_tur-kitap","9":"pa_yayinevi-dark-istanbul-yayinlari","10":"pa_yazar-kolektif","12":"first","13":"instock","14":"sale","15":"shipping-taxable","16":"purchasable","17":"product-type-simple"},"_links":{"self":[{"href":"https:\/\/roveyayinevi.com.tr\/index.php\/wp-json\/wp\/v2\/product\/752348","targetHints":{"allow":["GET"]}}],"collection":[{"href":"https:\/\/roveyayinevi.com.tr\/index.php\/wp-json\/wp\/v2\/product"}],"about":[{"href":"https:\/\/roveyayinevi.com.tr\/index.php\/wp-json\/wp\/v2\/types\/product"}],"wp:attachment":[{"href":"https:\/\/roveyayinevi.com.tr\/index.php\/wp-json\/wp\/v2\/media?parent=752348"}],"wp:term":[{"taxonomy":"product_brand","embeddable":true,"href":"https:\/\/roveyayinevi.com.tr\/index.php\/wp-json\/wp\/v2\/product_brand?post=752348"},{"taxonomy":"product_cat","embeddable":true,"href":"https:\/\/roveyayinevi.com.tr\/index.php\/wp-json\/wp\/v2\/product_cat?post=752348"},{"taxonomy":"product_tag","embeddable":true,"href":"https:\/\/roveyayinevi.com.tr\/index.php\/wp-json\/wp\/v2\/product_tag?post=752348"}],"curies":[{"name":"wp","href":"https:\/\/api.w.org\/{rel}","templated":true}]}}