{"id":752347,"date":"2025-08-28T05:13:50","date_gmt":"2025-08-28T02:13:50","guid":{"rendered":"https:\/\/roveyayinevi.com.tr\/index.php\/urun\/senin-cahilligin-benim-yasamimi-etkiliyor\/"},"modified":"2026-04-16T03:05:38","modified_gmt":"2026-04-16T00:05:38","slug":"senin-cahilligin-benim-yasamimi-etkiliyor","status":"publish","type":"product","link":"https:\/\/roveyayinevi.com.tr\/index.php\/urun\/senin-cahilligin-benim-yasamimi-etkiliyor\/","title":{"rendered":"Senin Cahilli\u011fin Benim Ya\u015fam\u0131m\u0131 Etkiliyor"},"content":{"rendered":"<p>Senin bilgeli\u011fin bizim ya\u015fam\u0131m\u0131z\u0131 etkiliyor. Fikirlerini samimi olarak a\u00e7\u0131klamaktan ka\u00e7\u0131nmayan, genel ge\u00e7er hi\u00e7bir \u015feyi umursamadan kendi do\u011frular\u0131n\u0131 arayan ve s\u00f6yleyen ger\u00e7ek bir fikir insan\u0131 ar\u0131yorsan\u0131z, T\u00fcrkiye\u2019deki ender \u00f6rneklerinden biri Cel\u00e2l \u015eeng\u00f6r\u2019d\u00fcr. Bilimsel ele\u015ftiriye a\u00e7\u0131kl\u0131\u011f\u0131yla, her ne kadar ilk bak\u0131\u015fta bana Heidegger\u2019i an\u0131msatan politik duru\u015fuyla bir \u201cdemokrat\u201d gibi g\u00f6r\u00fcnmese de asl\u0131nda o bir bilgi demokrat\u0131d\u0131r ve ele\u015ftirel d\u00fc\u015f\u00fcncenin \u00f6nemini t\u00fcm T\u00fcrkiye\u2019ye en iyi anlatan ve \u00f6\u011freten ki\u015fidir. Bug\u00fcn elinize ald\u0131\u011f\u0131n\u0131z bu kitap, T\u00fcrkiye\u2019nin yeti\u015ftirdi\u011fi \u00e7ok y\u00f6nl\u00fc ve nadide bir \u00e2limle, bizim Karl Popper\u2019imizle yap\u0131lm\u0131\u015f enfes bir nehir s\u00f6yle\u015fidir. Okuyaca\u011f\u0131n\u0131z sohbet, bir bilim ve bilgi insan\u0131n\u0131n \u00e7ocukluktan itibaren nas\u0131l ad\u0131m ad\u0131m geli\u015fti\u011fini ve nas\u0131l evrildi\u011fini anlatan bir \u00f6zet, bir yolculuk \u00f6yk\u00fcs\u00fcd\u00fcr.  \u015een ve ne\u015feli g\u00f6r\u00fcn\u00fc\u015f\u00fcn\u00fcn arkas\u0131nda b\u00fcy\u00fck bir ciddiyet saklayan, kendisine yap\u0131lan her t\u00fcrl\u00fc ele\u015ftiriyi kucaklarken bilime yap\u0131lan sayg\u0131s\u0131zl\u0131\u011fa b\u00fcy\u00fck \u00f6fke duyan bir bilim insan\u0131 olarak tan\u0131d\u0131\u011f\u0131m Cel\u00e2l \u015eeng\u00f6r\u2019\u00fcn dedi\u011fi gibi, ba\u015fkalar\u0131n\u0131n cehaleti nas\u0131l bizim ya\u015fam\u0131m\u0131z\u0131 etkiliyorsa Cel\u00e2l\u2019in bilgeli\u011fi de bizim ya\u015fam\u0131m\u0131z\u0131 olumlu y\u00f6nde etkilemi\u015ftir ve etkileyemeye devam edecektir. Bu kitap da muhtemelen bu etkinin halkalar\u0131ndan biri olacakt\u0131r. Fatih Altayl\u0131<\/p>\n","protected":false},"excerpt":{"rendered":"<p>Senin bilgeli\u011fin bizim ya\u015fam\u0131m\u0131z\u0131 etkiliyor. Fikirlerini samimi olarak a\u00e7\u0131klamaktan ka\u00e7\u0131nmayan, genel ge\u00e7er hi\u00e7bir \u015feyi umursamadan kendi do\u011frular\u0131n\u0131 arayan ve s\u00f6yleyen ger\u00e7ek bir fikir insan\u0131 ar\u0131yorsan\u0131z, T\u00fcrkiye\u2019deki<span class=\"excerpt-hellip\"> [\u2026]<\/span><\/p>\n","protected":false},"featured_media":0,"template":"","meta":{"_monsterinsights_skip_tracking":false,"_monsterinsights_sitenote_active":false,"_monsterinsights_sitenote_note":"","_monsterinsights_sitenote_category":0},"product_brand":[],"product_cat":[12291,30969],"product_tag":[],"class_list":{"0":"post-752347","1":"product","2":"type-product","3":"status-publish","5":"product_cat-edebiyat","6":"product_cat-soylesi-edebiyat","7":"pa_cilt-ciltsiz","8":"pa_tur-kitap","9":"pa_yayinevi-masa-kitap","10":"pa_yazar-ali-mehmet-celal-sengor","12":"first","13":"instock","14":"sale","15":"shipping-taxable","16":"purchasable","17":"product-type-simple"},"_links":{"self":[{"href":"https:\/\/roveyayinevi.com.tr\/index.php\/wp-json\/wp\/v2\/product\/752347","targetHints":{"allow":["GET"]}}],"collection":[{"href":"https:\/\/roveyayinevi.com.tr\/index.php\/wp-json\/wp\/v2\/product"}],"about":[{"href":"https:\/\/roveyayinevi.com.tr\/index.php\/wp-json\/wp\/v2\/types\/product"}],"wp:attachment":[{"href":"https:\/\/roveyayinevi.com.tr\/index.php\/wp-json\/wp\/v2\/media?parent=752347"}],"wp:term":[{"taxonomy":"product_brand","embeddable":true,"href":"https:\/\/roveyayinevi.com.tr\/index.php\/wp-json\/wp\/v2\/product_brand?post=752347"},{"taxonomy":"product_cat","embeddable":true,"href":"https:\/\/roveyayinevi.com.tr\/index.php\/wp-json\/wp\/v2\/product_cat?post=752347"},{"taxonomy":"product_tag","embeddable":true,"href":"https:\/\/roveyayinevi.com.tr\/index.php\/wp-json\/wp\/v2\/product_tag?post=752347"}],"curies":[{"name":"wp","href":"https:\/\/api.w.org\/{rel}","templated":true}]}}