{"id":752346,"date":"2025-08-28T05:13:49","date_gmt":"2025-08-28T02:13:49","guid":{"rendered":"https:\/\/roveyayinevi.com.tr\/index.php\/urun\/sinemada-anlam-yaratma\/"},"modified":"2026-03-12T03:14:06","modified_gmt":"2026-03-12T00:14:06","slug":"sinemada-anlam-yaratma","status":"publish","type":"product","link":"https:\/\/roveyayinevi.com.tr\/index.php\/urun\/sinemada-anlam-yaratma\/","title":{"rendered":"Sinemada Anlam Yaratma"},"content":{"rendered":"<p>G\u00f6r\u00fcnt\u00fc belirli bir i\u00e7eri\u011fi aktaran bir anlat\u0131m arac\u0131, sineman\u0131n en k\u00fc\u00e7\u00fck anlaml\u0131 birimidir. G\u00f6r\u00fcnt\u00fcn\u00fcn t\u00f6z\u00fc, g\u00f6z\u00fcm\u00fczle g\u00f6rd\u00fc\u011f\u00fcm\u00fcz t\u00fcm nesneler, bi\u00e7imiyse al\u0131c\u0131n\u0131n belli bir a\u00e7\u0131dan g\u00f6sterdi\u011fi nesneler. G\u00f6r\u00fcnt\u00fcdeki nesne ger\u00e7ek d\u00fcnyadakinin t\u0131pat\u0131p benzeri de\u011fil. Kimi kez y\u00f6netmen nesnel ger\u00e7ekli\u011fi \u00e7ok az de\u011fi\u015ftiriyor, ger\u00e7ek d\u00fcnyadaki nesne ile g\u00f6r\u00fcnt\u00fcdeki nesne birbirine \u00e7ok benziyor. Ama bu g\u00f6r\u00fcnt\u00fcn\u00fcn de bir bi\u00e7imi var. \u00c7\u00fcnk\u00fc y\u00f6netmen g\u00f6r\u00fcnt\u00fcdeki nesneleri belli bir a\u00e7\u0131dan, belli bir \u0131\u015f\u0131k alt\u0131nda g\u00f6steriyor. Yani bu g\u00f6r\u00fcnt\u00fc de y\u00f6netmenin bak\u0131\u015f a\u00e7\u0131s\u0131n\u0131 yans\u0131t\u0131yor. G\u00f6r\u00fcnt\u00fcn\u00fcn bi\u00e7imi ile g\u00f6r\u00fcnt\u00fcn\u00fcn fiziksel g\u00f6r\u00fcn\u00fc\u015f\u00fc ayr\u0131 \u015feyler. \u00c7\u00fcnk\u00fc foto\u011fraf b\u00fcy\u00fct\u00fcld\u00fc\u011f\u00fcnde ya da k\u00fc\u00e7\u00fclt\u00fcld\u00fc\u011f\u00fcnde fiziksel g\u00f6r\u00fcn\u00fc\u015f de\u011fi\u015fir, ama bi\u00e7im ayn\u0131 kal\u0131r&#8230;   Sinema ele\u015ftirisine ba\u015fka disiplinler sokmak ya da en az\u0131ndan ba\u015fka disiplinlerle ortak \u00e7al\u0131\u015fma alanlar\u0131 aramak, \u00f6zellikle 1960&#8217;lardan sonra \u00f6nem kazand\u0131. Son y\u0131llarda bu konudaki en belli ba\u015fl\u0131 giri\u015fim, g\u00f6stergebilimle sinema aras\u0131nda kurulmaya \u00e7al\u0131\u015f\u0131lan ortak aland\u0131r. Bu kitab\u0131n her \u015feyden \u00f6nce amac\u0131, derli toplu bir s\u00f6zl\u00fck\u00e7e olu\u015fturmak, belli ba\u015fl\u0131 d\u00fc\u015f\u00fcn\u00fcrlerin kurumlar\u0131n\u0131 doyurucu bi\u00e7imde \u00f6zetlemek gibi temel ve \u00e7ok gerekli erdemleri var. <\/p>\n","protected":false},"excerpt":{"rendered":"<p>G\u00f6r\u00fcnt\u00fc belirli bir i\u00e7eri\u011fi aktaran bir anlat\u0131m arac\u0131, sineman\u0131n en k\u00fc\u00e7\u00fck anlaml\u0131 birimidir. G\u00f6r\u00fcnt\u00fcn\u00fcn t\u00f6z\u00fc, g\u00f6z\u00fcm\u00fczle g\u00f6rd\u00fc\u011f\u00fcm\u00fcz t\u00fcm nesneler, bi\u00e7imiyse al\u0131c\u0131n\u0131n belli bir a\u00e7\u0131dan g\u00f6sterdi\u011fi nesneler.<span class=\"excerpt-hellip\"> [\u2026]<\/span><\/p>\n","protected":false},"featured_media":0,"template":"","meta":{"_monsterinsights_skip_tracking":false,"_monsterinsights_sitenote_active":false,"_monsterinsights_sitenote_note":"","_monsterinsights_sitenote_category":0},"product_brand":[],"product_cat":[12409,12408],"product_tag":[],"class_list":{"0":"post-752346","1":"product","2":"type-product","3":"status-publish","5":"product_cat-fotograf-sinema-tiyatro","6":"product_cat-sanat","7":"pa_cilt-ciltsiz","8":"pa_tur-kitap","9":"pa_yayinevi-hayalperest-yayinlari","10":"pa_yazar-secil-buker","12":"first","13":"instock","14":"sale","15":"shipping-taxable","16":"purchasable","17":"product-type-simple"},"_links":{"self":[{"href":"https:\/\/roveyayinevi.com.tr\/index.php\/wp-json\/wp\/v2\/product\/752346","targetHints":{"allow":["GET"]}}],"collection":[{"href":"https:\/\/roveyayinevi.com.tr\/index.php\/wp-json\/wp\/v2\/product"}],"about":[{"href":"https:\/\/roveyayinevi.com.tr\/index.php\/wp-json\/wp\/v2\/types\/product"}],"wp:attachment":[{"href":"https:\/\/roveyayinevi.com.tr\/index.php\/wp-json\/wp\/v2\/media?parent=752346"}],"wp:term":[{"taxonomy":"product_brand","embeddable":true,"href":"https:\/\/roveyayinevi.com.tr\/index.php\/wp-json\/wp\/v2\/product_brand?post=752346"},{"taxonomy":"product_cat","embeddable":true,"href":"https:\/\/roveyayinevi.com.tr\/index.php\/wp-json\/wp\/v2\/product_cat?post=752346"},{"taxonomy":"product_tag","embeddable":true,"href":"https:\/\/roveyayinevi.com.tr\/index.php\/wp-json\/wp\/v2\/product_tag?post=752346"}],"curies":[{"name":"wp","href":"https:\/\/api.w.org\/{rel}","templated":true}]}}