{"id":752345,"date":"2025-08-28T05:13:48","date_gmt":"2025-08-28T02:13:48","guid":{"rendered":"https:\/\/roveyayinevi.com.tr\/index.php\/urun\/sanatcilarin-yasamlari-yayoi-kusama-ciltli\/"},"modified":"2026-03-12T03:14:06","modified_gmt":"2026-03-12T00:14:06","slug":"sanatcilarin-yasamlari-yayoi-kusama-ciltli","status":"publish","type":"product","link":"https:\/\/roveyayinevi.com.tr\/index.php\/urun\/sanatcilarin-yasamlari-yayoi-kusama-ciltli\/","title":{"rendered":"Sanat\u00e7\u0131lar\u0131n Ya\u015famlar\u0131 &#8211; Yayoi Kusama (Ciltli)"},"content":{"rendered":"<p>Yayoi Kusama d\u00fcnyan\u0131n en \u00fcnl\u00fc ve en gizemli sanat\u00e7\u0131lardan biri. Milyonlarca ki\u015fi onun \u201cInfinity Rooms\u201d (Sonsuzluk Odalar\u0131) \u00e7al\u0131\u015fmas\u0131n\u0131 g\u00f6rd\u00fc ve devasa puantiyeli balkabaklar\u0131yla poz verdi. Hepimiz sanat\u00e7\u0131ya ikonik k\u00fct sa\u00e7lar\u0131ndan, renkli k\u0131yafetlerinden ve puantiye sevdas\u0131ndan a\u015finay\u0131z. Ancak \u00e7ok az\u0131m\u0131z Kusama&#8217;n\u0131n hik\u00e2yesini biliyor. Robert Shore, Kusama&#8217;n\u0131n Japonya&#8217;da ge\u00e7en zor \u00e7ocuklu\u011funu, 1960&#8217;\u0131 y\u0131llar\u0131n New York&#8217;undaki \u00f6zg\u00fcr ruhlu y\u0131llar\u0131n\u0131 ve nihayetinde, h\u00e2l\u00e2 ya\u015famakta olan sanat\u00e7\u0131lar aras\u0131nda sergileri en \u00e7ok ziyaret edilen sanat s\u00fcperstar\u0131 haline gelme s\u00fcrecini inceliyor. Sanat\u0131na devam etmek i\u00e7in zorlu psikolojik sorunlar\u0131n \u00fcstesinden nas\u0131l geldi\u011fini anlatarak adeta ba\u015fka bir diyardan gelen bu ki\u015fili\u011fi yap\u0131s\u00f6k\u00fcme u\u011frat\u0131yor.<\/p>\n","protected":false},"excerpt":{"rendered":"<p>Yayoi Kusama d\u00fcnyan\u0131n en \u00fcnl\u00fc ve en gizemli sanat\u00e7\u0131lardan biri. Milyonlarca ki\u015fi onun \u201cInfinity Rooms\u201d (Sonsuzluk Odalar\u0131) \u00e7al\u0131\u015fmas\u0131n\u0131 g\u00f6rd\u00fc ve devasa puantiyeli balkabaklar\u0131yla poz verdi. Hepimiz<span class=\"excerpt-hellip\"> [\u2026]<\/span><\/p>\n","protected":false},"featured_media":0,"template":"","meta":{"_monsterinsights_skip_tracking":false,"_monsterinsights_sitenote_active":false,"_monsterinsights_sitenote_note":"","_monsterinsights_sitenote_category":0},"product_brand":[],"product_cat":[13548,12408],"product_tag":[],"class_list":{"0":"post-752345","1":"product","2":"type-product","3":"status-publish","5":"product_cat-kuram","6":"product_cat-sanat","7":"pa_cilt-ciltli","8":"pa_tur-kitap","9":"pa_yayinevi-hayalperest-yayinlari","10":"pa_yazar-robert-shore","12":"first","13":"instock","14":"sale","15":"shipping-taxable","16":"purchasable","17":"product-type-simple"},"_links":{"self":[{"href":"https:\/\/roveyayinevi.com.tr\/index.php\/wp-json\/wp\/v2\/product\/752345","targetHints":{"allow":["GET"]}}],"collection":[{"href":"https:\/\/roveyayinevi.com.tr\/index.php\/wp-json\/wp\/v2\/product"}],"about":[{"href":"https:\/\/roveyayinevi.com.tr\/index.php\/wp-json\/wp\/v2\/types\/product"}],"wp:attachment":[{"href":"https:\/\/roveyayinevi.com.tr\/index.php\/wp-json\/wp\/v2\/media?parent=752345"}],"wp:term":[{"taxonomy":"product_brand","embeddable":true,"href":"https:\/\/roveyayinevi.com.tr\/index.php\/wp-json\/wp\/v2\/product_brand?post=752345"},{"taxonomy":"product_cat","embeddable":true,"href":"https:\/\/roveyayinevi.com.tr\/index.php\/wp-json\/wp\/v2\/product_cat?post=752345"},{"taxonomy":"product_tag","embeddable":true,"href":"https:\/\/roveyayinevi.com.tr\/index.php\/wp-json\/wp\/v2\/product_tag?post=752345"}],"curies":[{"name":"wp","href":"https:\/\/api.w.org\/{rel}","templated":true}]}}