{"id":752344,"date":"2025-08-28T05:13:47","date_gmt":"2025-08-28T02:13:47","guid":{"rendered":"https:\/\/roveyayinevi.com.tr\/index.php\/urun\/sanatcilarin-yasamlari-andy-warhol-ciltli\/"},"modified":"2026-03-12T03:14:06","modified_gmt":"2026-03-12T00:14:06","slug":"sanatcilarin-yasamlari-andy-warhol-ciltli","status":"publish","type":"product","link":"https:\/\/roveyayinevi.com.tr\/index.php\/urun\/sanatcilarin-yasamlari-andy-warhol-ciltli\/","title":{"rendered":"Sanat\u00e7\u0131lar\u0131n Ya\u015famlar\u0131 &#8211; Andy Warhol (Ciltli)"},"content":{"rendered":"<p>\u0130konik imgelerin, itinayla kurgulanm\u0131\u015f personalar\u0131n, y\u0131ld\u0131zlarla dolu ortamlar\u0131n, milyon dolarl\u0131k fiyat etiketlerinin ve me\u015fhur vecizelerin aras\u0131nda bir yerlerde ger\u00e7ek Andy Warhol yat\u0131yor. Ama sahiden, kimdi o?   Robert Shore, Warhol\u2019un \u00e7ok katmanl\u0131 ki\u015fili\u011fini ve ya\u015fam\u0131n\u0131 g\u00f6zler \u00f6n\u00fcne seriyor. Sanat d\u00fcnyas\u0131n\u0131n tart\u0131\u015fmas\u0131z en \u00f6nemli ismi olarak Warhol\u2019un bu d\u00fcnyadaki varl\u0131\u011f\u0131n\u0131 inceliyor, etraf\u0131n\u0131 saran ilgin\u00e7 \u00e7evreyi yeniden canland\u0131r\u0131yor ve y\u0131ld\u0131zl\u0131\u011fa giden yolu sanat\u00e7\u0131n\u0131n kariyerinin ilk y\u0131llar\u0131na hatta garip ve s\u0131ra d\u0131\u015f\u0131 gen\u00e7lik ve \u00e7ocukluk d\u00f6nemine kadar izliyor. Warhol&#8217;dan sonra hi\u00e7bir \u015fey eskisi gibi olmayacakt\u0131 \u2012o sanat\u0131 sonsuza dek de\u011fi\u015ftirdi. Peki nas\u0131l? Warhol\u2019un ola\u011fan\u00fcst\u00fc hik\u00e2yesiyle bunu ke\u015ffedin. <\/p>\n","protected":false},"excerpt":{"rendered":"<p>\u0130konik imgelerin, itinayla kurgulanm\u0131\u015f personalar\u0131n, y\u0131ld\u0131zlarla dolu ortamlar\u0131n, milyon dolarl\u0131k fiyat etiketlerinin ve me\u015fhur vecizelerin aras\u0131nda bir yerlerde ger\u00e7ek Andy Warhol yat\u0131yor. Ama sahiden, kimdi o?<span class=\"excerpt-hellip\"> [\u2026]<\/span><\/p>\n","protected":false},"featured_media":0,"template":"","meta":{"_monsterinsights_skip_tracking":false,"_monsterinsights_sitenote_active":false,"_monsterinsights_sitenote_note":"","_monsterinsights_sitenote_category":0},"product_brand":[],"product_cat":[13548,12408],"product_tag":[],"class_list":{"0":"post-752344","1":"product","2":"type-product","3":"status-publish","5":"product_cat-kuram","6":"product_cat-sanat","7":"pa_cilt-ciltli","8":"pa_tur-kitap","9":"pa_yayinevi-hayalperest-yayinlari","10":"pa_yazar-robert-shore","12":"first","13":"instock","14":"sale","15":"shipping-taxable","16":"purchasable","17":"product-type-simple"},"_links":{"self":[{"href":"https:\/\/roveyayinevi.com.tr\/index.php\/wp-json\/wp\/v2\/product\/752344","targetHints":{"allow":["GET"]}}],"collection":[{"href":"https:\/\/roveyayinevi.com.tr\/index.php\/wp-json\/wp\/v2\/product"}],"about":[{"href":"https:\/\/roveyayinevi.com.tr\/index.php\/wp-json\/wp\/v2\/types\/product"}],"wp:attachment":[{"href":"https:\/\/roveyayinevi.com.tr\/index.php\/wp-json\/wp\/v2\/media?parent=752344"}],"wp:term":[{"taxonomy":"product_brand","embeddable":true,"href":"https:\/\/roveyayinevi.com.tr\/index.php\/wp-json\/wp\/v2\/product_brand?post=752344"},{"taxonomy":"product_cat","embeddable":true,"href":"https:\/\/roveyayinevi.com.tr\/index.php\/wp-json\/wp\/v2\/product_cat?post=752344"},{"taxonomy":"product_tag","embeddable":true,"href":"https:\/\/roveyayinevi.com.tr\/index.php\/wp-json\/wp\/v2\/product_tag?post=752344"}],"curies":[{"name":"wp","href":"https:\/\/api.w.org\/{rel}","templated":true}]}}