{"id":752343,"date":"2025-08-28T05:13:47","date_gmt":"2025-08-28T02:13:47","guid":{"rendered":"https:\/\/roveyayinevi.com.tr\/index.php\/urun\/sanatcilarin-yasamlari-artemisia-gentileschi-ciltli\/"},"modified":"2026-03-12T03:14:06","modified_gmt":"2026-03-12T00:14:06","slug":"sanatcilarin-yasamlari-artemisia-gentileschi-ciltli","status":"publish","type":"product","link":"https:\/\/roveyayinevi.com.tr\/index.php\/urun\/sanatcilarin-yasamlari-artemisia-gentileschi-ciltli\/","title":{"rendered":"Sanat\u00e7\u0131lar\u0131n Ya\u015famlar\u0131 &#8211; Artemisia Gentileschi (Ciltli)"},"content":{"rendered":"<p>Artemisia Gentileschi, Barok \u00e7a\u011f\u0131n en b\u00fcy\u00fck kad\u0131n sanat\u00e7\u0131s\u0131 ve Caravaggio\u2019nun en parlak takip\u00e7ilerinden biriydi. Gen\u00e7li\u011finde ustas\u0131 taraf\u0131ndan tecav\u00fcze u\u011framas\u0131n\u0131n ard\u0131ndan yedi ay s\u00fcren bir duru\u015fmada yetkili makamlar\u0131n ac\u0131mas\u0131z s\u0131namalar\u0131na katlanmak zorunda kald\u0131. Onurlu bir ya\u015fam\u0131n her \u015feyin \u00fcst\u00fcnde tutuldu\u011fu bir toplumda bu utanca mahk\u00fbm edildi. Yine de on yedinci y\u00fczy\u0131l\u0131n en \u00e7ok ra\u011fbet g\u00f6ren sanat\u00e7\u0131lar\u0131 aras\u0131nda yerini ald\u0131. G\u00fc\u00e7l\u00fc ki\u015fisel vizyonunu sanat\u0131na aktarmay\u0131 ba\u015faran Artemisia, t\u0131pk\u0131 Frida Kahlo, Louise Bourgeois ya da Tracey Emin gibi ya\u015fam\u0131n\u0131 sanat\u0131n\u0131n bir par\u00e7as\u0131 k\u0131ld\u0131. <\/p>\n","protected":false},"excerpt":{"rendered":"<p>Artemisia Gentileschi, Barok \u00e7a\u011f\u0131n en b\u00fcy\u00fck kad\u0131n sanat\u00e7\u0131s\u0131 ve Caravaggio\u2019nun en parlak takip\u00e7ilerinden biriydi. Gen\u00e7li\u011finde ustas\u0131 taraf\u0131ndan tecav\u00fcze u\u011framas\u0131n\u0131n ard\u0131ndan yedi ay s\u00fcren bir duru\u015fmada yetkili<span class=\"excerpt-hellip\"> [\u2026]<\/span><\/p>\n","protected":false},"featured_media":0,"template":"","meta":{"_monsterinsights_skip_tracking":false,"_monsterinsights_sitenote_active":false,"_monsterinsights_sitenote_note":"","_monsterinsights_sitenote_category":0},"product_brand":[],"product_cat":[13548,12408],"product_tag":[],"class_list":{"0":"post-752343","1":"product","2":"type-product","3":"status-publish","5":"product_cat-kuram","6":"product_cat-sanat","7":"pa_cilt-ciltli","8":"pa_tur-kitap","9":"pa_yayinevi-hayalperest-yayinlari","10":"pa_yazar-jonathan-jones","12":"first","13":"instock","14":"sale","15":"shipping-taxable","16":"purchasable","17":"product-type-simple"},"_links":{"self":[{"href":"https:\/\/roveyayinevi.com.tr\/index.php\/wp-json\/wp\/v2\/product\/752343","targetHints":{"allow":["GET"]}}],"collection":[{"href":"https:\/\/roveyayinevi.com.tr\/index.php\/wp-json\/wp\/v2\/product"}],"about":[{"href":"https:\/\/roveyayinevi.com.tr\/index.php\/wp-json\/wp\/v2\/types\/product"}],"wp:attachment":[{"href":"https:\/\/roveyayinevi.com.tr\/index.php\/wp-json\/wp\/v2\/media?parent=752343"}],"wp:term":[{"taxonomy":"product_brand","embeddable":true,"href":"https:\/\/roveyayinevi.com.tr\/index.php\/wp-json\/wp\/v2\/product_brand?post=752343"},{"taxonomy":"product_cat","embeddable":true,"href":"https:\/\/roveyayinevi.com.tr\/index.php\/wp-json\/wp\/v2\/product_cat?post=752343"},{"taxonomy":"product_tag","embeddable":true,"href":"https:\/\/roveyayinevi.com.tr\/index.php\/wp-json\/wp\/v2\/product_tag?post=752343"}],"curies":[{"name":"wp","href":"https:\/\/api.w.org\/{rel}","templated":true}]}}