{"id":752342,"date":"2025-08-28T05:13:46","date_gmt":"2025-08-28T02:13:46","guid":{"rendered":"https:\/\/roveyayinevi.com.tr\/index.php\/urun\/sanatcilarin-yasamlari-frida-kahlo-ciltli\/"},"modified":"2026-03-12T03:14:06","modified_gmt":"2026-03-12T00:14:06","slug":"sanatcilarin-yasamlari-frida-kahlo-ciltli","status":"publish","type":"product","link":"https:\/\/roveyayinevi.com.tr\/index.php\/urun\/sanatcilarin-yasamlari-frida-kahlo-ciltli\/","title":{"rendered":"Sanat\u00e7\u0131lar\u0131n Ya\u015famlar\u0131 &#8211; Frida Kahlo (Ciltli)"},"content":{"rendered":"<p>Fridamanya sayesinde Frida Kahlo\u2019nun imgesi art\u0131k her yerdedir. Bug\u00fcne dek Cad\u0131lar Bayram\u0131 kost\u00fcm\u00fc, Barbie bebek, \u00e7ocuk kitab\u0131 kahraman\u0131, tekstil bask\u0131s\u0131, telefon k\u0131l\u0131f\u0131 ve kokteyllerden moda \u00e7ekimlerine kadar hemen her \u015feye ilham kayna\u011f\u0131 olarak yeniden do\u011fmu\u015ftur o. Fakat bu cesur ve zeki, a\u011fz\u0131 bozuk, i\u00e7kici, sigara tiryakisi, koca-\u00e7alan, ara s\u0131ra biseks\u00fcel, genellikle yata\u011fa mahk\u00fbm, alt\u0131n di\u015fli, tekerlekli sandalyeli, muhta\u00e7, dobra ve tutkulu bir bi\u00e7imde \u00e7eli\u015fkili olan kad\u0131n\u0131n ger\u00e7ekte nas\u0131l birisi oldu\u011funu anlamak zordur. Hettie Judah, son y\u00fcz y\u0131l\u0131n en karizmatik sanat\u00e7\u0131lar\u0131ndan birisinin bu \u015fahane biyografisiyle bu zorlu\u011fu a\u015fmay\u0131 ama\u00e7lam\u0131\u015ft\u0131r. <\/p>\n","protected":false},"excerpt":{"rendered":"<p>Fridamanya sayesinde Frida Kahlo\u2019nun imgesi art\u0131k her yerdedir. Bug\u00fcne dek Cad\u0131lar Bayram\u0131 kost\u00fcm\u00fc, Barbie bebek, \u00e7ocuk kitab\u0131 kahraman\u0131, tekstil bask\u0131s\u0131, telefon k\u0131l\u0131f\u0131 ve kokteyllerden moda \u00e7ekimlerine<span class=\"excerpt-hellip\"> [\u2026]<\/span><\/p>\n","protected":false},"featured_media":0,"template":"","meta":{"_monsterinsights_skip_tracking":false,"_monsterinsights_sitenote_active":false,"_monsterinsights_sitenote_note":"","_monsterinsights_sitenote_category":0},"product_brand":[],"product_cat":[13548,12408],"product_tag":[],"class_list":{"0":"post-752342","1":"product","2":"type-product","3":"status-publish","5":"product_cat-kuram","6":"product_cat-sanat","7":"pa_cilt-ciltli","8":"pa_tur-kitap","9":"pa_yayinevi-hayalperest-yayinlari","10":"pa_yazar-hettie-judah","12":"first","13":"instock","14":"sale","15":"shipping-taxable","16":"purchasable","17":"product-type-simple"},"_links":{"self":[{"href":"https:\/\/roveyayinevi.com.tr\/index.php\/wp-json\/wp\/v2\/product\/752342","targetHints":{"allow":["GET"]}}],"collection":[{"href":"https:\/\/roveyayinevi.com.tr\/index.php\/wp-json\/wp\/v2\/product"}],"about":[{"href":"https:\/\/roveyayinevi.com.tr\/index.php\/wp-json\/wp\/v2\/types\/product"}],"wp:attachment":[{"href":"https:\/\/roveyayinevi.com.tr\/index.php\/wp-json\/wp\/v2\/media?parent=752342"}],"wp:term":[{"taxonomy":"product_brand","embeddable":true,"href":"https:\/\/roveyayinevi.com.tr\/index.php\/wp-json\/wp\/v2\/product_brand?post=752342"},{"taxonomy":"product_cat","embeddable":true,"href":"https:\/\/roveyayinevi.com.tr\/index.php\/wp-json\/wp\/v2\/product_cat?post=752342"},{"taxonomy":"product_tag","embeddable":true,"href":"https:\/\/roveyayinevi.com.tr\/index.php\/wp-json\/wp\/v2\/product_tag?post=752342"}],"curies":[{"name":"wp","href":"https:\/\/api.w.org\/{rel}","templated":true}]}}