{"id":752341,"date":"2025-08-28T05:13:45","date_gmt":"2025-08-28T02:13:45","guid":{"rendered":"https:\/\/roveyayinevi.com.tr\/index.php\/urun\/sanatcilarin-yasamlari-keith-haring-ciltli\/"},"modified":"2026-03-12T03:14:06","modified_gmt":"2026-03-12T00:14:06","slug":"sanatcilarin-yasamlari-keith-haring-ciltli","status":"publish","type":"product","link":"https:\/\/roveyayinevi.com.tr\/index.php\/urun\/sanatcilarin-yasamlari-keith-haring-ciltli\/","title":{"rendered":"Sanat\u00e7\u0131lar\u0131n Ya\u015famlar\u0131 &#8211; Keith Haring (Ciltli)"},"content":{"rendered":"<p>Devrimci ve muhalif&#8230; Tutkular\u0131 onu d\u00f6neminin en ilgin\u00e7 insanlar\u0131n\u0131n y\u00f6r\u00fcngesine iterken Keith Haring, 1980&#8217;li y\u0131llarda hip-hop, grafiti ve gey k\u00fclt\u00fcr\u00fcyle e\u015fanlaml\u0131 hale gelen, an\u0131nda tan\u0131nan bir semboller da\u011farc\u0131\u011f\u0131 yaratan halk\u00e7\u0131 bir sanat\u00e7\u0131 haline geldi. 25 ya\u015f\u0131nda \u00fcnl\u00fc olan, 31 ya\u015f\u0131nda AIDS&#8217;ten \u00f6len Haring, \u00e7ocuk \u00e7etesine ak\u0131l hocal\u0131\u011f\u0131 yap\u0131p, onlar\u0131 f\u0131r\u00e7alarla silahland\u0131r\u0131p hep birlikte en yak\u0131ndaki duvara sald\u0131r\u0131rken en mutlu anlar\u0131n\u0131 ya\u015fayan al\u00e7akg\u00f6n\u00fcll\u00fc bir ileti\u015fimci olarak hat\u0131rlan\u0131yor. Haring&#8217;in kariyerinin d\u00fcnyay\u0131 kas\u0131p kavuran h\u0131zl\u0131 y\u00fckseli\u015fine birinci elden tan\u0131k olan bu e\u011flenceli biyografide Simon Doonan, 1980&#8217;li y\u0131llar\u0131n New York&#8217;unun de\u011fi\u015fen k\u00fclt\u00fcr\u00fcn\u00fc heyecan verici bir \u015fekilde g\u00f6zler \u00f6n\u00fcne seriyor. <\/p>\n","protected":false},"excerpt":{"rendered":"<p>Devrimci ve muhalif&#8230; Tutkular\u0131 onu d\u00f6neminin en ilgin\u00e7 insanlar\u0131n\u0131n y\u00f6r\u00fcngesine iterken Keith Haring, 1980&#8217;li y\u0131llarda hip-hop, grafiti ve gey k\u00fclt\u00fcr\u00fcyle e\u015fanlaml\u0131 hale gelen, an\u0131nda tan\u0131nan bir<span class=\"excerpt-hellip\"> [\u2026]<\/span><\/p>\n","protected":false},"featured_media":0,"template":"","meta":{"_monsterinsights_skip_tracking":false,"_monsterinsights_sitenote_active":false,"_monsterinsights_sitenote_note":"","_monsterinsights_sitenote_category":0},"product_brand":[],"product_cat":[13548,12408],"product_tag":[],"class_list":{"0":"post-752341","1":"product","2":"type-product","3":"status-publish","5":"product_cat-kuram","6":"product_cat-sanat","7":"pa_cilt-ciltli","8":"pa_tur-kitap","9":"pa_yayinevi-hayalperest-yayinlari","10":"pa_yazar-simon-doonan","12":"first","13":"instock","14":"sale","15":"shipping-taxable","16":"purchasable","17":"product-type-simple"},"_links":{"self":[{"href":"https:\/\/roveyayinevi.com.tr\/index.php\/wp-json\/wp\/v2\/product\/752341","targetHints":{"allow":["GET"]}}],"collection":[{"href":"https:\/\/roveyayinevi.com.tr\/index.php\/wp-json\/wp\/v2\/product"}],"about":[{"href":"https:\/\/roveyayinevi.com.tr\/index.php\/wp-json\/wp\/v2\/types\/product"}],"wp:attachment":[{"href":"https:\/\/roveyayinevi.com.tr\/index.php\/wp-json\/wp\/v2\/media?parent=752341"}],"wp:term":[{"taxonomy":"product_brand","embeddable":true,"href":"https:\/\/roveyayinevi.com.tr\/index.php\/wp-json\/wp\/v2\/product_brand?post=752341"},{"taxonomy":"product_cat","embeddable":true,"href":"https:\/\/roveyayinevi.com.tr\/index.php\/wp-json\/wp\/v2\/product_cat?post=752341"},{"taxonomy":"product_tag","embeddable":true,"href":"https:\/\/roveyayinevi.com.tr\/index.php\/wp-json\/wp\/v2\/product_tag?post=752341"}],"curies":[{"name":"wp","href":"https:\/\/api.w.org\/{rel}","templated":true}]}}