{"id":752340,"date":"2025-08-28T05:13:44","date_gmt":"2025-08-28T02:13:44","guid":{"rendered":"https:\/\/roveyayinevi.com.tr\/index.php\/urun\/sanatcilarin-yasamlari-david-hockney-ciltli\/"},"modified":"2026-03-12T03:14:06","modified_gmt":"2026-03-12T00:14:06","slug":"sanatcilarin-yasamlari-david-hockney-ciltli","status":"publish","type":"product","link":"https:\/\/roveyayinevi.com.tr\/index.php\/urun\/sanatcilarin-yasamlari-david-hockney-ciltli\/","title":{"rendered":"Sanat\u00e7\u0131lar\u0131n Ya\u015famlar\u0131 &#8211; David Hockney (Ciltli)"},"content":{"rendered":"<p>David Hockney, g\u00fcn\u00fcm\u00fczde h\u00e2l\u00e2 hayatta ve \u015fimdiye kadar tan\u0131nm\u0131\u015f en \u00fcnl\u00fc \u0130ngiliz sanat\u00e7\u0131! Yetmi\u015f y\u0131l\u0131 a\u015fk\u0131n s\u00fcredir devasa \u00f6l\u00e7eklerde ve farkl\u0131 konular \u00e7er\u00e7evesinde ba\u015fyap\u0131tlar \u00fcretiyor. 1960\u2019l\u0131 y\u0131llarda Amerika k\u0131tas\u0131na ayak basmas\u0131yla birlikte Los Angeles&#8217;a bamba\u015fka bir yerden bakarak sanat d\u00fcnyas\u0131nda \u00e7\u0131\u011f\u0131r a\u00e7t\u0131. Yirmi birinci y\u00fczy\u0131l\u0131n ilk y\u0131llar\u0131nda ise memleketini resmetti\u011fi Yorkshire manzaralar\u0131yla hepimizi b\u00fcy\u00fcledi. Bu g\u00fcncel biyografide James Cahill, Hockney&#8217;nin ki\u015fisel ya\u015fam\u0131n\u0131n ve ola\u011fan\u00fcst\u00fc sanatsal yolculu\u011funun izini s\u00fcrerek Hockney\u2019nin dostluklar\u0131n\u0131n, a\u015fklar\u0131n\u0131n ve kay\u0131plar\u0131n\u0131n pe\u015finden bizi de s\u00fcr\u00fckl\u00fcyor, sanat\u00e7\u0131n\u0131n yeni teknik ve teknolojilere \u00f6nc\u00fc bir \u015fekilde nas\u0131l kucak a\u00e7t\u0131\u011f\u0131n\u0131 bizler i\u00e7in anlat\u0131yor. <\/p>\n","protected":false},"excerpt":{"rendered":"<p>David Hockney, g\u00fcn\u00fcm\u00fczde h\u00e2l\u00e2 hayatta ve \u015fimdiye kadar tan\u0131nm\u0131\u015f en \u00fcnl\u00fc \u0130ngiliz sanat\u00e7\u0131! Yetmi\u015f y\u0131l\u0131 a\u015fk\u0131n s\u00fcredir devasa \u00f6l\u00e7eklerde ve farkl\u0131 konular \u00e7er\u00e7evesinde ba\u015fyap\u0131tlar \u00fcretiyor. 1960\u2019l\u0131<span class=\"excerpt-hellip\"> [\u2026]<\/span><\/p>\n","protected":false},"featured_media":0,"template":"","meta":{"_monsterinsights_skip_tracking":false,"_monsterinsights_sitenote_active":false,"_monsterinsights_sitenote_note":"","_monsterinsights_sitenote_category":0},"product_brand":[],"product_cat":[13548,12408],"product_tag":[],"class_list":{"0":"post-752340","1":"product","2":"type-product","3":"status-publish","5":"product_cat-kuram","6":"product_cat-sanat","7":"pa_cilt-ciltli","8":"pa_tur-kitap","9":"pa_yayinevi-hayalperest-yayinlari","10":"pa_yazar-james-cahill","12":"first","13":"instock","14":"sale","15":"shipping-taxable","16":"purchasable","17":"product-type-simple"},"_links":{"self":[{"href":"https:\/\/roveyayinevi.com.tr\/index.php\/wp-json\/wp\/v2\/product\/752340","targetHints":{"allow":["GET"]}}],"collection":[{"href":"https:\/\/roveyayinevi.com.tr\/index.php\/wp-json\/wp\/v2\/product"}],"about":[{"href":"https:\/\/roveyayinevi.com.tr\/index.php\/wp-json\/wp\/v2\/types\/product"}],"wp:attachment":[{"href":"https:\/\/roveyayinevi.com.tr\/index.php\/wp-json\/wp\/v2\/media?parent=752340"}],"wp:term":[{"taxonomy":"product_brand","embeddable":true,"href":"https:\/\/roveyayinevi.com.tr\/index.php\/wp-json\/wp\/v2\/product_brand?post=752340"},{"taxonomy":"product_cat","embeddable":true,"href":"https:\/\/roveyayinevi.com.tr\/index.php\/wp-json\/wp\/v2\/product_cat?post=752340"},{"taxonomy":"product_tag","embeddable":true,"href":"https:\/\/roveyayinevi.com.tr\/index.php\/wp-json\/wp\/v2\/product_tag?post=752340"}],"curies":[{"name":"wp","href":"https:\/\/api.w.org\/{rel}","templated":true}]}}