{"id":752335,"date":"2025-08-28T05:13:36","date_gmt":"2025-08-28T02:13:36","guid":{"rendered":"https:\/\/roveyayinevi.com.tr\/index.php\/urun\/uyanis-simdi-ve-sonsuzluga-dogru\/"},"modified":"2026-04-16T03:05:38","modified_gmt":"2026-04-16T00:05:38","slug":"uyanis-simdi-ve-sonsuzluga-dogru","status":"publish","type":"product","link":"https:\/\/roveyayinevi.com.tr\/index.php\/urun\/uyanis-simdi-ve-sonsuzluga-dogru\/","title":{"rendered":"Uyan\u0131\u015f: \u015eimdi ve Sonsuzlu\u011fa Do\u011fru"},"content":{"rendered":"<p>Zihnimin kurgular\u0131yla ger\u00e7ek olana, ruhumun bilgeli\u011fine ve saf sevgiye uyanmaya niyet ediyorum. Nefes ald\u0131\u011f\u0131m her an a\u015fk\u0131, sevgiyi, bollu\u011fu ve bereketi, derin bir fark\u0131ndal\u0131kla deneyimlemeye yola \u00e7\u0131kt\u0131m.  \u015eimdi ve sonsuzlu\u011fa do\u011fru&#8230; Zihin d\u00fc\u015f\u00fcnd\u00fc\u011f\u00fc \u015feye inanmaya ba\u015flad\u0131\u011f\u0131nda olana bir anlam kazand\u0131rmaya ba\u015flar. Bir ger\u00e7ek vard\u0131r bir de zihnin yorumu. \u0130kisini bir etti\u011finde b\u00f6l\u00fcnme kalmaz. \u0130\u015fte o zaman saf ak\u0131\u015fta, ilahi sevgide bir ve b\u00fct\u00fcn olursun. Yaln\u0131zl\u0131k son bulur, hayat\u0131n ne\u015fesi ve mucizeleriyle kendi hayat\u0131n\u0131n ustas\u0131 olursun.  Bu kitapta bu ustal\u0131\u011f\u0131n yollar\u0131n\u0131 \u00f6\u011freneceksin. K\u0131s\u0131rd\u00f6ng\u00fclerden \u00f6zg\u00fcrle\u015fecek, deneyimlerini kutlamaya d\u00f6n\u00fc\u015ft\u00fcreceksin.  Korkular\u0131ndan uyanacak, ko\u015fulsuz sevgi i\u00e7inde kendin i\u00e7in ya\u015famaya ba\u015flayacaks\u0131n. Kendin i\u00e7in ya\u015fa, oda\u011f\u0131nda kal.  Bu kitapta kendi hik\u00e2yeni yeniden yazmak, inan\u00e7 kodlar\u0131n\u0131 d\u00f6n\u00fc\u015ft\u00fcrmek, korku frekanslar\u0131ndan \u00f6zg\u00fcrle\u015fmek, \u00e7akra noktalar\u0131n\u0131n enerjilerini dengelemek i\u00e7in uygulamalar bulacaks\u0131n.  Kokular, rit\u00fceller, aromatik ya\u011flar, yeniaylar, dolunaylar, bolluk bereket, ruh e\u015fini \u00e7a\u011f\u0131rma yollar\u0131n\u0131 \u00f6\u011frenecek, k\u00f6k frekans\u0131n\u0131n anahtar\u0131n\u0131 eline alacaks\u0131n. His y\u00fcklemeleriyle yepyeni bir Sen\u2019e haz\u0131rs\u0131n.   <\/p>\n","protected":false},"excerpt":{"rendered":"<p>Zihnimin kurgular\u0131yla ger\u00e7ek olana, ruhumun bilgeli\u011fine ve saf sevgiye uyanmaya niyet ediyorum. Nefes ald\u0131\u011f\u0131m her an a\u015fk\u0131, sevgiyi, bollu\u011fu ve bereketi, derin bir fark\u0131ndal\u0131kla deneyimlemeye yola<span class=\"excerpt-hellip\"> [\u2026]<\/span><\/p>\n","protected":false},"featured_media":0,"template":"","meta":{"_monsterinsights_skip_tracking":false,"_monsterinsights_sitenote_active":false,"_monsterinsights_sitenote_note":"","_monsterinsights_sitenote_category":0},"product_brand":[],"product_cat":[12364,12376],"product_tag":[],"class_list":{"0":"post-752335","1":"product","2":"type-product","3":"status-publish","5":"product_cat-genel-konular","6":"product_cat-kisisel-gelisim","7":"pa_cilt-ciltsiz","8":"pa_tur-kitap","9":"pa_yayinevi-dogan-novus","10":"pa_yazar-can-perimcek","12":"first","13":"instock","14":"sale","15":"shipping-taxable","16":"purchasable","17":"product-type-simple"},"_links":{"self":[{"href":"https:\/\/roveyayinevi.com.tr\/index.php\/wp-json\/wp\/v2\/product\/752335","targetHints":{"allow":["GET"]}}],"collection":[{"href":"https:\/\/roveyayinevi.com.tr\/index.php\/wp-json\/wp\/v2\/product"}],"about":[{"href":"https:\/\/roveyayinevi.com.tr\/index.php\/wp-json\/wp\/v2\/types\/product"}],"wp:attachment":[{"href":"https:\/\/roveyayinevi.com.tr\/index.php\/wp-json\/wp\/v2\/media?parent=752335"}],"wp:term":[{"taxonomy":"product_brand","embeddable":true,"href":"https:\/\/roveyayinevi.com.tr\/index.php\/wp-json\/wp\/v2\/product_brand?post=752335"},{"taxonomy":"product_cat","embeddable":true,"href":"https:\/\/roveyayinevi.com.tr\/index.php\/wp-json\/wp\/v2\/product_cat?post=752335"},{"taxonomy":"product_tag","embeddable":true,"href":"https:\/\/roveyayinevi.com.tr\/index.php\/wp-json\/wp\/v2\/product_tag?post=752335"}],"curies":[{"name":"wp","href":"https:\/\/api.w.org\/{rel}","templated":true}]}}