{"id":752332,"date":"2025-08-28T05:13:30","date_gmt":"2025-08-28T02:13:30","guid":{"rendered":"https:\/\/roveyayinevi.com.tr\/index.php\/urun\/aglamayan-cocuk\/"},"modified":"2026-04-16T03:05:38","modified_gmt":"2026-04-16T00:05:38","slug":"aglamayan-cocuk","status":"publish","type":"product","link":"https:\/\/roveyayinevi.com.tr\/index.php\/urun\/aglamayan-cocuk\/","title":{"rendered":"A\u011flamayan \u00c7ocuk"},"content":{"rendered":"<p>Ba\u015flar\u0131na gelen fel\u00e2ketler sonucu \u00e7ocuk esirgeme yurduna yerle\u015ftirilen on be\u015f \u00e7ocuk.   Onlar\u0131 topluma \u00f6rnek bireyler olarak yeti\u015ftirmeye \u00e7al\u0131\u015fan yurt m\u00fcdiresi \u015eefika G\u00fcltepe.   Asl\u0131nda bu yurt, Psikiyatri Profes\u00f6r\u00fc \u015eefika G\u00fcltepe\u2019nin \u201c\u00d6zel \u00c7ocuklara \u00d6zel Yuva\u201d isimli bilimsel projesidir. Bu yurtta yeti\u015fen s\u0131ra d\u0131\u015f\u0131 bir \u00e7ocuk, Mik\u00e2il. Do\u011fa\u00fcst\u00fc g\u00fc\u00e7lere sahip olan Mik\u00e2il\u2019in s\u0131rlarla dolu hayat hik\u00e2yesi ve kendisiyle ilgili ger\u00e7ekleri \u00f6\u011frenme aray\u0131\u015f\u0131. T\u00fcm s\u0131rlar g\u00fcn y\u00fcz\u00fcne \u00e7\u0131kt\u0131\u011f\u0131nda, ya\u015fama amac\u0131 tamam\u0131yla de\u011fi\u015fecek.   \u201c\u0130nsanlar de\u011fi\u015fmeden d\u00fcnya de\u011fi\u015fmeyecek.\u201d<\/p>\n","protected":false},"excerpt":{"rendered":"<p>Ba\u015flar\u0131na gelen fel\u00e2ketler sonucu \u00e7ocuk esirgeme yurduna yerle\u015ftirilen on be\u015f \u00e7ocuk. Onlar\u0131 topluma \u00f6rnek bireyler olarak yeti\u015ftirmeye \u00e7al\u0131\u015fan yurt m\u00fcdiresi \u015eefika G\u00fcltepe. Asl\u0131nda bu yurt, Psikiyatri<span class=\"excerpt-hellip\"> [\u2026]<\/span><\/p>\n","protected":false},"featured_media":0,"template":"","meta":{"_monsterinsights_skip_tracking":false,"_monsterinsights_sitenote_active":false,"_monsterinsights_sitenote_note":"","_monsterinsights_sitenote_category":0},"product_brand":[],"product_cat":[12291,18202],"product_tag":[],"class_list":{"0":"post-752332","1":"product","2":"type-product","3":"status-publish","5":"product_cat-edebiyat","6":"product_cat-hikaye","7":"pa_cilt-ciltsiz","8":"pa_tur-kitap","9":"pa_yayinevi-otis-yayinlari","10":"pa_yazar-eray-tas","12":"first","13":"instock","14":"sale","15":"shipping-taxable","16":"purchasable","17":"product-type-simple"},"_links":{"self":[{"href":"https:\/\/roveyayinevi.com.tr\/index.php\/wp-json\/wp\/v2\/product\/752332","targetHints":{"allow":["GET"]}}],"collection":[{"href":"https:\/\/roveyayinevi.com.tr\/index.php\/wp-json\/wp\/v2\/product"}],"about":[{"href":"https:\/\/roveyayinevi.com.tr\/index.php\/wp-json\/wp\/v2\/types\/product"}],"wp:attachment":[{"href":"https:\/\/roveyayinevi.com.tr\/index.php\/wp-json\/wp\/v2\/media?parent=752332"}],"wp:term":[{"taxonomy":"product_brand","embeddable":true,"href":"https:\/\/roveyayinevi.com.tr\/index.php\/wp-json\/wp\/v2\/product_brand?post=752332"},{"taxonomy":"product_cat","embeddable":true,"href":"https:\/\/roveyayinevi.com.tr\/index.php\/wp-json\/wp\/v2\/product_cat?post=752332"},{"taxonomy":"product_tag","embeddable":true,"href":"https:\/\/roveyayinevi.com.tr\/index.php\/wp-json\/wp\/v2\/product_tag?post=752332"}],"curies":[{"name":"wp","href":"https:\/\/api.w.org\/{rel}","templated":true}]}}