{"id":752327,"date":"2025-08-28T05:13:24","date_gmt":"2025-08-28T02:13:24","guid":{"rendered":"https:\/\/roveyayinevi.com.tr\/index.php\/urun\/sogut-turk-edebiyati-dergisi-sayi-21-mart-nisan-2023\/"},"modified":"2026-04-16T03:05:38","modified_gmt":"2026-04-16T00:05:38","slug":"sogut-turk-edebiyati-dergisi-sayi-21-mart-nisan-2023","status":"publish","type":"product","link":"https:\/\/roveyayinevi.com.tr\/index.php\/urun\/sogut-turk-edebiyati-dergisi-sayi-21-mart-nisan-2023\/","title":{"rendered":"S\u00f6\u011f\u00fct &#8211; T\u00fcrk Edebiyat\u0131 Dergisi Say\u0131 21 \/ Mart &#8211; Nisan 2023"},"content":{"rendered":"<p>PROF. DR. YAVUZ AKPINAR \u0130LE \u015eEHR\u0130Y\u00c2R&#8217;IN I\u015eI\u011eINDA S\u00d6YLE\u015e\u0130 \/CENG\u0130ZHAN ORAK\u00c7IDR. YUSUF GED\u0130KL\u0130 \u0130LE\u015eEHR\u0130Y\u00c2R \u00dcZER\u0130NE \/CENG\u0130ZHAN ORAK\u00c7I\u015eEHR\u0130Y\u00c2R&#8217;IN\u015e\u0130\u0130R D\u00dcNYASINA G\u0130RMEK \/PROF. DR. N\u00c2MIK A\u00c7IKG\u00d6ZHEYDER BABA&#8217;YA SELAM NEDEN BU KADAR SEV\u0130L\u0130P TUTULDU? \/DR. YUSUF GED\u0130KL\u0130\u015eEHR\u0130Y\u00c2R&#8217;LA TANI\u015eMAM \/PROF. DR. CEMAL KURNAZ\u015e\u0130\u0130R\u0130N OLDU\u011eU KADARM\u00dcZ\u0130\u011e\u0130N DE \u015eEHR\u0130Y\u00c2R&#8217;I \/ORHAN BALDANE\u015eEHR\u0130Y\u00c2R VE \u0130TG\u0130NL\u0130KLER\u0130 \/NIL\u00dcFER ATE\u015eTEMA:\u015e\u0130\u0130R&#8217;DEN TURAN&#8217;A UZANAN YOL:T\u00dcRK D\u00dcNYASINDA \u015eA\u0130R VE \u015e\u0130\u0130RKURTULU\u015e SAVA\u015eIMIZA\u015e\u0130\u0130R YAZAN \u201cT\u00dcRK\u0130STAN\u201d \u015eA\u0130R\u0130 MA\u011eCAN CUMABAYEV \/TU\u011e\u00c7E NUR KES\u0130NKIRGIZ EDEB\u0130YATININ CAH\u0130T SITKI&#8217;SI\u201cALIKUL OSMANOV\u201d \/S\u0130BEL P\u0130LAVO\u011eLUAZERBAYCAN EDEB\u0130YATINDAN B\u0130R VATANSEVER \u015eA\u0130R: M\u0130K\u00c2\u0130L M\u00dc\u015eF\u0130K \/EMEL H\u0130SARCIKLILARTATAR T\u00dcRKLER\u0130N\u0130N M\u0130LL\u00ce \u015eA\u0130R\u0130 ABDULLAH TUKAY \/TU\u011e\u00c7E NUR KES\u0130NXVIII. Y\u00dcZYILDA YA\u015eAMI\u015eB\u0130R T\u00dcRKMEN \u015eA\u0130R\u0130: MAHTUMKULU FR\u00c2K\u00ce (1733-1783) \/ERDAL BARAN<\/p>\n","protected":false},"excerpt":{"rendered":"<p>PROF. DR. YAVUZ AKPINAR \u0130LE \u015eEHR\u0130Y\u00c2R&#8217;IN I\u015eI\u011eINDA S\u00d6YLE\u015e\u0130 \/CENG\u0130ZHAN ORAK\u00c7IDR. YUSUF GED\u0130KL\u0130 \u0130LE\u015eEHR\u0130Y\u00c2R \u00dcZER\u0130NE \/CENG\u0130ZHAN ORAK\u00c7I\u015eEHR\u0130Y\u00c2R&#8217;IN\u015e\u0130\u0130R D\u00dcNYASINA G\u0130RMEK \/PROF. DR. N\u00c2MIK A\u00c7IKG\u00d6ZHEYDER BABA&#8217;YA SELAM NEDEN BU<span class=\"excerpt-hellip\"> [\u2026]<\/span><\/p>\n","protected":false},"featured_media":0,"template":"","meta":{"_monsterinsights_skip_tracking":false,"_monsterinsights_sitenote_active":false,"_monsterinsights_sitenote_note":"","_monsterinsights_sitenote_category":0},"product_brand":[],"product_cat":[13527],"product_tag":[],"class_list":{"0":"post-752327","1":"product","2":"type-product","3":"status-publish","5":"product_cat-sureli-yayinlar","6":"pa_cilt-ciltsiz","7":"pa_tur-dergi","8":"pa_yayinevi-otuken-nesriyat","9":"pa_yazar-kolektif","11":"first","12":"instock","13":"sale","14":"shipping-taxable","15":"purchasable","16":"product-type-simple"},"_links":{"self":[{"href":"https:\/\/roveyayinevi.com.tr\/index.php\/wp-json\/wp\/v2\/product\/752327","targetHints":{"allow":["GET"]}}],"collection":[{"href":"https:\/\/roveyayinevi.com.tr\/index.php\/wp-json\/wp\/v2\/product"}],"about":[{"href":"https:\/\/roveyayinevi.com.tr\/index.php\/wp-json\/wp\/v2\/types\/product"}],"wp:attachment":[{"href":"https:\/\/roveyayinevi.com.tr\/index.php\/wp-json\/wp\/v2\/media?parent=752327"}],"wp:term":[{"taxonomy":"product_brand","embeddable":true,"href":"https:\/\/roveyayinevi.com.tr\/index.php\/wp-json\/wp\/v2\/product_brand?post=752327"},{"taxonomy":"product_cat","embeddable":true,"href":"https:\/\/roveyayinevi.com.tr\/index.php\/wp-json\/wp\/v2\/product_cat?post=752327"},{"taxonomy":"product_tag","embeddable":true,"href":"https:\/\/roveyayinevi.com.tr\/index.php\/wp-json\/wp\/v2\/product_tag?post=752327"}],"curies":[{"name":"wp","href":"https:\/\/api.w.org\/{rel}","templated":true}]}}