{"id":752320,"date":"2025-08-28T05:13:14","date_gmt":"2025-08-28T02:13:14","guid":{"rendered":"https:\/\/roveyayinevi.com.tr\/index.php\/urun\/duygularin-tercumesi\/"},"modified":"2026-04-03T03:07:26","modified_gmt":"2026-04-03T00:07:26","slug":"duygularin-tercumesi","status":"publish","type":"product","link":"https:\/\/roveyayinevi.com.tr\/index.php\/urun\/duygularin-tercumesi\/","title":{"rendered":"Duygular\u0131n Terc\u00fcmesi"},"content":{"rendered":"<p>Duygular\u0131n Terc\u00fcmesi, kad\u0131n-erkek ili\u015fkilerinde hem bir kullan\u0131m k\u0131lavuzu hem de bir prospekt\u00fcs. Bu, M. Haluk \u00d6zbay\u2019\u0131n yapt\u0131\u011f\u0131 i\u015fte hem bir zanaatk\u00e2r hem de bir doktor olmas\u0131yla ilgili. M. Haluk \u00d6zbay durumlar\u0131 o kadar somutla\u015ft\u0131r\u0131yor ki \u00e7\u00f6z\u00fcmler \u00f6n\u00fcm\u00fczde cisimle\u015fip \u00e2deta dokunabilece\u011fimiz, elimize alarak cebimize at\u0131p istedi\u011fimiz zaman kullanabilece\u011fimiz nesnelere d\u00f6n\u00fc\u015f\u00fcyor. \u00dcstelik bu nesneler \u00e7ok inovatif!   \u00d6z\u00fcm \u00d6zbay\u2019\u0131n sorular\u0131 da okurlar\u0131 sat\u0131r aralar\u0131ndaki ayr\u0131nt\u0131lara dikkat etmeye zorluyor ve M. Haluk \u00d6zbay\u2019\u0131n anlatmak istediklerinin \u00f6z\u00fcn\u00fcn alt\u0131n\u0131 \u00e7iziyor.   T\u00fcm bunlar\u0131 okudu\u011fumuzda kad\u0131n-erkek ili\u015fkilerinde neden bir ustaya ihtiya\u00e7 duyaca\u011f\u0131m\u0131z\u0131 da anlam\u0131\u015f oluyoruz asl\u0131nda.   \u201cBu kadar basitmi\u015f!\u201d dedirtmek i\u00e7in b\u00fct\u00fcn \u015fartlar\u0131n tam anlam\u0131yla sa\u011fland\u0131\u011f\u0131 Duygular\u0131n Terc\u00fcmesi, kad\u0131n-erkek ili\u015fkileri konusunda bilgi sahibi olmak isteyen herkes i\u00e7in bir y\u00f6n tabelas\u0131\u2026<\/p>\n","protected":false},"excerpt":{"rendered":"<p>Duygular\u0131n Terc\u00fcmesi, kad\u0131n-erkek ili\u015fkilerinde hem bir kullan\u0131m k\u0131lavuzu hem de bir prospekt\u00fcs. Bu, M. Haluk \u00d6zbay\u2019\u0131n yapt\u0131\u011f\u0131 i\u015fte hem bir zanaatk\u00e2r hem de bir doktor olmas\u0131yla<span class=\"excerpt-hellip\"> [\u2026]<\/span><\/p>\n","protected":false},"featured_media":0,"template":"","meta":{"_monsterinsights_skip_tracking":false,"_monsterinsights_sitenote_active":false,"_monsterinsights_sitenote_note":"","_monsterinsights_sitenote_category":0},"product_brand":[],"product_cat":[12364,12376],"product_tag":[],"class_list":{"0":"post-752320","1":"product","2":"type-product","3":"status-publish","5":"product_cat-genel-konular","6":"product_cat-kisisel-gelisim","7":"pa_cilt-ciltsiz","8":"pa_tur-kitap","9":"pa_yayinevi-luna-yayinlari","10":"pa_yazar-m-haluk-ozbay-ozum-ozbay","12":"first","13":"instock","14":"sale","15":"shipping-taxable","16":"purchasable","17":"product-type-simple"},"_links":{"self":[{"href":"https:\/\/roveyayinevi.com.tr\/index.php\/wp-json\/wp\/v2\/product\/752320","targetHints":{"allow":["GET"]}}],"collection":[{"href":"https:\/\/roveyayinevi.com.tr\/index.php\/wp-json\/wp\/v2\/product"}],"about":[{"href":"https:\/\/roveyayinevi.com.tr\/index.php\/wp-json\/wp\/v2\/types\/product"}],"wp:attachment":[{"href":"https:\/\/roveyayinevi.com.tr\/index.php\/wp-json\/wp\/v2\/media?parent=752320"}],"wp:term":[{"taxonomy":"product_brand","embeddable":true,"href":"https:\/\/roveyayinevi.com.tr\/index.php\/wp-json\/wp\/v2\/product_brand?post=752320"},{"taxonomy":"product_cat","embeddable":true,"href":"https:\/\/roveyayinevi.com.tr\/index.php\/wp-json\/wp\/v2\/product_cat?post=752320"},{"taxonomy":"product_tag","embeddable":true,"href":"https:\/\/roveyayinevi.com.tr\/index.php\/wp-json\/wp\/v2\/product_tag?post=752320"}],"curies":[{"name":"wp","href":"https:\/\/api.w.org\/{rel}","templated":true}]}}