{"id":752319,"date":"2025-08-28T05:13:13","date_gmt":"2025-08-28T02:13:13","guid":{"rendered":"https:\/\/roveyayinevi.com.tr\/index.php\/urun\/uzlasmak-kirlenmektir\/"},"modified":"2026-04-16T03:05:37","modified_gmt":"2026-04-16T00:05:37","slug":"uzlasmak-kirlenmektir","status":"publish","type":"product","link":"https:\/\/roveyayinevi.com.tr\/index.php\/urun\/uzlasmak-kirlenmektir\/","title":{"rendered":"Uzla\u015fmak Kirlenmektir"},"content":{"rendered":"<p>\u00c7etrefil bir meseleninin basit kal\u0131plarla ifadesi; yan\u0131lsamal\u0131 bilincin \u00fcr\u00fcn\u00fcd\u00fcr. Basit anlat\u0131m ho\u015f gelse de kula\u011fa \u201cbasitli\u011fe bat\u0131\u015f\u0131\u201d ayn\u0131 zamanda bilimsellikten uzakla\u015fmaya kap\u0131 aralad\u0131\u011f\u0131 bilinir. \u00d6tekinden farkl\u0131 g\u00f6r\u00fcnen ama asl\u0131nda benzer bir yakla\u015f\u0131m\u0131n \u00fcr\u00fcn\u00fc olan tepkiyi alk\u0131\u015flamak, yeni yan\u0131lsamal\u0131 bilin\u00e7 \u00fcr\u00fcn\u00fc fikri\/eylemi takdir etmek de bilimsel yakla\u015f\u0131mdan uzak durmak demektir. <\/p>\n","protected":false},"excerpt":{"rendered":"<p>\u00c7etrefil bir meseleninin basit kal\u0131plarla ifadesi; yan\u0131lsamal\u0131 bilincin \u00fcr\u00fcn\u00fcd\u00fcr. Basit anlat\u0131m ho\u015f gelse de kula\u011fa \u201cbasitli\u011fe bat\u0131\u015f\u0131\u201d ayn\u0131 zamanda bilimsellikten uzakla\u015fmaya kap\u0131 aralad\u0131\u011f\u0131 bilinir. \u00d6tekinden farkl\u0131<span class=\"excerpt-hellip\"> [\u2026]<\/span><\/p>\n","protected":false},"featured_media":0,"template":"","meta":{"_monsterinsights_skip_tracking":false,"_monsterinsights_sitenote_active":false,"_monsterinsights_sitenote_note":"","_monsterinsights_sitenote_category":0},"product_brand":[],"product_cat":[15319,12388],"product_tag":[],"class_list":{"0":"post-752319","1":"product","2":"type-product","3":"status-publish","5":"product_cat-etik","6":"product_cat-felsefe","7":"pa_cilt-ciltsiz","8":"pa_tur-kitap","9":"pa_yayinevi-nitelik-kitap","10":"pa_yazar-babur-pinar","12":"first","13":"instock","14":"sale","15":"shipping-taxable","16":"purchasable","17":"product-type-simple"},"_links":{"self":[{"href":"https:\/\/roveyayinevi.com.tr\/index.php\/wp-json\/wp\/v2\/product\/752319","targetHints":{"allow":["GET"]}}],"collection":[{"href":"https:\/\/roveyayinevi.com.tr\/index.php\/wp-json\/wp\/v2\/product"}],"about":[{"href":"https:\/\/roveyayinevi.com.tr\/index.php\/wp-json\/wp\/v2\/types\/product"}],"wp:attachment":[{"href":"https:\/\/roveyayinevi.com.tr\/index.php\/wp-json\/wp\/v2\/media?parent=752319"}],"wp:term":[{"taxonomy":"product_brand","embeddable":true,"href":"https:\/\/roveyayinevi.com.tr\/index.php\/wp-json\/wp\/v2\/product_brand?post=752319"},{"taxonomy":"product_cat","embeddable":true,"href":"https:\/\/roveyayinevi.com.tr\/index.php\/wp-json\/wp\/v2\/product_cat?post=752319"},{"taxonomy":"product_tag","embeddable":true,"href":"https:\/\/roveyayinevi.com.tr\/index.php\/wp-json\/wp\/v2\/product_tag?post=752319"}],"curies":[{"name":"wp","href":"https:\/\/api.w.org\/{rel}","templated":true}]}}