{"id":752318,"date":"2025-08-28T05:13:11","date_gmt":"2025-08-28T02:13:11","guid":{"rendered":"https:\/\/roveyayinevi.com.tr\/index.php\/urun\/umut-pas-tutmaz\/"},"modified":"2026-04-16T03:05:37","modified_gmt":"2026-04-16T00:05:37","slug":"umut-pas-tutmaz","status":"publish","type":"product","link":"https:\/\/roveyayinevi.com.tr\/index.php\/urun\/umut-pas-tutmaz\/","title":{"rendered":"Umut Pas Tutmaz"},"content":{"rendered":"<p>Sanki gelip ge\u00e7en \u015fu g\u00fcnler Karanfil \u00f6mr\u00fcm\u00fc soldurmaz gibi Bir uzun t\u00fcrk\u00fcy\u00fc bitirmez gibi Umars\u0131z ve tela\u015fl\u0131 ge\u00e7ip gider   \u0130nsan sevmek ne zormu\u015f me\u011fer <\/p>\n","protected":false},"excerpt":{"rendered":"<p>Sanki gelip ge\u00e7en \u015fu g\u00fcnler Karanfil \u00f6mr\u00fcm\u00fc soldurmaz gibi Bir uzun t\u00fcrk\u00fcy\u00fc bitirmez gibi Umars\u0131z ve tela\u015fl\u0131 ge\u00e7ip gider \u0130nsan sevmek ne zormu\u015f me\u011fer<\/p>\n","protected":false},"featured_media":0,"template":"","meta":{"_monsterinsights_skip_tracking":false,"_monsterinsights_sitenote_active":false,"_monsterinsights_sitenote_note":"","_monsterinsights_sitenote_category":0},"product_brand":[],"product_cat":[12291,12509],"product_tag":[],"class_list":{"0":"post-752318","1":"product","2":"type-product","3":"status-publish","5":"product_cat-edebiyat","6":"product_cat-siir","7":"pa_cilt-ciltsiz","8":"pa_tur-kitap","9":"pa_yayinevi-nitelik-kitap","10":"pa_yazar-babur-pinar","12":"first","13":"instock","14":"sale","15":"shipping-taxable","16":"purchasable","17":"product-type-simple"},"_links":{"self":[{"href":"https:\/\/roveyayinevi.com.tr\/index.php\/wp-json\/wp\/v2\/product\/752318","targetHints":{"allow":["GET"]}}],"collection":[{"href":"https:\/\/roveyayinevi.com.tr\/index.php\/wp-json\/wp\/v2\/product"}],"about":[{"href":"https:\/\/roveyayinevi.com.tr\/index.php\/wp-json\/wp\/v2\/types\/product"}],"wp:attachment":[{"href":"https:\/\/roveyayinevi.com.tr\/index.php\/wp-json\/wp\/v2\/media?parent=752318"}],"wp:term":[{"taxonomy":"product_brand","embeddable":true,"href":"https:\/\/roveyayinevi.com.tr\/index.php\/wp-json\/wp\/v2\/product_brand?post=752318"},{"taxonomy":"product_cat","embeddable":true,"href":"https:\/\/roveyayinevi.com.tr\/index.php\/wp-json\/wp\/v2\/product_cat?post=752318"},{"taxonomy":"product_tag","embeddable":true,"href":"https:\/\/roveyayinevi.com.tr\/index.php\/wp-json\/wp\/v2\/product_tag?post=752318"}],"curies":[{"name":"wp","href":"https:\/\/api.w.org\/{rel}","templated":true}]}}