{"id":752317,"date":"2025-08-28T05:13:09","date_gmt":"2025-08-28T02:13:09","guid":{"rendered":"https:\/\/roveyayinevi.com.tr\/index.php\/urun\/bir-ikiden-buyuktur\/"},"modified":"2026-04-16T03:05:37","modified_gmt":"2026-04-16T00:05:37","slug":"bir-ikiden-buyuktur","status":"publish","type":"product","link":"https:\/\/roveyayinevi.com.tr\/index.php\/urun\/bir-ikiden-buyuktur\/","title":{"rendered":"Bir \u0130kiden B\u00fcy\u00fckt\u00fcr"},"content":{"rendered":"<p>Ke\u015fke bir ad\u0131 olsayd\u0131 k\u00f6t\u00fcn\u00fcn\u2026   K\u00f6t\u00fcn\u00fcn ne oldu\u011funu bildi\u011fimizi d\u00fc\u015f\u00fcn\u00fcp, kar\u015f\u0131m\u0131zdakini k\u00f6t\u00fc olmakla su\u00e7larken anla\u015fmak m\u00fcmk\u00fcn m\u00fc? D\u00fcnyada ortaya \u00e7\u0131kan ekolojik kriz, t\u00fcm ya\u015fam\u0131m\u0131z\u0131 de\u011fi\u015ftirirken belki de daha b\u00fcy\u00fck bir sorunun varl\u0131\u011f\u0131n\u0131 bize duyuruyordur.   Demokratik de\u011ferlere ba\u011fl\u0131 bir \u00fclkede; ekolojik sorunlar ile b\u00fcy\u00fcyen yabanc\u0131\/m\u00fclteci kar\u015f\u0131tl\u0131\u011f\u0131 \u00fczerinden K\u00fcr\u015fat \u00d6mer D. bize bu sorunun bir sim\u00fclasyonunu sunmaya \u00e7al\u0131\u015f\u0131yor. Her sat\u0131r\u0131nda, her diyalo\u011funda bir g\u00f6r\u00fc\u015f\u00fc konu\u015fup d\u00fc\u015f\u00fcnsel d\u00fcnyam\u0131zda yeni pencereler a\u00e7\u0131yor.<\/p>\n","protected":false},"excerpt":{"rendered":"<p>Ke\u015fke bir ad\u0131 olsayd\u0131 k\u00f6t\u00fcn\u00fcn\u2026 K\u00f6t\u00fcn\u00fcn ne oldu\u011funu bildi\u011fimizi d\u00fc\u015f\u00fcn\u00fcp, kar\u015f\u0131m\u0131zdakini k\u00f6t\u00fc olmakla su\u00e7larken anla\u015fmak m\u00fcmk\u00fcn m\u00fc? D\u00fcnyada ortaya \u00e7\u0131kan ekolojik kriz, t\u00fcm ya\u015fam\u0131m\u0131z\u0131 de\u011fi\u015ftirirken belki<span class=\"excerpt-hellip\"> [\u2026]<\/span><\/p>\n","protected":false},"featured_media":0,"template":"","meta":{"_monsterinsights_skip_tracking":false,"_monsterinsights_sitenote_active":false,"_monsterinsights_sitenote_note":"","_monsterinsights_sitenote_category":0},"product_brand":[],"product_cat":[12291,14272],"product_tag":[],"class_list":{"0":"post-752317","1":"product","2":"type-product","3":"status-publish","5":"product_cat-edebiyat","6":"product_cat-tiyatro","7":"pa_cilt-ciltsiz","8":"pa_tur-kitap","9":"pa_yayinevi-luna-yayinlari","10":"pa_yazar-kursat-omer-demirci","12":"first","13":"instock","14":"sale","15":"shipping-taxable","16":"purchasable","17":"product-type-simple"},"_links":{"self":[{"href":"https:\/\/roveyayinevi.com.tr\/index.php\/wp-json\/wp\/v2\/product\/752317","targetHints":{"allow":["GET"]}}],"collection":[{"href":"https:\/\/roveyayinevi.com.tr\/index.php\/wp-json\/wp\/v2\/product"}],"about":[{"href":"https:\/\/roveyayinevi.com.tr\/index.php\/wp-json\/wp\/v2\/types\/product"}],"wp:attachment":[{"href":"https:\/\/roveyayinevi.com.tr\/index.php\/wp-json\/wp\/v2\/media?parent=752317"}],"wp:term":[{"taxonomy":"product_brand","embeddable":true,"href":"https:\/\/roveyayinevi.com.tr\/index.php\/wp-json\/wp\/v2\/product_brand?post=752317"},{"taxonomy":"product_cat","embeddable":true,"href":"https:\/\/roveyayinevi.com.tr\/index.php\/wp-json\/wp\/v2\/product_cat?post=752317"},{"taxonomy":"product_tag","embeddable":true,"href":"https:\/\/roveyayinevi.com.tr\/index.php\/wp-json\/wp\/v2\/product_tag?post=752317"}],"curies":[{"name":"wp","href":"https:\/\/api.w.org\/{rel}","templated":true}]}}