{"id":752315,"date":"2025-08-28T05:13:05","date_gmt":"2025-08-28T02:13:05","guid":{"rendered":"https:\/\/roveyayinevi.com.tr\/index.php\/urun\/siir-ayaktadir\/"},"modified":"2026-04-16T03:05:37","modified_gmt":"2026-04-16T00:05:37","slug":"siir-ayaktadir","status":"publish","type":"product","link":"https:\/\/roveyayinevi.com.tr\/index.php\/urun\/siir-ayaktadir\/","title":{"rendered":"\u015eiir Ayaktad\u0131r"},"content":{"rendered":"<p>Kurtla ku\u015fla insanla \u00f6p\u00fc\u015ft\u00fck tenhalarda Bir avu\u00e7 tahamm\u00fclle kalakald\u0131k Sevdik Elsiz ayaks\u0131z ac\u0131lar d\u00fc\u015ft\u00fc b\u0131y\u0131klar\u0131m\u0131za   D\u0131\u015far\u0131da ay yoktu Y\u00fcz kesen ayaz yoktu Bir \u015fiirin katline izin verdik Sessizdik Deli u\u00e7uruma d\u00fc\u015ft\u00fc \u00e7\u0131\u011fl\u0131klar Ku\u015flar yenik bir \u015fehrin beyaz\u0131n\u0131 \u00e7ald\u0131lar g\u00f6ky\u00fcz\u00fcne Belki \u0131\u015f\u0131klar \u00fcrk\u00fctt\u00fc onlar\u0131 belki y\u0131ld\u0131zlar   Bildi\u011fim o ki biz konu\u015fmad\u0131k <\/p>\n","protected":false},"excerpt":{"rendered":"<p>Kurtla ku\u015fla insanla \u00f6p\u00fc\u015ft\u00fck tenhalarda Bir avu\u00e7 tahamm\u00fclle kalakald\u0131k Sevdik Elsiz ayaks\u0131z ac\u0131lar d\u00fc\u015ft\u00fc b\u0131y\u0131klar\u0131m\u0131za D\u0131\u015far\u0131da ay yoktu Y\u00fcz kesen ayaz yoktu Bir \u015fiirin katline izin<span class=\"excerpt-hellip\"> [\u2026]<\/span><\/p>\n","protected":false},"featured_media":0,"template":"","meta":{"_monsterinsights_skip_tracking":false,"_monsterinsights_sitenote_active":false,"_monsterinsights_sitenote_note":"","_monsterinsights_sitenote_category":0},"product_brand":[],"product_cat":[12291,12509],"product_tag":[],"class_list":{"0":"post-752315","1":"product","2":"type-product","3":"status-publish","5":"product_cat-edebiyat","6":"product_cat-siir","7":"pa_cilt-ciltsiz","8":"pa_tur-kitap","9":"pa_yayinevi-nitelik-kitap","10":"pa_yazar-babur-pinar","12":"first","13":"instock","14":"sale","15":"shipping-taxable","16":"purchasable","17":"product-type-simple"},"_links":{"self":[{"href":"https:\/\/roveyayinevi.com.tr\/index.php\/wp-json\/wp\/v2\/product\/752315","targetHints":{"allow":["GET"]}}],"collection":[{"href":"https:\/\/roveyayinevi.com.tr\/index.php\/wp-json\/wp\/v2\/product"}],"about":[{"href":"https:\/\/roveyayinevi.com.tr\/index.php\/wp-json\/wp\/v2\/types\/product"}],"wp:attachment":[{"href":"https:\/\/roveyayinevi.com.tr\/index.php\/wp-json\/wp\/v2\/media?parent=752315"}],"wp:term":[{"taxonomy":"product_brand","embeddable":true,"href":"https:\/\/roveyayinevi.com.tr\/index.php\/wp-json\/wp\/v2\/product_brand?post=752315"},{"taxonomy":"product_cat","embeddable":true,"href":"https:\/\/roveyayinevi.com.tr\/index.php\/wp-json\/wp\/v2\/product_cat?post=752315"},{"taxonomy":"product_tag","embeddable":true,"href":"https:\/\/roveyayinevi.com.tr\/index.php\/wp-json\/wp\/v2\/product_tag?post=752315"}],"curies":[{"name":"wp","href":"https:\/\/api.w.org\/{rel}","templated":true}]}}