{"id":752313,"date":"2025-08-28T05:13:03","date_gmt":"2025-08-28T02:13:03","guid":{"rendered":"https:\/\/roveyayinevi.com.tr\/index.php\/urun\/serce-cigligi\/"},"modified":"2026-04-16T03:05:37","modified_gmt":"2026-04-16T00:05:37","slug":"serce-cigligi","status":"publish","type":"product","link":"https:\/\/roveyayinevi.com.tr\/index.php\/urun\/serce-cigligi\/","title":{"rendered":"Ser\u00e7e \u00c7\u0131\u011fl\u0131\u011f\u0131"},"content":{"rendered":"<p>Yoklu\u011funla Sarar y\u00fcre\u011fimi asi sarma\u015f\u0131kM\u00fclteci a\u015fklar ya\u015far\u0131m \u0130sa&#8217;da s\u0131nanm\u0131\u015f utanga\u00e7 \u00e7arm\u0131hEl verir yal\u0131n han\u00e7ereBiler di\u015flerini ya\u011fl\u0131 kendir Kirlenir han\u00e7erin k\u0131n\u0131Bi\u00e7are g\u00f6zlereDayan\u0131r \u00f6fkenin kan\u0131 O ki;Aln\u0131 yukarda asiDirengendir damarlar\u0131nda inan\u00e7 \u00e7\u0131\u011fl\u0131\u011f\u0131S\u00fcz\u00fcl\u00fcr imbi\u011finden geceninOk\u015fayamaz y\u00fcz\u00fcn\u00fc g\u00fcn\u00fcn ayaz\u0131Vurulur cellat selam\u0131yla\u00c7alar y\u00fcre\u011fine zulm\u00fcn ayaz\u0131 yaratt\u0131\u011f\u0131n cehennem Gelsen de art\u0131k Cennet olmaz Beden yorgun Dil suskun Y\u00fcre\u011fim avaz avaz <\/p>\n","protected":false},"excerpt":{"rendered":"<p>Yoklu\u011funla Sarar y\u00fcre\u011fimi asi sarma\u015f\u0131kM\u00fclteci a\u015fklar ya\u015far\u0131m \u0130sa&#8217;da s\u0131nanm\u0131\u015f utanga\u00e7 \u00e7arm\u0131hEl verir yal\u0131n han\u00e7ereBiler di\u015flerini ya\u011fl\u0131 kendir Kirlenir han\u00e7erin k\u0131n\u0131Bi\u00e7are g\u00f6zlereDayan\u0131r \u00f6fkenin kan\u0131 O ki;Aln\u0131 yukarda<span class=\"excerpt-hellip\"> [\u2026]<\/span><\/p>\n","protected":false},"featured_media":0,"template":"","meta":{"_monsterinsights_skip_tracking":false,"_monsterinsights_sitenote_active":false,"_monsterinsights_sitenote_note":"","_monsterinsights_sitenote_category":0},"product_brand":[],"product_cat":[12291,12509],"product_tag":[],"class_list":{"0":"post-752313","1":"product","2":"type-product","3":"status-publish","5":"product_cat-edebiyat","6":"product_cat-siir","7":"pa_cilt-ciltsiz","8":"pa_tur-kitap","9":"pa_yayinevi-nitelik-kitap","10":"pa_yazar-bagdat-ulusoy","12":"first","13":"instock","14":"sale","15":"shipping-taxable","16":"purchasable","17":"product-type-simple"},"_links":{"self":[{"href":"https:\/\/roveyayinevi.com.tr\/index.php\/wp-json\/wp\/v2\/product\/752313","targetHints":{"allow":["GET"]}}],"collection":[{"href":"https:\/\/roveyayinevi.com.tr\/index.php\/wp-json\/wp\/v2\/product"}],"about":[{"href":"https:\/\/roveyayinevi.com.tr\/index.php\/wp-json\/wp\/v2\/types\/product"}],"wp:attachment":[{"href":"https:\/\/roveyayinevi.com.tr\/index.php\/wp-json\/wp\/v2\/media?parent=752313"}],"wp:term":[{"taxonomy":"product_brand","embeddable":true,"href":"https:\/\/roveyayinevi.com.tr\/index.php\/wp-json\/wp\/v2\/product_brand?post=752313"},{"taxonomy":"product_cat","embeddable":true,"href":"https:\/\/roveyayinevi.com.tr\/index.php\/wp-json\/wp\/v2\/product_cat?post=752313"},{"taxonomy":"product_tag","embeddable":true,"href":"https:\/\/roveyayinevi.com.tr\/index.php\/wp-json\/wp\/v2\/product_tag?post=752313"}],"curies":[{"name":"wp","href":"https:\/\/api.w.org\/{rel}","templated":true}]}}