{"id":752312,"date":"2025-08-28T05:13:01","date_gmt":"2025-08-28T02:13:01","guid":{"rendered":"https:\/\/roveyayinevi.com.tr\/index.php\/urun\/sabah-kasidesi\/"},"modified":"2026-04-16T03:05:37","modified_gmt":"2026-04-16T00:05:37","slug":"sabah-kasidesi","status":"publish","type":"product","link":"https:\/\/roveyayinevi.com.tr\/index.php\/urun\/sabah-kasidesi\/","title":{"rendered":"Sabah Kasidesi"},"content":{"rendered":"<p>Arka kapak tan\u0131t\u0131m yaz\u0131s\u0131:   sabah kasidesi bu, resmi \u00e7izilsin \u00e7iy d\u00fc\u015fm\u00fc\u015f dallara bu \u00e7i\u00e7ekler can\u0131m bu \u00e7i\u00e7ekler bir tek bunlar konu\u015fsun.   ne \u015f\u0131mar\u0131klar ne ad\u0131mlar\u0131 yava\u015f bin \u00e7\u0131\u011fl\u0131k gibi a\u00e7m\u0131\u015flar \u015fafaklar\u0131n arzusu, \u00fctopyas\u0131, d\u00f6lyata\u011f\u0131 kuru \u00e7aylar can\u0131m yeniden \u00e7a\u011flar.   sabah kasidesi bu, resmi \u00e7izilsin benim kekeme s\u00f6z\u00fcm senin ah7\u0131n var y\u00fcz\u00fcm\u00fcz\u00fcn rengi \u00e7ok net, \u00e7ok keskin kan konu\u015fur mu can\u0131m, kan konu\u015fuyor. <\/p>\n","protected":false},"excerpt":{"rendered":"<p>Arka kapak tan\u0131t\u0131m yaz\u0131s\u0131: sabah kasidesi bu, resmi \u00e7izilsin \u00e7iy d\u00fc\u015fm\u00fc\u015f dallara bu \u00e7i\u00e7ekler can\u0131m bu \u00e7i\u00e7ekler bir tek bunlar konu\u015fsun. ne \u015f\u0131mar\u0131klar ne ad\u0131mlar\u0131 yava\u015f<span class=\"excerpt-hellip\"> [\u2026]<\/span><\/p>\n","protected":false},"featured_media":0,"template":"","meta":{"_monsterinsights_skip_tracking":false,"_monsterinsights_sitenote_active":false,"_monsterinsights_sitenote_note":"","_monsterinsights_sitenote_category":0},"product_brand":[],"product_cat":[12291,12509],"product_tag":[],"class_list":{"0":"post-752312","1":"product","2":"type-product","3":"status-publish","5":"product_cat-edebiyat","6":"product_cat-siir","7":"pa_cilt-ciltsiz","8":"pa_tur-kitap","9":"pa_yayinevi-nitelik-kitap","10":"pa_yazar-ismet-alici","12":"first","13":"instock","14":"sale","15":"shipping-taxable","16":"purchasable","17":"product-type-simple"},"_links":{"self":[{"href":"https:\/\/roveyayinevi.com.tr\/index.php\/wp-json\/wp\/v2\/product\/752312","targetHints":{"allow":["GET"]}}],"collection":[{"href":"https:\/\/roveyayinevi.com.tr\/index.php\/wp-json\/wp\/v2\/product"}],"about":[{"href":"https:\/\/roveyayinevi.com.tr\/index.php\/wp-json\/wp\/v2\/types\/product"}],"wp:attachment":[{"href":"https:\/\/roveyayinevi.com.tr\/index.php\/wp-json\/wp\/v2\/media?parent=752312"}],"wp:term":[{"taxonomy":"product_brand","embeddable":true,"href":"https:\/\/roveyayinevi.com.tr\/index.php\/wp-json\/wp\/v2\/product_brand?post=752312"},{"taxonomy":"product_cat","embeddable":true,"href":"https:\/\/roveyayinevi.com.tr\/index.php\/wp-json\/wp\/v2\/product_cat?post=752312"},{"taxonomy":"product_tag","embeddable":true,"href":"https:\/\/roveyayinevi.com.tr\/index.php\/wp-json\/wp\/v2\/product_tag?post=752312"}],"curies":[{"name":"wp","href":"https:\/\/api.w.org\/{rel}","templated":true}]}}