{"id":752309,"date":"2025-08-28T05:12:56","date_gmt":"2025-08-28T02:12:56","guid":{"rendered":"https:\/\/roveyayinevi.com.tr\/index.php\/urun\/ortadogu-yalanci-bahar\/"},"modified":"2026-04-16T03:05:37","modified_gmt":"2026-04-16T00:05:37","slug":"ortadogu-yalanci-bahar","status":"publish","type":"product","link":"https:\/\/roveyayinevi.com.tr\/index.php\/urun\/ortadogu-yalanci-bahar\/","title":{"rendered":"Ortado\u011fu\/Yalanc\u0131 Bahar"},"content":{"rendered":"<p>Bir yar\u0131 s\u00f6m\u00fcrge \u00fclkede, s\u0131n\u0131f \u00e7at\u0131\u015fmas\u0131n\u0131n gelip dayand\u0131\u011f\u0131 noktada, emek\u00e7ilerin ho\u015fnutsuzlu\u011funun soka\u011fa d\u00f6k\u00fcld\u00fc\u011f\u00fc anda; \u201cde\u011fi\u015fim\u201d iste\u011fini ve eylemini ray\u0131na oturtmak amac\u0131yla, emperyalist devletlerin yar\u0131 s\u00f6m\u00fcrge \u00fclkedeki siyasi iktidar\u0131n, bir burjuva gruptan di\u011ferine devredilmesine onay vermesi ola\u011fan bir politikad\u0131r. Ku\u015fkusuz emperyalist devletler i\u00e7in \u00f6nemli olan, bu devir i\u015flemi ger\u00e7ekle\u015firken, ate\u015fin ba\u015fka tarafa s\u0131\u00e7ramamas\u0131 ve ezilen s\u0131n\u0131f ve halklar\u0131n burjuva sistemden kopu\u015f ve eme\u011fin kurtulu\u015fu fikrine kap\u0131lmamas\u0131d\u0131r. Bu nedenle ayaklanma s\u00fcrecinde, hareketin dizginlerini elinde tutmak do\u011frultusunda, gereken \u00f6zeni g\u00f6stermek ve \u00f6zel muharebe y\u00f6ntemlerine ba\u015fvurmak, emperyalist devletler i\u00e7in hayati \u00f6nem ta\u015f\u0131r. Bu ger\u00e7ekli\u011fi kavramaks\u0131z\u0131n bug\u00fcn Ortado\u011fu \u00fclkelerindeki siyasi iktidar\u0131n el de\u011fi\u015ftirmesinde emperyalistlerin ald\u0131\u011f\u0131 tutumun i\u00e7 y\u00fcz\u00fc alg\u0131lanamaz.<\/p>\n","protected":false},"excerpt":{"rendered":"<p>Bir yar\u0131 s\u00f6m\u00fcrge \u00fclkede, s\u0131n\u0131f \u00e7at\u0131\u015fmas\u0131n\u0131n gelip dayand\u0131\u011f\u0131 noktada, emek\u00e7ilerin ho\u015fnutsuzlu\u011funun soka\u011fa d\u00f6k\u00fcld\u00fc\u011f\u00fc anda; \u201cde\u011fi\u015fim\u201d iste\u011fini ve eylemini ray\u0131na oturtmak amac\u0131yla, emperyalist devletlerin yar\u0131 s\u00f6m\u00fcrge \u00fclkedeki<span class=\"excerpt-hellip\"> [\u2026]<\/span><\/p>\n","protected":false},"featured_media":0,"template":"","meta":{"_monsterinsights_skip_tracking":false,"_monsterinsights_sitenote_active":false,"_monsterinsights_sitenote_note":"","_monsterinsights_sitenote_category":0},"product_brand":[],"product_cat":[12337],"product_tag":[],"class_list":{"0":"post-752309","1":"product","2":"type-product","3":"status-publish","5":"product_cat-politika-siyaset","6":"pa_cilt-ciltsiz","7":"pa_tur-kitap","8":"pa_yayinevi-nitelik-kitap","9":"pa_yazar-kolektif","11":"first","12":"instock","13":"sale","14":"shipping-taxable","15":"purchasable","16":"product-type-simple"},"_links":{"self":[{"href":"https:\/\/roveyayinevi.com.tr\/index.php\/wp-json\/wp\/v2\/product\/752309","targetHints":{"allow":["GET"]}}],"collection":[{"href":"https:\/\/roveyayinevi.com.tr\/index.php\/wp-json\/wp\/v2\/product"}],"about":[{"href":"https:\/\/roveyayinevi.com.tr\/index.php\/wp-json\/wp\/v2\/types\/product"}],"wp:attachment":[{"href":"https:\/\/roveyayinevi.com.tr\/index.php\/wp-json\/wp\/v2\/media?parent=752309"}],"wp:term":[{"taxonomy":"product_brand","embeddable":true,"href":"https:\/\/roveyayinevi.com.tr\/index.php\/wp-json\/wp\/v2\/product_brand?post=752309"},{"taxonomy":"product_cat","embeddable":true,"href":"https:\/\/roveyayinevi.com.tr\/index.php\/wp-json\/wp\/v2\/product_cat?post=752309"},{"taxonomy":"product_tag","embeddable":true,"href":"https:\/\/roveyayinevi.com.tr\/index.php\/wp-json\/wp\/v2\/product_tag?post=752309"}],"curies":[{"name":"wp","href":"https:\/\/api.w.org\/{rel}","templated":true}]}}