{"id":752308,"date":"2025-08-28T05:12:54","date_gmt":"2025-08-28T02:12:54","guid":{"rendered":"https:\/\/roveyayinevi.com.tr\/index.php\/urun\/mucadele-yillarim\/"},"modified":"2026-04-16T03:05:37","modified_gmt":"2026-04-16T00:05:37","slug":"mucadele-yillarim","status":"publish","type":"product","link":"https:\/\/roveyayinevi.com.tr\/index.php\/urun\/mucadele-yillarim\/","title":{"rendered":"M\u00fccadele Y\u0131llar\u0131m"},"content":{"rendered":"<p>Unutulmamal\u0131d\u0131r ki fa\u015fizm ve benzeri t\u00fcm ola\u011fan\u00fcst\u00fc bask\u0131 rejimleri, i\u015f\u00e7i s\u0131n\u0131f\u0131n\u0131n hakl\u0131 m\u00fccadelesine darbe indirebilir; fakat ne yaparsa yaps\u0131n i\u015f\u00e7i s\u0131n\u0131f\u0131n\u0131 ve onun tarihsel misyonunu ortadan kald\u0131ramaz. En karanl\u0131k g\u00fcnlerin i\u00e7inden bile i\u015f\u00e7i s\u0131n\u0131f\u0131n\u0131n duyarl\u0131 unsurlar\u0131n\u0131n tomurcuklanmas\u0131n\u0131 engelleyemez. G\u00fczel, g\u00fcne\u015fli g\u00fcnler g\u00f6rece\u011fimizden \u015f\u00fcphemiz yoktur. Ama zaferin kendili\u011finden kolayl\u0131kla gelece\u011fi de d\u00fc\u015f\u00fcn\u00fclmemelidir. M\u00fccadele y\u00fcrek i\u015fidir.  \u0130nsanl\u0131k ad\u0131na, e\u015fitlik ad\u0131na m\u00fccadele etmenin de\u011feri paha bi\u00e7ilmez. Bu u\u011furda m\u00fccadele eden t\u00fcm yolda\u015flara selam olsun. <\/p>\n","protected":false},"excerpt":{"rendered":"<p>Unutulmamal\u0131d\u0131r ki fa\u015fizm ve benzeri t\u00fcm ola\u011fan\u00fcst\u00fc bask\u0131 rejimleri, i\u015f\u00e7i s\u0131n\u0131f\u0131n\u0131n hakl\u0131 m\u00fccadelesine darbe indirebilir; fakat ne yaparsa yaps\u0131n i\u015f\u00e7i s\u0131n\u0131f\u0131n\u0131 ve onun tarihsel misyonunu ortadan<span class=\"excerpt-hellip\"> [\u2026]<\/span><\/p>\n","protected":false},"featured_media":0,"template":"","meta":{"_monsterinsights_skip_tracking":false,"_monsterinsights_sitenote_active":false,"_monsterinsights_sitenote_note":"","_monsterinsights_sitenote_category":0},"product_brand":[],"product_cat":[12291,12711],"product_tag":[],"class_list":{"0":"post-752308","1":"product","2":"type-product","3":"status-publish","5":"product_cat-edebiyat","6":"product_cat-roman-oyku","7":"pa_cilt-ciltsiz","8":"pa_tur-kitap","9":"pa_yayinevi-nitelik-kitap","10":"pa_yazar-mehmet-duran","12":"first","13":"instock","14":"sale","15":"shipping-taxable","16":"purchasable","17":"product-type-simple"},"_links":{"self":[{"href":"https:\/\/roveyayinevi.com.tr\/index.php\/wp-json\/wp\/v2\/product\/752308","targetHints":{"allow":["GET"]}}],"collection":[{"href":"https:\/\/roveyayinevi.com.tr\/index.php\/wp-json\/wp\/v2\/product"}],"about":[{"href":"https:\/\/roveyayinevi.com.tr\/index.php\/wp-json\/wp\/v2\/types\/product"}],"wp:attachment":[{"href":"https:\/\/roveyayinevi.com.tr\/index.php\/wp-json\/wp\/v2\/media?parent=752308"}],"wp:term":[{"taxonomy":"product_brand","embeddable":true,"href":"https:\/\/roveyayinevi.com.tr\/index.php\/wp-json\/wp\/v2\/product_brand?post=752308"},{"taxonomy":"product_cat","embeddable":true,"href":"https:\/\/roveyayinevi.com.tr\/index.php\/wp-json\/wp\/v2\/product_cat?post=752308"},{"taxonomy":"product_tag","embeddable":true,"href":"https:\/\/roveyayinevi.com.tr\/index.php\/wp-json\/wp\/v2\/product_tag?post=752308"}],"curies":[{"name":"wp","href":"https:\/\/api.w.org\/{rel}","templated":true}]}}