{"id":752307,"date":"2025-08-28T05:12:53","date_gmt":"2025-08-28T02:12:53","guid":{"rendered":"https:\/\/roveyayinevi.com.tr\/index.php\/urun\/mavi-fanus\/"},"modified":"2026-04-16T03:05:37","modified_gmt":"2026-04-16T00:05:37","slug":"mavi-fanus","status":"publish","type":"product","link":"https:\/\/roveyayinevi.com.tr\/index.php\/urun\/mavi-fanus\/","title":{"rendered":"Mavi Fanus"},"content":{"rendered":"<p>\u00d6yle hapsolduk bir \u00e7a\u011fa Ne m\u00fch\u00fcrl\u00fc kap\u0131lar a\u00e7\u0131l\u0131yor soka\u011fa Ne \u00f6rselenmi\u015f belleklerin kiri silik Nikbinli\u011fin kanatlanma ihtimali de yok Ah herkesin anlatt\u0131\u011f\u0131 kadar m\u0131 g\u00f6ky\u00fcz\u00fc   Anlatt\u0131\u011f\u0131m\u0131z kavrad\u0131\u011f\u0131m\u0131z kadar\u0131n \u00f6ns\u00f6z\u00fc Bilincimiz fikrimizin kanad\u0131n\u0131 \u00f6l\u00e7\u00fcp bi\u00e7er Hayat k\u00fcsurat\u0131 kap\u0131 \u00f6n\u00fcne kor <\/p>\n","protected":false},"excerpt":{"rendered":"<p>\u00d6yle hapsolduk bir \u00e7a\u011fa Ne m\u00fch\u00fcrl\u00fc kap\u0131lar a\u00e7\u0131l\u0131yor soka\u011fa Ne \u00f6rselenmi\u015f belleklerin kiri silik Nikbinli\u011fin kanatlanma ihtimali de yok Ah herkesin anlatt\u0131\u011f\u0131 kadar m\u0131 g\u00f6ky\u00fcz\u00fc Anlatt\u0131\u011f\u0131m\u0131z<span class=\"excerpt-hellip\"> [\u2026]<\/span><\/p>\n","protected":false},"featured_media":0,"template":"","meta":{"_monsterinsights_skip_tracking":false,"_monsterinsights_sitenote_active":false,"_monsterinsights_sitenote_note":"","_monsterinsights_sitenote_category":0},"product_brand":[],"product_cat":[12291,12509],"product_tag":[],"class_list":{"0":"post-752307","1":"product","2":"type-product","3":"status-publish","5":"product_cat-edebiyat","6":"product_cat-siir","7":"pa_cilt-ciltsiz","8":"pa_tur-kitap","9":"pa_yayinevi-nitelik-kitap","10":"pa_yazar-babur-pinar","12":"first","13":"instock","14":"sale","15":"shipping-taxable","16":"purchasable","17":"product-type-simple"},"_links":{"self":[{"href":"https:\/\/roveyayinevi.com.tr\/index.php\/wp-json\/wp\/v2\/product\/752307","targetHints":{"allow":["GET"]}}],"collection":[{"href":"https:\/\/roveyayinevi.com.tr\/index.php\/wp-json\/wp\/v2\/product"}],"about":[{"href":"https:\/\/roveyayinevi.com.tr\/index.php\/wp-json\/wp\/v2\/types\/product"}],"wp:attachment":[{"href":"https:\/\/roveyayinevi.com.tr\/index.php\/wp-json\/wp\/v2\/media?parent=752307"}],"wp:term":[{"taxonomy":"product_brand","embeddable":true,"href":"https:\/\/roveyayinevi.com.tr\/index.php\/wp-json\/wp\/v2\/product_brand?post=752307"},{"taxonomy":"product_cat","embeddable":true,"href":"https:\/\/roveyayinevi.com.tr\/index.php\/wp-json\/wp\/v2\/product_cat?post=752307"},{"taxonomy":"product_tag","embeddable":true,"href":"https:\/\/roveyayinevi.com.tr\/index.php\/wp-json\/wp\/v2\/product_tag?post=752307"}],"curies":[{"name":"wp","href":"https:\/\/api.w.org\/{rel}","templated":true}]}}