{"id":752306,"date":"2025-08-28T05:12:52","date_gmt":"2025-08-28T02:12:52","guid":{"rendered":"https:\/\/roveyayinevi.com.tr\/index.php\/urun\/kurt-sorunu-cozum-zor-mu\/"},"modified":"2026-04-16T03:05:37","modified_gmt":"2026-04-16T00:05:37","slug":"kurt-sorunu-cozum-zor-mu","status":"publish","type":"product","link":"https:\/\/roveyayinevi.com.tr\/index.php\/urun\/kurt-sorunu-cozum-zor-mu\/","title":{"rendered":"K\u00fcrt Sorunu (\u00c7\u00f6z\u00fcm Zor Mu?)"},"content":{"rendered":"<p>\u201c Kapitalist m\u00fclk sahiplerinin, siyasilerin ve ideologlar\u0131n K\u00fcrt sorununu, ad\u0131n\u0131 koyarak tart\u0131\u015fmaya ba\u015flamas\u0131; do\u011frudan, K\u00fcrt ulusal kurtulu\u015f hareketini yok etme hevesinin, burjuva iktidar\u0131n silahl\u0131\/silahs\u0131z g\u00fc\u00e7lerinin kursa\u011f\u0131nda kalm\u0131\u015f olmas\u0131na ba\u011fl\u0131d\u0131r. <\/p>\n","protected":false},"excerpt":{"rendered":"<p>\u201c Kapitalist m\u00fclk sahiplerinin, siyasilerin ve ideologlar\u0131n K\u00fcrt sorununu, ad\u0131n\u0131 koyarak tart\u0131\u015fmaya ba\u015flamas\u0131; do\u011frudan, K\u00fcrt ulusal kurtulu\u015f hareketini yok etme hevesinin, burjuva iktidar\u0131n silahl\u0131\/silahs\u0131z g\u00fc\u00e7lerinin kursa\u011f\u0131nda<span class=\"excerpt-hellip\"> [\u2026]<\/span><\/p>\n","protected":false},"featured_media":0,"template":"","meta":{"_monsterinsights_skip_tracking":false,"_monsterinsights_sitenote_active":false,"_monsterinsights_sitenote_note":"","_monsterinsights_sitenote_category":0},"product_brand":[],"product_cat":[12337],"product_tag":[],"class_list":{"0":"post-752306","1":"product","2":"type-product","3":"status-publish","5":"product_cat-politika-siyaset","6":"pa_cilt-ciltsiz","7":"pa_tur-kitap","8":"pa_yayinevi-nitelik-kitap","9":"pa_yazar-babur-pinar","11":"first","12":"instock","13":"sale","14":"shipping-taxable","15":"purchasable","16":"product-type-simple"},"_links":{"self":[{"href":"https:\/\/roveyayinevi.com.tr\/index.php\/wp-json\/wp\/v2\/product\/752306","targetHints":{"allow":["GET"]}}],"collection":[{"href":"https:\/\/roveyayinevi.com.tr\/index.php\/wp-json\/wp\/v2\/product"}],"about":[{"href":"https:\/\/roveyayinevi.com.tr\/index.php\/wp-json\/wp\/v2\/types\/product"}],"wp:attachment":[{"href":"https:\/\/roveyayinevi.com.tr\/index.php\/wp-json\/wp\/v2\/media?parent=752306"}],"wp:term":[{"taxonomy":"product_brand","embeddable":true,"href":"https:\/\/roveyayinevi.com.tr\/index.php\/wp-json\/wp\/v2\/product_brand?post=752306"},{"taxonomy":"product_cat","embeddable":true,"href":"https:\/\/roveyayinevi.com.tr\/index.php\/wp-json\/wp\/v2\/product_cat?post=752306"},{"taxonomy":"product_tag","embeddable":true,"href":"https:\/\/roveyayinevi.com.tr\/index.php\/wp-json\/wp\/v2\/product_tag?post=752306"}],"curies":[{"name":"wp","href":"https:\/\/api.w.org\/{rel}","templated":true}]}}