{"id":752305,"date":"2025-08-28T05:12:51","date_gmt":"2025-08-28T02:12:51","guid":{"rendered":"https:\/\/roveyayinevi.com.tr\/index.php\/urun\/iktidar-ve-teror\/"},"modified":"2026-04-16T03:05:37","modified_gmt":"2026-04-16T00:05:37","slug":"iktidar-ve-teror","status":"publish","type":"product","link":"https:\/\/roveyayinevi.com.tr\/index.php\/urun\/iktidar-ve-teror\/","title":{"rendered":"\u0130ktidar ve Ter\u00f6r"},"content":{"rendered":"<p>\u015eiddet e\u011filiminin i\u00e7selle\u015ftirilmi\u015f bir olgu oldu\u011funu kavramayan ya da \u00fczerini \u00f6rten insan\u0131n, \u015fiddet kar\u015f\u0131t\u0131 tavr\u0131n\u0131n \u2018sahici\u2019 olmas\u0131 m\u00fcmk\u00fcn de\u011fildi. Has\u0131m sayd\u0131\u011f\u0131 unsurun \u015fiddet eylemi kar\u015f\u0131nda aciz kal\u0131\u015f\u0131na do\u011frudan ba\u011fl\u0131 \u2018\u015fiddet kar\u015f\u0131t\u0131 olma hali\u2019 ikiy\u00fczl\u00fcl\u00fckt\u00fc. Ki erke itaatini ve pasif tavr\u0131n\u0131, \u015fiddet kar\u015f\u0131t\u0131 olma erdemiyle ta\u00e7land\u0131ran insan\u0131n, \u00f6tekilerle biraraya gelerek \u00e7o\u011fal\u0131p, \u201cg\u00fc\u00e7 sahibi oldu\u011funda\u201d, y\u00fcz\u00fcn\u00fcn \u015fiddet arzusuyla \u2018nurlanmas\u0131\u2019; bu ikiy\u00fczl\u00fcl\u00fc\u011f\u00fcn kan\u0131t\u0131yd\u0131. \u00d6zel \u00f6nemle yaz\u0131lmas\u0131 gereken \u00f6n not; Ter\u00f6rden \u015fikayet edenlerin dahi d\u00fc\u015fman sayd\u0131\u011f\u0131 insan ve grubu; ter\u00f6r uygulay\u0131c\u0131s\u0131 oldu\u011fundan bahisle \u201cortadan kald\u0131rmak\u201d i\u00e7in her t\u00fcrden \u015fiddete maruz b\u0131rak\u0131lmas\u0131 gerekti\u011fine inanc\u0131 tamd\u0131r. Bu yakla\u015f\u0131m hemen her grubun \u015fiddet uygulamay\u0131 gerekli sayd\u0131\u011f\u0131n\u0131n ve \u015fiddet e\u011filimini i\u00e7sel k\u0131ld\u0131\u011f\u0131n\u0131n a\u00e7\u0131k ifadesidir.  <\/p>\n","protected":false},"excerpt":{"rendered":"<p>\u015eiddet e\u011filiminin i\u00e7selle\u015ftirilmi\u015f bir olgu oldu\u011funu kavramayan ya da \u00fczerini \u00f6rten insan\u0131n, \u015fiddet kar\u015f\u0131t\u0131 tavr\u0131n\u0131n \u2018sahici\u2019 olmas\u0131 m\u00fcmk\u00fcn de\u011fildi. Has\u0131m sayd\u0131\u011f\u0131 unsurun \u015fiddet eylemi kar\u015f\u0131nda aciz<span class=\"excerpt-hellip\"> [\u2026]<\/span><\/p>\n","protected":false},"featured_media":0,"template":"","meta":{"_monsterinsights_skip_tracking":false,"_monsterinsights_sitenote_active":false,"_monsterinsights_sitenote_note":"","_monsterinsights_sitenote_category":0},"product_brand":[],"product_cat":[13590,12337],"product_tag":[],"class_list":{"0":"post-752305","1":"product","2":"type-product","3":"status-publish","5":"product_cat-arastirma-inceleme-politika-siyaset","6":"product_cat-politika-siyaset","7":"pa_cilt-ciltsiz","8":"pa_tur-kitap","9":"pa_yayinevi-nitelik-kitap","10":"pa_yazar-babur-pinar","12":"first","13":"instock","14":"sale","15":"shipping-taxable","16":"purchasable","17":"product-type-simple"},"_links":{"self":[{"href":"https:\/\/roveyayinevi.com.tr\/index.php\/wp-json\/wp\/v2\/product\/752305","targetHints":{"allow":["GET"]}}],"collection":[{"href":"https:\/\/roveyayinevi.com.tr\/index.php\/wp-json\/wp\/v2\/product"}],"about":[{"href":"https:\/\/roveyayinevi.com.tr\/index.php\/wp-json\/wp\/v2\/types\/product"}],"wp:attachment":[{"href":"https:\/\/roveyayinevi.com.tr\/index.php\/wp-json\/wp\/v2\/media?parent=752305"}],"wp:term":[{"taxonomy":"product_brand","embeddable":true,"href":"https:\/\/roveyayinevi.com.tr\/index.php\/wp-json\/wp\/v2\/product_brand?post=752305"},{"taxonomy":"product_cat","embeddable":true,"href":"https:\/\/roveyayinevi.com.tr\/index.php\/wp-json\/wp\/v2\/product_cat?post=752305"},{"taxonomy":"product_tag","embeddable":true,"href":"https:\/\/roveyayinevi.com.tr\/index.php\/wp-json\/wp\/v2\/product_tag?post=752305"}],"curies":[{"name":"wp","href":"https:\/\/api.w.org\/{rel}","templated":true}]}}