{"id":752304,"date":"2025-08-28T05:12:49","date_gmt":"2025-08-28T02:12:49","guid":{"rendered":"https:\/\/roveyayinevi.com.tr\/index.php\/urun\/iktidar-ve-sanat\/"},"modified":"2026-04-16T03:05:37","modified_gmt":"2026-04-16T00:05:37","slug":"iktidar-ve-sanat","status":"publish","type":"product","link":"https:\/\/roveyayinevi.com.tr\/index.php\/urun\/iktidar-ve-sanat\/","title":{"rendered":"\u0130ktidar ve Sanat"},"content":{"rendered":"<p>Sanat\u00e7\u0131n\u0131n toplum taraf\u0131ndan \u201cyar\u0131 peygamber\u201d kabul edilme ivmesi; kitleleri etkileme katsay\u0131s\u0131n\u0131 art\u0131rd\u0131. Siyasi iktidar\u0131n sanat eserine ve prati\u011fine ilgisinin hikmeti bu ger\u00e7ekliktir. Kapitalist ya da feodal iktidar\u0131n payanda arac\u0131 sanat\u0131n, ideolojik ta\u015f\u0131y\u0131c\u0131s\u0131 olma y\u00fck\u00fcml\u00fcl\u00fc\u011f\u00fcn\u00fc yerine getirmesi i\u00e7in gereken \u015fey; sanat\u00e7\u0131n\u0131n ikonla\u015ft\u0131r\u0131lmas\u0131d\u0131r. <\/p>\n","protected":false},"excerpt":{"rendered":"<p>Sanat\u00e7\u0131n\u0131n toplum taraf\u0131ndan \u201cyar\u0131 peygamber\u201d kabul edilme ivmesi; kitleleri etkileme katsay\u0131s\u0131n\u0131 art\u0131rd\u0131. Siyasi iktidar\u0131n sanat eserine ve prati\u011fine ilgisinin hikmeti bu ger\u00e7ekliktir. Kapitalist ya da feodal<span class=\"excerpt-hellip\"> [\u2026]<\/span><\/p>\n","protected":false},"featured_media":0,"template":"","meta":{"_monsterinsights_skip_tracking":false,"_monsterinsights_sitenote_active":false,"_monsterinsights_sitenote_note":"","_monsterinsights_sitenote_category":0},"product_brand":[],"product_cat":[12777,12291],"product_tag":[],"class_list":{"0":"post-752304","1":"product","2":"type-product","3":"status-publish","5":"product_cat-deneme","6":"product_cat-edebiyat","7":"pa_cilt-ciltsiz","8":"pa_tur-kitap","9":"pa_yayinevi-nitelik-kitap","10":"pa_yazar-babur-pinar","12":"first","13":"instock","14":"sale","15":"shipping-taxable","16":"purchasable","17":"product-type-simple"},"_links":{"self":[{"href":"https:\/\/roveyayinevi.com.tr\/index.php\/wp-json\/wp\/v2\/product\/752304","targetHints":{"allow":["GET"]}}],"collection":[{"href":"https:\/\/roveyayinevi.com.tr\/index.php\/wp-json\/wp\/v2\/product"}],"about":[{"href":"https:\/\/roveyayinevi.com.tr\/index.php\/wp-json\/wp\/v2\/types\/product"}],"wp:attachment":[{"href":"https:\/\/roveyayinevi.com.tr\/index.php\/wp-json\/wp\/v2\/media?parent=752304"}],"wp:term":[{"taxonomy":"product_brand","embeddable":true,"href":"https:\/\/roveyayinevi.com.tr\/index.php\/wp-json\/wp\/v2\/product_brand?post=752304"},{"taxonomy":"product_cat","embeddable":true,"href":"https:\/\/roveyayinevi.com.tr\/index.php\/wp-json\/wp\/v2\/product_cat?post=752304"},{"taxonomy":"product_tag","embeddable":true,"href":"https:\/\/roveyayinevi.com.tr\/index.php\/wp-json\/wp\/v2\/product_tag?post=752304"}],"curies":[{"name":"wp","href":"https:\/\/api.w.org\/{rel}","templated":true}]}}