{"id":752303,"date":"2025-08-28T05:12:48","date_gmt":"2025-08-28T02:12:48","guid":{"rendered":"https:\/\/roveyayinevi.com.tr\/index.php\/urun\/iktidar-ve-aydin\/"},"modified":"2026-04-16T03:05:37","modified_gmt":"2026-04-16T00:05:37","slug":"iktidar-ve-aydin","status":"publish","type":"product","link":"https:\/\/roveyayinevi.com.tr\/index.php\/urun\/iktidar-ve-aydin\/","title":{"rendered":"\u0130ktidar ve Ayd\u0131n"},"content":{"rendered":"<p>Kararl\u0131 ve s\u0131n\u0131r tan\u0131maz olu\u015f; bilimsel y\u00f6ntemle fikir \u00fcretmenin tamlayan\u0131d\u0131r; ikincildir. Ayd\u0131nlanma, d\u00fc\u015f\u00fcnce \u00fcretimiyle de\u011fil, bi\u00e7imlendiren ve \u00f6ylece fikre karakter kazand\u0131ran bilincin vasf\u0131yla ilintilidir. Bu nedenle; bilincin vasf\u0131na ba\u011fl\u0131 olarak, akl\u0131n da fikir \u00fcretiminde cevval olmas\u0131, ayd\u0131nlanma s\u00fcrecinde bi\u00e7imleyici \u00f6nem kazan\u0131r. Durumu idrak yetisinin vasf\u0131;  akl\u0131n c\u00fcretinin toplumsal ilerleme do\u011frultusunda yararl\u0131 olup olmayaca\u011f\u0131n\u0131 belirler. <\/p>\n","protected":false},"excerpt":{"rendered":"<p>Kararl\u0131 ve s\u0131n\u0131r tan\u0131maz olu\u015f; bilimsel y\u00f6ntemle fikir \u00fcretmenin tamlayan\u0131d\u0131r; ikincildir. Ayd\u0131nlanma, d\u00fc\u015f\u00fcnce \u00fcretimiyle de\u011fil, bi\u00e7imlendiren ve \u00f6ylece fikre karakter kazand\u0131ran bilincin vasf\u0131yla ilintilidir. Bu nedenle;<span class=\"excerpt-hellip\"> [\u2026]<\/span><\/p>\n","protected":false},"featured_media":0,"template":"","meta":{"_monsterinsights_skip_tracking":false,"_monsterinsights_sitenote_active":false,"_monsterinsights_sitenote_note":"","_monsterinsights_sitenote_category":0},"product_brand":[],"product_cat":[12388],"product_tag":[],"class_list":{"0":"post-752303","1":"product","2":"type-product","3":"status-publish","5":"product_cat-felsefe","6":"pa_cilt-ciltsiz","7":"pa_tur-kitap","8":"pa_yayinevi-nitelik-kitap","9":"pa_yazar-babur-pinar","11":"first","12":"instock","13":"sale","14":"shipping-taxable","15":"purchasable","16":"product-type-simple"},"_links":{"self":[{"href":"https:\/\/roveyayinevi.com.tr\/index.php\/wp-json\/wp\/v2\/product\/752303","targetHints":{"allow":["GET"]}}],"collection":[{"href":"https:\/\/roveyayinevi.com.tr\/index.php\/wp-json\/wp\/v2\/product"}],"about":[{"href":"https:\/\/roveyayinevi.com.tr\/index.php\/wp-json\/wp\/v2\/types\/product"}],"wp:attachment":[{"href":"https:\/\/roveyayinevi.com.tr\/index.php\/wp-json\/wp\/v2\/media?parent=752303"}],"wp:term":[{"taxonomy":"product_brand","embeddable":true,"href":"https:\/\/roveyayinevi.com.tr\/index.php\/wp-json\/wp\/v2\/product_brand?post=752303"},{"taxonomy":"product_cat","embeddable":true,"href":"https:\/\/roveyayinevi.com.tr\/index.php\/wp-json\/wp\/v2\/product_cat?post=752303"},{"taxonomy":"product_tag","embeddable":true,"href":"https:\/\/roveyayinevi.com.tr\/index.php\/wp-json\/wp\/v2\/product_tag?post=752303"}],"curies":[{"name":"wp","href":"https:\/\/api.w.org\/{rel}","templated":true}]}}