{"id":752300,"date":"2025-08-28T05:12:43","date_gmt":"2025-08-28T02:12:43","guid":{"rendered":"https:\/\/roveyayinevi.com.tr\/index.php\/urun\/100-yilinda-turkiye-seyahatnamesi\/"},"modified":"2026-04-16T03:05:37","modified_gmt":"2026-04-16T00:05:37","slug":"100-yilinda-turkiye-seyahatnamesi","status":"publish","type":"product","link":"https:\/\/roveyayinevi.com.tr\/index.php\/urun\/100-yilinda-turkiye-seyahatnamesi\/","title":{"rendered":"100. Y\u0131l\u0131nda T\u00fcrkiye Seyahatnamesi"},"content":{"rendered":"<p>T\u00fcrkiye t\u00fcm par\u00e7alar\u0131 birbirinden farkl\u0131 olsa da b\u00fct\u00fcn\u00fcnde inan\u0131lmaz bir panoramas\u0131 olan kocaman bir \u00fclke. Bir k\u00e2\u015fif olarak ben, ancak d\u00fcnyay\u0131 dola\u015f\u0131rken hissedebildi\u011fim o m\u00fcthi\u015f duyguyu, devasa bir puzzle&#8217;a benzetti\u011fim T\u00fcrkiye&#8217;de il il, k\u00f6y k\u00f6y gezerken hissediyorum. Bir anda \u015five de\u011fi\u015fiyor, mimari ve do\u011fa hayran b\u0131rak\u0131yor, yiyecekler ve y\u00f6re mutfa\u011f\u0131 akl\u0131n\u0131z\u0131 ba\u015f\u0131n\u0131zdan al\u0131yor. Ve kendimi \u00e7o\u011fu kez bu kocaman puzzle&#8217;da kaybolmu\u015f bir k\u00e2\u015fif gibi hissediyorum.\u0130\u015fte bana bu kitab\u0131 neden haz\u0131rlad\u0131n diye sorarsan\u0131z, size verece\u011fim cevap haz\u0131r: bu \u00e7ok \u00f6zel co\u011frafyada ya\u015fayan o \u015fansl\u0131 insanlardan oldu\u011fumuzu bir kez daha hat\u0131rlatmak i\u00e7in\u2026On y\u0131ld\u0131r y\u00fcz bin kilometrenin \u00fczerinde yol yapt\u0131m ve T\u00fcrkiye&#8217;de her \u015fehri en az d\u00f6rt kez ke\u015ffetme f\u0131rsat\u0131m oldu. Ya\u015fad\u0131\u011f\u0131m t\u00fcm deneyimleri ve \u00e7ekti\u011fim foto\u011fraflar\u0131 bu kitap arac\u0131l\u0131\u011f\u0131yla sizlerle payla\u015fmak istedim.Her seyahate \u00e7\u0131kmadan \u00f6nce cevab\u0131n\u0131 arad\u0131\u011f\u0131m, &#8220;Ne zaman gitmeliyim? Neden gitmeliyim? Gidince ne yapmal\u0131y\u0131m?&#8221; gibi sorular\u0131n kar\u015f\u0131l\u0131\u011f\u0131n\u0131 bu kitapta sizlerle bulu\u015fturman\u0131n heyecan\u0131 i\u00e7indeyim.Kitapta sizleri neler mi bekliyor?Mesela elinizde tuttu\u011funuz bu kitapta 81 il hakk\u0131nda \u00e7ok ilgin\u00e7 bilgiler var; rota tavsiyeleri, mek\u00e2n ve otel \u00f6nerileri, festival tarihleri ve m\u00fcze bilgileri gibi.Kitab\u0131n s\u0131ra d\u0131\u015f\u0131 bir \u00f6zelli\u011fi de her \u015fehir \u00f6zelinde haz\u0131rlanan QR kodlar. Toplam 174 QR kod ile o \u015fehrin t\u00fcrk\u00fclerini dinleyebilecek, rotalar\u0131na online haritalar \u00fczerinden eri\u015ferek bulundu\u011funuz yerden uzakl\u0131\u011f\u0131n\u0131z\u0131 \u00f6l\u00e7ebilecek hatta t\u00fcm Google kullan\u0131c\u0131lar\u0131n\u0131n yorumlar\u0131na buradan ula\u015fabileceksiniz. Bir di\u011fer \u00f6nemli \u00f6zellik de online ve offline d\u00fcnyan\u0131n bulu\u015ftu\u011fu bu kitap sayesinde bundan sonra da edinece\u011fim t\u00fcm deneyimleri yine mevcut QR kodlar \u00fczerinden sizlerle payla\u015fmaya devam edebilecek olmam&#8230;Ya\u015fayan bir kitaba ho\u015f geldiniz!<\/p>\n","protected":false},"excerpt":{"rendered":"<p>T\u00fcrkiye t\u00fcm par\u00e7alar\u0131 birbirinden farkl\u0131 olsa da b\u00fct\u00fcn\u00fcnde inan\u0131lmaz bir panoramas\u0131 olan kocaman bir \u00fclke. Bir k\u00e2\u015fif olarak ben, ancak d\u00fcnyay\u0131 dola\u015f\u0131rken hissedebildi\u011fim o m\u00fcthi\u015f duyguyu,<span class=\"excerpt-hellip\"> [\u2026]<\/span><\/p>\n","protected":false},"featured_media":0,"template":"","meta":{"_monsterinsights_skip_tracking":false,"_monsterinsights_sitenote_active":false,"_monsterinsights_sitenote_note":"","_monsterinsights_sitenote_category":0},"product_brand":[],"product_cat":[13054,88605],"product_tag":[],"class_list":{"0":"post-752300","1":"product","2":"type-product","3":"status-publish","5":"product_cat-gezi-ve-rehber-kitaplari","6":"product_cat-turkiye-rehberi","7":"pa_cilt-ciltsiz","8":"pa_tur-kitap","9":"pa_yayinevi-altin-kitaplar","10":"pa_yazar-seymen-bozaslan","12":"first","13":"instock","14":"sale","15":"shipping-taxable","16":"purchasable","17":"product-type-simple"},"_links":{"self":[{"href":"https:\/\/roveyayinevi.com.tr\/index.php\/wp-json\/wp\/v2\/product\/752300","targetHints":{"allow":["GET"]}}],"collection":[{"href":"https:\/\/roveyayinevi.com.tr\/index.php\/wp-json\/wp\/v2\/product"}],"about":[{"href":"https:\/\/roveyayinevi.com.tr\/index.php\/wp-json\/wp\/v2\/types\/product"}],"wp:attachment":[{"href":"https:\/\/roveyayinevi.com.tr\/index.php\/wp-json\/wp\/v2\/media?parent=752300"}],"wp:term":[{"taxonomy":"product_brand","embeddable":true,"href":"https:\/\/roveyayinevi.com.tr\/index.php\/wp-json\/wp\/v2\/product_brand?post=752300"},{"taxonomy":"product_cat","embeddable":true,"href":"https:\/\/roveyayinevi.com.tr\/index.php\/wp-json\/wp\/v2\/product_cat?post=752300"},{"taxonomy":"product_tag","embeddable":true,"href":"https:\/\/roveyayinevi.com.tr\/index.php\/wp-json\/wp\/v2\/product_tag?post=752300"}],"curies":[{"name":"wp","href":"https:\/\/api.w.org\/{rel}","templated":true}]}}