{"id":752299,"date":"2025-08-28T05:12:42","date_gmt":"2025-08-28T02:12:42","guid":{"rendered":"https:\/\/roveyayinevi.com.tr\/index.php\/urun\/filistinde-iki-resim\/"},"modified":"2026-04-16T03:05:37","modified_gmt":"2026-04-16T00:05:37","slug":"filistinde-iki-resim","status":"publish","type":"product","link":"https:\/\/roveyayinevi.com.tr\/index.php\/urun\/filistinde-iki-resim\/","title":{"rendered":"Filistin&#8217;de \u0130ki Resim"},"content":{"rendered":"<p>Kim bilir belki de, ezilen halklar\u0131n m\u00fccadelesi, sabun kokan sa\u00e7lar\u0131 \u00f6zg\u00fcrle\u015ftirecek ve ac\u0131lar\u0131 silyip s\u00fcp\u00fcrecektir. <\/p>\n","protected":false},"excerpt":{"rendered":"<p>Kim bilir belki de, ezilen halklar\u0131n m\u00fccadelesi, sabun kokan sa\u00e7lar\u0131 \u00f6zg\u00fcrle\u015ftirecek ve ac\u0131lar\u0131 silyip s\u00fcp\u00fcrecektir.<\/p>\n","protected":false},"featured_media":0,"template":"","meta":{"_monsterinsights_skip_tracking":false,"_monsterinsights_sitenote_active":false,"_monsterinsights_sitenote_note":"","_monsterinsights_sitenote_category":0},"product_brand":[],"product_cat":[12291,12711],"product_tag":[],"class_list":{"0":"post-752299","1":"product","2":"type-product","3":"status-publish","5":"product_cat-edebiyat","6":"product_cat-roman-oyku","7":"pa_cilt-ciltsiz","8":"pa_tur-kitap","9":"pa_yayinevi-nitelik-kitap","10":"pa_yazar-yasar-kupeli","12":"first","13":"instock","14":"sale","15":"shipping-taxable","16":"purchasable","17":"product-type-simple"},"_links":{"self":[{"href":"https:\/\/roveyayinevi.com.tr\/index.php\/wp-json\/wp\/v2\/product\/752299","targetHints":{"allow":["GET"]}}],"collection":[{"href":"https:\/\/roveyayinevi.com.tr\/index.php\/wp-json\/wp\/v2\/product"}],"about":[{"href":"https:\/\/roveyayinevi.com.tr\/index.php\/wp-json\/wp\/v2\/types\/product"}],"wp:attachment":[{"href":"https:\/\/roveyayinevi.com.tr\/index.php\/wp-json\/wp\/v2\/media?parent=752299"}],"wp:term":[{"taxonomy":"product_brand","embeddable":true,"href":"https:\/\/roveyayinevi.com.tr\/index.php\/wp-json\/wp\/v2\/product_brand?post=752299"},{"taxonomy":"product_cat","embeddable":true,"href":"https:\/\/roveyayinevi.com.tr\/index.php\/wp-json\/wp\/v2\/product_cat?post=752299"},{"taxonomy":"product_tag","embeddable":true,"href":"https:\/\/roveyayinevi.com.tr\/index.php\/wp-json\/wp\/v2\/product_tag?post=752299"}],"curies":[{"name":"wp","href":"https:\/\/api.w.org\/{rel}","templated":true}]}}