{"id":752298,"date":"2025-08-28T05:12:40","date_gmt":"2025-08-28T02:12:40","guid":{"rendered":"https:\/\/roveyayinevi.com.tr\/index.php\/urun\/emperyalizm-ve-ulusal-sorun\/"},"modified":"2026-04-16T03:05:37","modified_gmt":"2026-04-16T00:05:37","slug":"emperyalizm-ve-ulusal-sorun","status":"publish","type":"product","link":"https:\/\/roveyayinevi.com.tr\/index.php\/urun\/emperyalizm-ve-ulusal-sorun\/","title":{"rendered":"Emperyalizm ve Ulusal Sorun"},"content":{"rendered":"<p>Halklar\u0131n, kurtulu\u015f bayra\u011f\u0131n\u0131 yukar\u0131 kald\u0131rmas\u0131, s\u00f6m\u00fcrgeci cepheye kar\u015f\u0131 devrimci ele\u015ftirel tav\u0131r tak\u0131nmas\u0131 ve aya\u011fa kalkmas\u0131; ya\u015fam hakk\u0131n\u0131n kullan\u0131lmas\u0131d\u0131r .\u0130nsanca ya\u015fam, her t\u00fcr k\u00f6leli\u011fin reddidir. K\u00f6leli\u011fe r\u0131za; ezilen ve s\u00f6m\u00fcr\u00fclen insanl\u0131\u011f\u0131n kendine ihanetidir. K\u00f6leli\u011fe ve s\u00f6m\u00fcrgecili\u011fe kar\u015f\u0131 sava\u015f\u0131m vermeyen emek\u00e7iler, kapitalist sistemin her ne bi\u00e7imde olursa olsun yeniden \u00fcretti\u011fi k\u00f6leli\u011fi; dolay\u0131s\u0131yla kapitalizmin t\u00fcm belas\u0131n\u0131 kabullenir. Bu kabul\u00fc zorunluluk sayan k\u00f6le halklar\u0131n, durumundan \u015fikayeti; egemen burjuva iktidar\u0131n\u0131n \u00e7ektirdi\u011fi ac\u0131lardan haz almay\u0131, \u00f6l\u00fcmden kurtulu\u015f avuntusu yapan akl\u0131n umutsuz i\u00e7 \u00e7eki\u015fidir. <\/p>\n","protected":false},"excerpt":{"rendered":"<p>Halklar\u0131n, kurtulu\u015f bayra\u011f\u0131n\u0131 yukar\u0131 kald\u0131rmas\u0131, s\u00f6m\u00fcrgeci cepheye kar\u015f\u0131 devrimci ele\u015ftirel tav\u0131r tak\u0131nmas\u0131 ve aya\u011fa kalkmas\u0131; ya\u015fam hakk\u0131n\u0131n kullan\u0131lmas\u0131d\u0131r .\u0130nsanca ya\u015fam, her t\u00fcr k\u00f6leli\u011fin reddidir. K\u00f6leli\u011fe r\u0131za;<span class=\"excerpt-hellip\"> [\u2026]<\/span><\/p>\n","protected":false},"featured_media":0,"template":"","meta":{"_monsterinsights_skip_tracking":false,"_monsterinsights_sitenote_active":false,"_monsterinsights_sitenote_note":"","_monsterinsights_sitenote_category":0},"product_brand":[],"product_cat":[12337],"product_tag":[],"class_list":{"0":"post-752298","1":"product","2":"type-product","3":"status-publish","5":"product_cat-politika-siyaset","6":"pa_cilt-ciltsiz","7":"pa_tur-kitap","8":"pa_yayinevi-nitelik-kitap","9":"pa_yazar-kolektif","11":"first","12":"instock","13":"sale","14":"shipping-taxable","15":"purchasable","16":"product-type-simple"},"_links":{"self":[{"href":"https:\/\/roveyayinevi.com.tr\/index.php\/wp-json\/wp\/v2\/product\/752298","targetHints":{"allow":["GET"]}}],"collection":[{"href":"https:\/\/roveyayinevi.com.tr\/index.php\/wp-json\/wp\/v2\/product"}],"about":[{"href":"https:\/\/roveyayinevi.com.tr\/index.php\/wp-json\/wp\/v2\/types\/product"}],"wp:attachment":[{"href":"https:\/\/roveyayinevi.com.tr\/index.php\/wp-json\/wp\/v2\/media?parent=752298"}],"wp:term":[{"taxonomy":"product_brand","embeddable":true,"href":"https:\/\/roveyayinevi.com.tr\/index.php\/wp-json\/wp\/v2\/product_brand?post=752298"},{"taxonomy":"product_cat","embeddable":true,"href":"https:\/\/roveyayinevi.com.tr\/index.php\/wp-json\/wp\/v2\/product_cat?post=752298"},{"taxonomy":"product_tag","embeddable":true,"href":"https:\/\/roveyayinevi.com.tr\/index.php\/wp-json\/wp\/v2\/product_tag?post=752298"}],"curies":[{"name":"wp","href":"https:\/\/api.w.org\/{rel}","templated":true}]}}