{"id":752297,"date":"2025-08-28T05:12:39","date_gmt":"2025-08-28T02:12:39","guid":{"rendered":"https:\/\/roveyayinevi.com.tr\/index.php\/urun\/iktisat-ve-toplum-dergisi-153-sayi-heterodoks-ve-ortodoks-tartismasi\/"},"modified":"2026-04-16T03:05:37","modified_gmt":"2026-04-16T00:05:37","slug":"iktisat-ve-toplum-dergisi-153-sayi-heterodoks-ve-ortodoks-tartismasi","status":"publish","type":"product","link":"https:\/\/roveyayinevi.com.tr\/index.php\/urun\/iktisat-ve-toplum-dergisi-153-sayi-heterodoks-ve-ortodoks-tartismasi\/","title":{"rendered":"\u0130ktisat ve Toplum Dergisi 153. Say\u0131: Heterodoks ve Ortodoks Tart\u0131\u015fmas\u0131"},"content":{"rendered":"<p>Bu say\u0131da: Dikotomi Kavram\u0131 \u00dczerine &#8211; Mahfi E\u011filmez \u201cKara Murat Benim!\u201d Anaak\u0131m \u0130ktisatta Heterodoksi &#8211; H\u00fcseyin \u00d6zel Heterodoks \u0130stikrar Programlar\u0131 &#8211; O\u011fuz Esen Ekonomik Model Tart\u0131\u015fmalar\u0131 II: D\u0131\u015f A\u00e7\u0131k ve Yeni Ekonomi Politikas\u0131 &#8211; Ege Yazgan 2023 Genel Se\u00e7imlerinin Ard\u0131ndan &#8211; Ersin Kalayc\u0131o\u011flu Sosyal Bilimciler Konu\u015fuyor: Ay\u015fe \u0130mrohoro\u011flu Osman Aydo\u011fu\u015f An\u0131s\u0131na Simit Ekonomisi S\u00fcrd\u00fcr\u00fclebilir Bir Ekonomi Modeli Olabilir mi? &#8211; R. Funda Barbaros Ya\u015fayan \u00d6l\u00fcler: T\u00fcrkiye\u2019deki Zombi Firmalar \u00dczerine K\u0131sa Bir Not &#8211; Erkan Erdil \u201cBilimsel ve Teknolojik Geli\u015fmelerin H\u0131zla Artt\u0131\u011f\u0131 G\u00fcn\u00fcm\u00fczde\u201d Bilim ve Teknoloji \u0130leti\u015fimi &#8211; Arsev Umur Ayd\u0131no\u011flu Amit Bhaduri ve Silvio Gesell&#8217;in Yard\u0131m\u0131yla Marjinal Verimlili\u011fe G\u00f6re B\u00f6l\u00fc\u015f\u00fcm ve T\u00fcrkiye &#8211; Cem Mehmet Baydur S\u00f6m\u00fcr\u00fc Oran\u0131 ve Sermayenin Organik Birle\u015fiminin K\u00e2r Oran\u0131 \u00dczerine Etkisi &#8211; Turan Suba\u015fat, Volkan Demir Yirminci Y\u00fczy\u0131l Ticari Deniz Ta\u015f\u0131mac\u0131l\u0131\u011f\u0131ndaki En Kritik Yenilik: Konteyner ya da Ta\u015f\u0131ma Kab\u0131 &#8211; Ergun T\u00fcrkcan Paran\u0131n Yarat\u0131l\u0131\u015f Y\u00f6ntemleri \u00dczerine &#8211; Arda Tunca K\u0131yamet G\u00fcn\u00fc ile Yery\u00fcz\u00fc Cenneti Aras\u0131nda Bir Yerde&#8230; &#8211; M. Aykut Attar Fritz Neumark\u2019\u0131n G\u00f6z\u00fcnden \u00dcniversite, Vergi ve T\u00fcrkiye &#8211; Ali Sina \u00d6nder Sanat\u0131n Politik Ekonomisi ve K\u00fclt\u00fcr End\u00fcstrisi (I): K\u00fclt\u00fcr ve Sanatta Emperyalizm Olur mu? &#8211; Sacit Hadi Akdede Haf\u0131zas\u0131z Topraklar &#8211; Ya\u015far Ta\u015fk\u0131n Ko\u00e7 Kimlerdensiniz? \u201cTolstoycu\u201d mu yoksa \u201cDostoyevskici\u201d mi? &#8211; G\u00fcl\u00e7in Elif Y\u00fccel<\/p>\n","protected":false},"excerpt":{"rendered":"<p>Bu say\u0131da: Dikotomi Kavram\u0131 \u00dczerine &#8211; Mahfi E\u011filmez \u201cKara Murat Benim!\u201d Anaak\u0131m \u0130ktisatta Heterodoksi &#8211; H\u00fcseyin \u00d6zel Heterodoks \u0130stikrar Programlar\u0131 &#8211; O\u011fuz Esen Ekonomik Model Tart\u0131\u015fmalar\u0131<span class=\"excerpt-hellip\"> [\u2026]<\/span><\/p>\n","protected":false},"featured_media":0,"template":"","meta":{"_monsterinsights_skip_tracking":false,"_monsterinsights_sitenote_active":false,"_monsterinsights_sitenote_note":"","_monsterinsights_sitenote_category":0},"product_brand":[],"product_cat":[13527],"product_tag":[],"class_list":{"0":"post-752297","1":"product","2":"type-product","3":"status-publish","5":"product_cat-sureli-yayinlar","6":"pa_cilt-ciltsiz","7":"pa_tur-dergi","8":"pa_yayinevi-efil-yayinevi-dergi","9":"pa_yazar-kolektif","11":"first","12":"instock","13":"sale","14":"shipping-taxable","15":"purchasable","16":"product-type-simple"},"_links":{"self":[{"href":"https:\/\/roveyayinevi.com.tr\/index.php\/wp-json\/wp\/v2\/product\/752297","targetHints":{"allow":["GET"]}}],"collection":[{"href":"https:\/\/roveyayinevi.com.tr\/index.php\/wp-json\/wp\/v2\/product"}],"about":[{"href":"https:\/\/roveyayinevi.com.tr\/index.php\/wp-json\/wp\/v2\/types\/product"}],"wp:attachment":[{"href":"https:\/\/roveyayinevi.com.tr\/index.php\/wp-json\/wp\/v2\/media?parent=752297"}],"wp:term":[{"taxonomy":"product_brand","embeddable":true,"href":"https:\/\/roveyayinevi.com.tr\/index.php\/wp-json\/wp\/v2\/product_brand?post=752297"},{"taxonomy":"product_cat","embeddable":true,"href":"https:\/\/roveyayinevi.com.tr\/index.php\/wp-json\/wp\/v2\/product_cat?post=752297"},{"taxonomy":"product_tag","embeddable":true,"href":"https:\/\/roveyayinevi.com.tr\/index.php\/wp-json\/wp\/v2\/product_tag?post=752297"}],"curies":[{"name":"wp","href":"https:\/\/api.w.org\/{rel}","templated":true}]}}