{"id":752296,"date":"2025-08-28T05:12:38","date_gmt":"2025-08-28T02:12:38","guid":{"rendered":"https:\/\/roveyayinevi.com.tr\/index.php\/urun\/deniz-icin-deniz-ile\/"},"modified":"2026-04-16T03:05:37","modified_gmt":"2026-04-16T00:05:37","slug":"deniz-icin-deniz-ile","status":"publish","type":"product","link":"https:\/\/roveyayinevi.com.tr\/index.php\/urun\/deniz-icin-deniz-ile\/","title":{"rendered":"Deniz \u0130\u00e7in Deniz \u0130le"},"content":{"rendered":"<p>G\u00fcne\u015f a\u011flarsa S\u0131cak Y\u0131ld\u0131zlar a\u011flarsa Mavi G\u00f6ky\u00fcz\u00fc a\u011flarsa \u0130nci olur g\u00f6zya\u015flar\u0131 Kan a\u011flar y\u00fcrekler Deniz i\u00e7in Yusuf i\u00e7in H\u00fcseyin i\u00e7in <\/p>\n","protected":false},"excerpt":{"rendered":"<p>G\u00fcne\u015f a\u011flarsa S\u0131cak Y\u0131ld\u0131zlar a\u011flarsa Mavi G\u00f6ky\u00fcz\u00fc a\u011flarsa \u0130nci olur g\u00f6zya\u015flar\u0131 Kan a\u011flar y\u00fcrekler Deniz i\u00e7in Yusuf i\u00e7in H\u00fcseyin i\u00e7in<\/p>\n","protected":false},"featured_media":0,"template":"","meta":{"_monsterinsights_skip_tracking":false,"_monsterinsights_sitenote_active":false,"_monsterinsights_sitenote_note":"","_monsterinsights_sitenote_category":0},"product_brand":[],"product_cat":[12291,12509],"product_tag":[],"class_list":{"0":"post-752296","1":"product","2":"type-product","3":"status-publish","5":"product_cat-edebiyat","6":"product_cat-siir","7":"pa_cilt-ciltsiz","8":"pa_tur-kitap","9":"pa_yayinevi-nitelik-kitap","10":"pa_yazar-veli-cengiz","12":"first","13":"instock","14":"sale","15":"shipping-taxable","16":"purchasable","17":"product-type-simple"},"_links":{"self":[{"href":"https:\/\/roveyayinevi.com.tr\/index.php\/wp-json\/wp\/v2\/product\/752296","targetHints":{"allow":["GET"]}}],"collection":[{"href":"https:\/\/roveyayinevi.com.tr\/index.php\/wp-json\/wp\/v2\/product"}],"about":[{"href":"https:\/\/roveyayinevi.com.tr\/index.php\/wp-json\/wp\/v2\/types\/product"}],"wp:attachment":[{"href":"https:\/\/roveyayinevi.com.tr\/index.php\/wp-json\/wp\/v2\/media?parent=752296"}],"wp:term":[{"taxonomy":"product_brand","embeddable":true,"href":"https:\/\/roveyayinevi.com.tr\/index.php\/wp-json\/wp\/v2\/product_brand?post=752296"},{"taxonomy":"product_cat","embeddable":true,"href":"https:\/\/roveyayinevi.com.tr\/index.php\/wp-json\/wp\/v2\/product_cat?post=752296"},{"taxonomy":"product_tag","embeddable":true,"href":"https:\/\/roveyayinevi.com.tr\/index.php\/wp-json\/wp\/v2\/product_tag?post=752296"}],"curies":[{"name":"wp","href":"https:\/\/api.w.org\/{rel}","templated":true}]}}