{"id":752295,"date":"2025-08-28T05:12:36","date_gmt":"2025-08-28T02:12:36","guid":{"rendered":"https:\/\/roveyayinevi.com.tr\/index.php\/urun\/bir-yurek-sancisi\/"},"modified":"2026-04-16T03:05:37","modified_gmt":"2026-04-16T00:05:37","slug":"bir-yurek-sancisi","status":"publish","type":"product","link":"https:\/\/roveyayinevi.com.tr\/index.php\/urun\/bir-yurek-sancisi\/","title":{"rendered":"Bir Y\u00fcrek Sanc\u0131s\u0131"},"content":{"rendered":"<p>\u201cG\u00fczel karde\u015fim Alt\u0131nda\u011f\u2019d\u0131r buras\u0131 Solmas\u0131n g\u00f6zlerinin karas\u0131 Gonca g\u00fcllerinde kalm\u0131\u015f akl\u0131n yar\u0131s\u0131 A\u015fkt\u0131r sevgidir bilirim y\u00fcrek yaras\u0131\u201d <\/p>\n","protected":false},"excerpt":{"rendered":"<p>\u201cG\u00fczel karde\u015fim Alt\u0131nda\u011f\u2019d\u0131r buras\u0131 Solmas\u0131n g\u00f6zlerinin karas\u0131 Gonca g\u00fcllerinde kalm\u0131\u015f akl\u0131n yar\u0131s\u0131 A\u015fkt\u0131r sevgidir bilirim y\u00fcrek yaras\u0131\u201d<\/p>\n","protected":false},"featured_media":0,"template":"","meta":{"_monsterinsights_skip_tracking":false,"_monsterinsights_sitenote_active":false,"_monsterinsights_sitenote_note":"","_monsterinsights_sitenote_category":0},"product_brand":[],"product_cat":[12291,12509],"product_tag":[],"class_list":{"0":"post-752295","1":"product","2":"type-product","3":"status-publish","5":"product_cat-edebiyat","6":"product_cat-siir","7":"pa_cilt-ciltsiz","8":"pa_tur-kitap","9":"pa_yayinevi-nitelik-kitap","10":"pa_yazar-hidir-aydur","12":"first","13":"instock","14":"sale","15":"shipping-taxable","16":"purchasable","17":"product-type-simple"},"_links":{"self":[{"href":"https:\/\/roveyayinevi.com.tr\/index.php\/wp-json\/wp\/v2\/product\/752295","targetHints":{"allow":["GET"]}}],"collection":[{"href":"https:\/\/roveyayinevi.com.tr\/index.php\/wp-json\/wp\/v2\/product"}],"about":[{"href":"https:\/\/roveyayinevi.com.tr\/index.php\/wp-json\/wp\/v2\/types\/product"}],"wp:attachment":[{"href":"https:\/\/roveyayinevi.com.tr\/index.php\/wp-json\/wp\/v2\/media?parent=752295"}],"wp:term":[{"taxonomy":"product_brand","embeddable":true,"href":"https:\/\/roveyayinevi.com.tr\/index.php\/wp-json\/wp\/v2\/product_brand?post=752295"},{"taxonomy":"product_cat","embeddable":true,"href":"https:\/\/roveyayinevi.com.tr\/index.php\/wp-json\/wp\/v2\/product_cat?post=752295"},{"taxonomy":"product_tag","embeddable":true,"href":"https:\/\/roveyayinevi.com.tr\/index.php\/wp-json\/wp\/v2\/product_tag?post=752295"}],"curies":[{"name":"wp","href":"https:\/\/api.w.org\/{rel}","templated":true}]}}