{"id":752293,"date":"2025-08-28T05:12:33","date_gmt":"2025-08-28T02:12:33","guid":{"rendered":"https:\/\/roveyayinevi.com.tr\/index.php\/urun\/bilemezsin\/"},"modified":"2026-04-16T03:05:37","modified_gmt":"2026-04-16T00:05:37","slug":"bilemezsin","status":"publish","type":"product","link":"https:\/\/roveyayinevi.com.tr\/index.php\/urun\/bilemezsin\/","title":{"rendered":"Bilemezsin"},"content":{"rendered":"<p>Ka\u00e7 ate\u015ften g\u00f6mlek giydirir ac\u0131lar Ka\u00e7 \u015f\u0131k k\u0131yafet giydirir mutluluk Ka\u00e7 tane at g\u00f6zl\u00fc\u011f\u00fcn\u00fc atmak gerekir ger\u00e7ekler i\u00e7in Ka\u00e7 kombin yapt\u0131r\u0131r mant\u0131k ve kalp Ne giymek gerekir \u00f6zg\u00fcrce ya\u015famak i\u00e7in <\/p>\n","protected":false},"excerpt":{"rendered":"<p>Ka\u00e7 ate\u015ften g\u00f6mlek giydirir ac\u0131lar Ka\u00e7 \u015f\u0131k k\u0131yafet giydirir mutluluk Ka\u00e7 tane at g\u00f6zl\u00fc\u011f\u00fcn\u00fc atmak gerekir ger\u00e7ekler i\u00e7in Ka\u00e7 kombin yapt\u0131r\u0131r mant\u0131k ve kalp Ne giymek<span class=\"excerpt-hellip\"> [\u2026]<\/span><\/p>\n","protected":false},"featured_media":0,"template":"","meta":{"_monsterinsights_skip_tracking":false,"_monsterinsights_sitenote_active":false,"_monsterinsights_sitenote_note":"","_monsterinsights_sitenote_category":0},"product_brand":[],"product_cat":[12291,12509],"product_tag":[],"class_list":{"0":"post-752293","1":"product","2":"type-product","3":"status-publish","5":"product_cat-edebiyat","6":"product_cat-siir","7":"pa_cilt-ciltsiz","8":"pa_tur-kitap","9":"pa_yayinevi-nitelik-kitap","10":"pa_yazar-helin-kahya","12":"first","13":"instock","14":"sale","15":"shipping-taxable","16":"purchasable","17":"product-type-simple"},"_links":{"self":[{"href":"https:\/\/roveyayinevi.com.tr\/index.php\/wp-json\/wp\/v2\/product\/752293","targetHints":{"allow":["GET"]}}],"collection":[{"href":"https:\/\/roveyayinevi.com.tr\/index.php\/wp-json\/wp\/v2\/product"}],"about":[{"href":"https:\/\/roveyayinevi.com.tr\/index.php\/wp-json\/wp\/v2\/types\/product"}],"wp:attachment":[{"href":"https:\/\/roveyayinevi.com.tr\/index.php\/wp-json\/wp\/v2\/media?parent=752293"}],"wp:term":[{"taxonomy":"product_brand","embeddable":true,"href":"https:\/\/roveyayinevi.com.tr\/index.php\/wp-json\/wp\/v2\/product_brand?post=752293"},{"taxonomy":"product_cat","embeddable":true,"href":"https:\/\/roveyayinevi.com.tr\/index.php\/wp-json\/wp\/v2\/product_cat?post=752293"},{"taxonomy":"product_tag","embeddable":true,"href":"https:\/\/roveyayinevi.com.tr\/index.php\/wp-json\/wp\/v2\/product_tag?post=752293"}],"curies":[{"name":"wp","href":"https:\/\/api.w.org\/{rel}","templated":true}]}}