{"id":752292,"date":"2025-08-28T05:12:31","date_gmt":"2025-08-28T02:12:31","guid":{"rendered":"https:\/\/roveyayinevi.com.tr\/index.php\/urun\/belki-kafdagi-gokceadadir\/"},"modified":"2026-04-12T03:09:06","modified_gmt":"2026-04-12T00:09:06","slug":"belki-kafdagi-gokceadadir","status":"publish","type":"product","link":"https:\/\/roveyayinevi.com.tr\/index.php\/urun\/belki-kafdagi-gokceadadir\/","title":{"rendered":"Belki Kafda\u011f\u0131 G\u00f6k\u00e7eada&#8217;d\u0131r"},"content":{"rendered":"<p>Kandil yakt\u0131m Siz eksildiniz Cam\u0131 erittim Da\u011fland\u0131 g\u00f6zleriniz   Tanr\u0131ya inand\u0131m sonra Soyundu \u00fcz\u00fcm \u015earap olydu \u00f6mr\u00fcm Akl\u0131ma akt\u0131 sevda K\u0131rlang\u0131\u00e7 mevsime R\u00fczgar evime Akl\u0131m gidene Deli divane <\/p>\n","protected":false},"excerpt":{"rendered":"<p>Kandil yakt\u0131m Siz eksildiniz Cam\u0131 erittim Da\u011fland\u0131 g\u00f6zleriniz Tanr\u0131ya inand\u0131m sonra Soyundu \u00fcz\u00fcm \u015earap olydu \u00f6mr\u00fcm Akl\u0131ma akt\u0131 sevda K\u0131rlang\u0131\u00e7 mevsime R\u00fczgar evime Akl\u0131m gidene Deli<span class=\"excerpt-hellip\"> [\u2026]<\/span><\/p>\n","protected":false},"featured_media":0,"template":"","meta":{"_monsterinsights_skip_tracking":false,"_monsterinsights_sitenote_active":false,"_monsterinsights_sitenote_note":"","_monsterinsights_sitenote_category":0},"product_brand":[],"product_cat":[12291,12509],"product_tag":[],"class_list":{"0":"post-752292","1":"product","2":"type-product","3":"status-publish","5":"product_cat-edebiyat","6":"product_cat-siir","7":"pa_cilt-ciltsiz","8":"pa_tur-kitap","9":"pa_yayinevi-nitelik-kitap","10":"pa_yazar-cemal-karakus","12":"first","13":"instock","14":"sale","15":"shipping-taxable","16":"purchasable","17":"product-type-simple"},"_links":{"self":[{"href":"https:\/\/roveyayinevi.com.tr\/index.php\/wp-json\/wp\/v2\/product\/752292","targetHints":{"allow":["GET"]}}],"collection":[{"href":"https:\/\/roveyayinevi.com.tr\/index.php\/wp-json\/wp\/v2\/product"}],"about":[{"href":"https:\/\/roveyayinevi.com.tr\/index.php\/wp-json\/wp\/v2\/types\/product"}],"wp:attachment":[{"href":"https:\/\/roveyayinevi.com.tr\/index.php\/wp-json\/wp\/v2\/media?parent=752292"}],"wp:term":[{"taxonomy":"product_brand","embeddable":true,"href":"https:\/\/roveyayinevi.com.tr\/index.php\/wp-json\/wp\/v2\/product_brand?post=752292"},{"taxonomy":"product_cat","embeddable":true,"href":"https:\/\/roveyayinevi.com.tr\/index.php\/wp-json\/wp\/v2\/product_cat?post=752292"},{"taxonomy":"product_tag","embeddable":true,"href":"https:\/\/roveyayinevi.com.tr\/index.php\/wp-json\/wp\/v2\/product_tag?post=752292"}],"curies":[{"name":"wp","href":"https:\/\/api.w.org\/{rel}","templated":true}]}}