{"id":752290,"date":"2025-08-28T05:12:28","date_gmt":"2025-08-28T02:12:28","guid":{"rendered":"https:\/\/roveyayinevi.com.tr\/index.php\/urun\/gokbilimciler-genc-bilim-insanlari\/"},"modified":"2025-11-06T09:19:14","modified_gmt":"2025-11-06T06:19:14","slug":"gokbilimciler-genc-bilim-insanlari","status":"publish","type":"product","link":"https:\/\/roveyayinevi.com.tr\/index.php\/urun\/gokbilimciler-genc-bilim-insanlari\/","title":{"rendered":"G\u00f6kbilimciler &#8211; Gen\u00e7 Bilim \u0130nsanlar\u0131"},"content":{"rendered":"<p>S\u0131k\u0131 \u00e7al\u0131\u015fma, merak, azim ve kararl\u0131l\u0131\u011f\u0131n hayatta ba\u015far\u0131l\u0131 olabilmek i\u00e7in ne kadar \u00f6nemli oldu\u011funu \u00e7ocuklar\u0131n kavramas\u0131n\u0131 sa\u011flayacak ve onlara rehberlik edecek, bilime \u00f6nc\u00fcl\u00fck eden be\u015f \u00f6nemli bilim insan\u0131n\u0131n ilham veren ya\u015fam \u00f6yk\u00fcs\u00fc.   Zor \u015fartlar alt\u0131nda \u00e7ocukluklar\u0131n\u0131 ge\u00e7iren; kimi zaman \u00e7al\u0131\u015fmalar\u0131 engellenen, kimi zaman ba\u015far\u0131l\u0131 olamayacaklar\u0131na inan\u0131lan; zorluklar kar\u015f\u0131s\u0131nda asla pes etmeyen; \u00f6\u011frenme hevesleri asla t\u00fckenmeyen; kararl\u0131l\u0131kla bilimsel \u00e7al\u0131\u015fmalar\u0131na, \u00f6\u011frenme yolculuklar\u0131na devam eden bilim insanlar\u0131&#8230; \u00c7ocuklar\u0131n onlar\u0131n hayatlar\u0131ndan \u00f6\u011frenece\u011fi ve kendilerine \u00f6rnek alaca\u011f\u0131 \u00e7ok \u015fey var. <\/p>\n","protected":false},"excerpt":{"rendered":"<p>S\u0131k\u0131 \u00e7al\u0131\u015fma, merak, azim ve kararl\u0131l\u0131\u011f\u0131n hayatta ba\u015far\u0131l\u0131 olabilmek i\u00e7in ne kadar \u00f6nemli oldu\u011funu \u00e7ocuklar\u0131n kavramas\u0131n\u0131 sa\u011flayacak ve onlara rehberlik edecek, bilime \u00f6nc\u00fcl\u00fck eden be\u015f \u00f6nemli<span class=\"excerpt-hellip\"> [\u2026]<\/span><\/p>\n","protected":false},"featured_media":0,"template":"","meta":{"_monsterinsights_skip_tracking":false,"_monsterinsights_sitenote_active":false,"_monsterinsights_sitenote_note":"","_monsterinsights_sitenote_category":0},"product_brand":[],"product_cat":[13829,12274],"product_tag":[],"class_list":{"0":"post-752290","1":"product","2":"type-product","3":"status-publish","5":"product_cat-bilimsel-kitaplar","6":"product_cat-cocuk-ve-genclik-kitaplari","7":"pa_cilt-ciltsiz","8":"pa_tur-kitap","9":"pa_yayinevi-1001-cicek-kitaplar","10":"pa_yazar-nury-vitachi","12":"first","13":"instock","14":"sale","15":"shipping-taxable","16":"purchasable","17":"product-type-simple"},"_links":{"self":[{"href":"https:\/\/roveyayinevi.com.tr\/index.php\/wp-json\/wp\/v2\/product\/752290","targetHints":{"allow":["GET"]}}],"collection":[{"href":"https:\/\/roveyayinevi.com.tr\/index.php\/wp-json\/wp\/v2\/product"}],"about":[{"href":"https:\/\/roveyayinevi.com.tr\/index.php\/wp-json\/wp\/v2\/types\/product"}],"wp:attachment":[{"href":"https:\/\/roveyayinevi.com.tr\/index.php\/wp-json\/wp\/v2\/media?parent=752290"}],"wp:term":[{"taxonomy":"product_brand","embeddable":true,"href":"https:\/\/roveyayinevi.com.tr\/index.php\/wp-json\/wp\/v2\/product_brand?post=752290"},{"taxonomy":"product_cat","embeddable":true,"href":"https:\/\/roveyayinevi.com.tr\/index.php\/wp-json\/wp\/v2\/product_cat?post=752290"},{"taxonomy":"product_tag","embeddable":true,"href":"https:\/\/roveyayinevi.com.tr\/index.php\/wp-json\/wp\/v2\/product_tag?post=752290"}],"curies":[{"name":"wp","href":"https:\/\/api.w.org\/{rel}","templated":true}]}}