{"id":752287,"date":"2025-08-28T05:12:23","date_gmt":"2025-08-28T02:12:23","guid":{"rendered":"https:\/\/roveyayinevi.com.tr\/index.php\/urun\/alevilik-din-ve-tarih-soylesisi\/"},"modified":"2026-04-16T03:05:37","modified_gmt":"2026-04-16T00:05:37","slug":"alevilik-din-ve-tarih-soylesisi","status":"publish","type":"product","link":"https:\/\/roveyayinevi.com.tr\/index.php\/urun\/alevilik-din-ve-tarih-soylesisi\/","title":{"rendered":"Alevilik &#8211; Din Ve Tarih S\u00f6yle\u015fisi"},"content":{"rendered":"<p>Alevilik esas itibariyle d\u00fcnyevi bir inan\u00e7t\u0131r. Alevilik\u2019te de bir \u00f6teki d\u00fcnya var ama bir hayli farkl\u0131l\u0131k arzediyor. Buna don de\u011fi\u015ftirmek diyorlar. \u0130nsan\u0131n ba\u015fka bir g\u00f6r\u00fcn\u00fcme b\u00fcr\u00fcnmesi anlam\u0131na geliyor. Dolay\u0131s\u0131yla Alevilik bu d\u00fcnyaya yo\u011funla\u015f\u0131yor. \u00c7\u00fcnk\u00fc Tanr\u0131 ile bu d\u00fcnyada bulu\u015fman\u0131n veya bu d\u00fcnyada ona ula\u015fman\u0131n m\u00fcmk\u00fcn oldu\u011fu inanc\u0131na dayan\u0131yor. Bu, onun, hayatla ve maddi ger\u00e7eklikle kurdu\u011fu ili\u015fkiden ileri geliyor. Hayat ise bir ahenk ve uyum \u00fczerine kuruludur. \u00d6rnek vermek gerekirse: \u0130nsan nas\u0131l ya\u015f\u0131yor veya insan v\u00fccudu nas\u0131l \u00e7al\u0131\u015f\u0131yor? Muazzam bir ahenk ve uyum i\u00e7erisinde&#8230;  Sa\u011fl\u0131k derken kastetti\u011fimiz \u015fey budur. Hastal\u0131k dedi\u011fimiz \u015fey, bu ahenk ve uyumun bozulmas\u0131d\u0131r. Kalbiniz ne kadar sa\u011flam olursa olsun, akci\u011feriniz veya b\u00f6bre\u011finizle uyum i\u00e7erisinde \u00e7al\u0131\u015fm\u0131yorsa; v\u00fccut, fonksiyonlar\u0131n\u0131 yerine getiremez. \u00d6l\u00fcm, bu ahenk ve uyumun geri d\u00f6n\u00fclmez \u015fekilde son bulmas\u0131 de\u011fil mi? <\/p>\n","protected":false},"excerpt":{"rendered":"<p>Alevilik esas itibariyle d\u00fcnyevi bir inan\u00e7t\u0131r. Alevilik\u2019te de bir \u00f6teki d\u00fcnya var ama bir hayli farkl\u0131l\u0131k arzediyor. Buna don de\u011fi\u015ftirmek diyorlar. \u0130nsan\u0131n ba\u015fka bir g\u00f6r\u00fcn\u00fcme b\u00fcr\u00fcnmesi<span class=\"excerpt-hellip\"> [\u2026]<\/span><\/p>\n","protected":false},"featured_media":0,"template":"","meta":{"_monsterinsights_skip_tracking":false,"_monsterinsights_sitenote_active":false,"_monsterinsights_sitenote_note":"","_monsterinsights_sitenote_category":0},"product_brand":[],"product_cat":[12389,12388],"product_tag":[],"class_list":{"0":"post-752287","1":"product","2":"type-product","3":"status-publish","5":"product_cat-diger-felsefe","6":"product_cat-felsefe","7":"pa_cilt-ciltsiz","8":"pa_tur-kitap","9":"pa_yayinevi-nitelik-kitap","10":"pa_yazar-ferhat-ali-unlubayir","12":"first","13":"instock","14":"sale","15":"shipping-taxable","16":"purchasable","17":"product-type-simple"},"_links":{"self":[{"href":"https:\/\/roveyayinevi.com.tr\/index.php\/wp-json\/wp\/v2\/product\/752287","targetHints":{"allow":["GET"]}}],"collection":[{"href":"https:\/\/roveyayinevi.com.tr\/index.php\/wp-json\/wp\/v2\/product"}],"about":[{"href":"https:\/\/roveyayinevi.com.tr\/index.php\/wp-json\/wp\/v2\/types\/product"}],"wp:attachment":[{"href":"https:\/\/roveyayinevi.com.tr\/index.php\/wp-json\/wp\/v2\/media?parent=752287"}],"wp:term":[{"taxonomy":"product_brand","embeddable":true,"href":"https:\/\/roveyayinevi.com.tr\/index.php\/wp-json\/wp\/v2\/product_brand?post=752287"},{"taxonomy":"product_cat","embeddable":true,"href":"https:\/\/roveyayinevi.com.tr\/index.php\/wp-json\/wp\/v2\/product_cat?post=752287"},{"taxonomy":"product_tag","embeddable":true,"href":"https:\/\/roveyayinevi.com.tr\/index.php\/wp-json\/wp\/v2\/product_tag?post=752287"}],"curies":[{"name":"wp","href":"https:\/\/api.w.org\/{rel}","templated":true}]}}