{"id":752284,"date":"2025-08-28T05:12:19","date_gmt":"2025-08-28T02:12:19","guid":{"rendered":"https:\/\/roveyayinevi.com.tr\/index.php\/urun\/video-cozumlu-10-yds-deneme-sinavi-3\/"},"modified":"2026-03-11T03:28:22","modified_gmt":"2026-03-11T00:28:22","slug":"video-cozumlu-10-yds-deneme-sinavi-3","status":"publish","type":"product","link":"https:\/\/roveyayinevi.com.tr\/index.php\/urun\/video-cozumlu-10-yds-deneme-sinavi-3\/","title":{"rendered":"Video \u00c7\u00f6z\u00fcml\u00fc 10 YDS Deneme S\u0131nav\u0131 &#8211; 3"},"content":{"rendered":"<p>V\u0130DEO \u00c7\u00d6Z\u00dcML\u00dc 10 YDS DENEME SINAVI \u2013 3   Bu kitab\u0131m\u0131zda tam 10 adet YDS denemesi bulunmaktad\u0131r. Her bir deneme, YDS\u2019nin zorluk seviyesine g\u00f6re haz\u0131rlanm\u0131\u015ft\u0131r. S\u0131navlar i\u00e7erik ve zorluk seviyesi olarak son y\u0131llarda yap\u0131lan YDS\u2019ler ile b\u00fcy\u00fck benzerlik g\u00f6stermektedir. Ayr\u0131ca YDT&#8217;ye haz\u0131rlanan \u00fcniversite adaylar\u0131 i\u00e7in de etkili bir kaynak olacakt\u0131r.   Video \u00c7\u00f6z\u00fcml\u00fc 10 YDS deneme s\u0131nav\u0131 kitab\u0131m\u0131zdaki denemeler Tijen TAN G\u00dcLSE ve \u00dcmit I\u015eIKLI taraf\u0131ndan Ankara Dil Akademisi i\u00e7in haz\u0131rlanm\u0131\u015ft\u0131r. Denemelerin video \u00e7\u00f6z\u00fcmleri www.ankaradil.com web sitemiz \u00fczerinden olu\u015fturdu\u011funuz mail adresi ve \u015fifresiyle E\u011fitim Portal\u0131\u2019nda izlenecektir. Kitab\u0131m\u0131zdaki t\u00fcm denemeler hem son YDS\u2019lere uygundur hem de g\u00fcncel konu i\u00e7erikleri ile size en do\u011fru \u00e7al\u0131\u015fmay\u0131 sa\u011flar.   Hedefinize ula\u015fman\u0131z\u0131 arzu ediyor, ba\u015far\u0131lar diliyoruz.   Tijen TAN G\u00dcLSE  &#8211; \u00dcmit I\u015eIKLI   &gt; Videolar, 6 ay boyunca a\u00e7\u0131k kalacakt\u0131r. <\/p>\n","protected":false},"excerpt":{"rendered":"<p>V\u0130DEO \u00c7\u00d6Z\u00dcML\u00dc 10 YDS DENEME SINAVI \u2013 3 Bu kitab\u0131m\u0131zda tam 10 adet YDS denemesi bulunmaktad\u0131r. Her bir deneme, YDS\u2019nin zorluk seviyesine g\u00f6re haz\u0131rlanm\u0131\u015ft\u0131r. S\u0131navlar i\u00e7erik<span class=\"excerpt-hellip\"> [\u2026]<\/span><\/p>\n","protected":false},"featured_media":0,"template":"","meta":{"_monsterinsights_skip_tracking":false,"_monsterinsights_sitenote_active":false,"_monsterinsights_sitenote_note":"","_monsterinsights_sitenote_category":0},"product_brand":[],"product_cat":[12566,13473],"product_tag":[],"class_list":{"0":"post-752284","1":"product","2":"type-product","3":"status-publish","5":"product_cat-egitim","6":"product_cat-sinavlara-hazirlik-okula-yardimci-kaynaklar","7":"pa_cilt-ciltsiz","8":"pa_tur-kitap","9":"pa_yayinevi-ankara-dil-akademisi","10":"pa_yazar-tijen-tan-gulse-umit-isikli","12":"first","13":"instock","14":"sale","15":"shipping-taxable","16":"purchasable","17":"product-type-simple"},"_links":{"self":[{"href":"https:\/\/roveyayinevi.com.tr\/index.php\/wp-json\/wp\/v2\/product\/752284","targetHints":{"allow":["GET"]}}],"collection":[{"href":"https:\/\/roveyayinevi.com.tr\/index.php\/wp-json\/wp\/v2\/product"}],"about":[{"href":"https:\/\/roveyayinevi.com.tr\/index.php\/wp-json\/wp\/v2\/types\/product"}],"wp:attachment":[{"href":"https:\/\/roveyayinevi.com.tr\/index.php\/wp-json\/wp\/v2\/media?parent=752284"}],"wp:term":[{"taxonomy":"product_brand","embeddable":true,"href":"https:\/\/roveyayinevi.com.tr\/index.php\/wp-json\/wp\/v2\/product_brand?post=752284"},{"taxonomy":"product_cat","embeddable":true,"href":"https:\/\/roveyayinevi.com.tr\/index.php\/wp-json\/wp\/v2\/product_cat?post=752284"},{"taxonomy":"product_tag","embeddable":true,"href":"https:\/\/roveyayinevi.com.tr\/index.php\/wp-json\/wp\/v2\/product_tag?post=752284"}],"curies":[{"name":"wp","href":"https:\/\/api.w.org\/{rel}","templated":true}]}}