{"id":752283,"date":"2025-08-28T05:12:18","date_gmt":"2025-08-28T02:12:18","guid":{"rendered":"https:\/\/roveyayinevi.com.tr\/index.php\/urun\/test-leap\/"},"modified":"2026-04-03T03:07:25","modified_gmt":"2026-04-03T00:07:25","slug":"test-leap","status":"publish","type":"product","link":"https:\/\/roveyayinevi.com.tr\/index.php\/urun\/test-leap\/","title":{"rendered":"Test Leap"},"content":{"rendered":"<p>TEST LEAP &#8211; S\u0131nav Ba\u015far\u0131n\u0131z \u0130\u00e7in Kesin Ad\u0131m     TEST LEAP, \u0130ngilizce dil s\u0131navlar\u0131nda performans\u0131n\u0131z\u0131 y\u00fckseltmek i\u00e7in tasarlanm\u0131\u015f kapsaml\u0131 bir rehber. Kelime, dilbilgisi, edat ve ba\u011fla\u00e7 konular\u0131n\u0131 i\u00e7eren 40 \u00f6zenle haz\u0131rlanm\u0131\u015f test ve a\u00e7\u0131klay\u0131c\u0131 \u00e7\u00f6z\u00fcmleri ile dolu bu kitap, potansiyelinizi ortaya \u00e7\u0131karmak i\u00e7in anahtar niteli\u011finde.   YDS, Y\u00d6KD\u0130L ve YDT s\u0131navlar\u0131n\u0131n ba\u015flang\u0131\u00e7 sorular\u0131n\u0131n kritik \u00f6nemini g\u00f6z \u00f6n\u00fcnde bulunduran TEST LEAP, bu b\u00f6l\u00fcmlere odaklan\u0131yor. YDS&#8217;deki ilk 16 soru, Y\u00d6KD\u0130L&#8217;deki ilk 20 soru ve YDT&#8217;deki ilk 15 sorunun hem biz \u0130ngilizce \u00f6\u011fretmenleri hem de s\u0131navlara haz\u0131rlanan \u00f6\u011frenciler olarak ne kadar \u00f6nemli oldu\u011funu \u00e7ok iyi biliyoruz. Bu b\u00f6l\u00fcmlerdeki ba\u015far\u0131, performans ve h\u0131z\u0131n\u0131z, s\u0131nav\u0131n geri kalan\u0131nda do\u011fru yakla\u015f\u0131m\u0131n\u0131z\u0131 ve do\u011fru cevaplar\u0131 verebilme yetene\u011finizi etkiler. Ayr\u0131ca, bu sorulara etkili bir \u015fekilde h\u0131zl\u0131ca yan\u0131t verebilmek, zaman kazanman\u0131z\u0131 ve s\u0131nav\u0131 verilen s\u00fcre i\u00e7inde tamamlaman\u0131z\u0131 sa\u011flar.   Bu fakt\u00f6rleri g\u00f6z \u00f6n\u00fcnde bulundurarak, TEST LEAP&#8217;i olu\u015fturma ve sizinle payla\u015fma karar\u0131 ald\u0131k ve s\u0131nav haz\u0131rl\u0131\u011f\u0131n\u0131za b\u00fcy\u00fck fayda sa\u011flayaca\u011f\u0131na inan\u0131yoruz. Kitaptaki her test, YDS, Y\u00d6KD\u0130L ve YDT s\u0131navlar\u0131n\u0131n g\u00fcncel formatlar\u0131n\u0131 yans\u0131tmak \u00fczere \u00f6zenle tasarlanm\u0131\u015ft\u0131r ve bilginizi ve becerilerinizi ger\u00e7ekten test edecek zorlay\u0131c\u0131 sorular\u0131 i\u00e7ermektedir.   Unutmay\u0131n, s\u0131nav tarz\u0131 sorulara ne kadar \u00e7ok maruz kal\u0131rsan\u0131z, o kadar \u00e7ok bilgi ve deneyim kazan\u0131rs\u0131n\u0131z. TEST LEAP ile pratik yapma ve becerilerinizi geli\u015ftirme f\u0131rsat\u0131 sunuyoruz.   Hedeflerinize ula\u015fman\u0131z\u0131 i\u00e7tenlikle diliyoruz. TEST LEAP, s\u0131nav zaferinize giden yolculu\u011funuzda g\u00fcvenilir bir yol arkada\u015f\u0131n\u0131z olsun.   Tijen Tan G\u00dcLSE &#8211; \u00dcmit I\u015eIKLI <\/p>\n","protected":false},"excerpt":{"rendered":"<p>TEST LEAP &#8211; S\u0131nav Ba\u015far\u0131n\u0131z \u0130\u00e7in Kesin Ad\u0131m TEST LEAP, \u0130ngilizce dil s\u0131navlar\u0131nda performans\u0131n\u0131z\u0131 y\u00fckseltmek i\u00e7in tasarlanm\u0131\u015f kapsaml\u0131 bir rehber. Kelime, dilbilgisi, edat ve ba\u011fla\u00e7 konular\u0131n\u0131<span class=\"excerpt-hellip\"> [\u2026]<\/span><\/p>\n","protected":false},"featured_media":0,"template":"","meta":{"_monsterinsights_skip_tracking":false,"_monsterinsights_sitenote_active":false,"_monsterinsights_sitenote_note":"","_monsterinsights_sitenote_category":0},"product_brand":[],"product_cat":[12566,13473],"product_tag":[],"class_list":{"0":"post-752283","1":"product","2":"type-product","3":"status-publish","5":"product_cat-egitim","6":"product_cat-sinavlara-hazirlik-okula-yardimci-kaynaklar","7":"pa_cilt-ciltsiz","8":"pa_tur-kitap","9":"pa_yayinevi-ankara-dil-akademisi","10":"pa_yazar-tijen-tan-gulse-umit-isikli","12":"first","13":"instock","14":"sale","15":"shipping-taxable","16":"purchasable","17":"product-type-simple"},"_links":{"self":[{"href":"https:\/\/roveyayinevi.com.tr\/index.php\/wp-json\/wp\/v2\/product\/752283","targetHints":{"allow":["GET"]}}],"collection":[{"href":"https:\/\/roveyayinevi.com.tr\/index.php\/wp-json\/wp\/v2\/product"}],"about":[{"href":"https:\/\/roveyayinevi.com.tr\/index.php\/wp-json\/wp\/v2\/types\/product"}],"wp:attachment":[{"href":"https:\/\/roveyayinevi.com.tr\/index.php\/wp-json\/wp\/v2\/media?parent=752283"}],"wp:term":[{"taxonomy":"product_brand","embeddable":true,"href":"https:\/\/roveyayinevi.com.tr\/index.php\/wp-json\/wp\/v2\/product_brand?post=752283"},{"taxonomy":"product_cat","embeddable":true,"href":"https:\/\/roveyayinevi.com.tr\/index.php\/wp-json\/wp\/v2\/product_cat?post=752283"},{"taxonomy":"product_tag","embeddable":true,"href":"https:\/\/roveyayinevi.com.tr\/index.php\/wp-json\/wp\/v2\/product_tag?post=752283"}],"curies":[{"name":"wp","href":"https:\/\/api.w.org\/{rel}","templated":true}]}}