{"id":752281,"date":"2025-08-28T05:12:15","date_gmt":"2025-08-28T02:12:15","guid":{"rendered":"https:\/\/roveyayinevi.com.tr\/index.php\/urun\/vurgunum\/"},"modified":"2026-04-16T03:05:37","modified_gmt":"2026-04-16T00:05:37","slug":"vurgunum","status":"publish","type":"product","link":"https:\/\/roveyayinevi.com.tr\/index.php\/urun\/vurgunum\/","title":{"rendered":"Vurgunum"},"content":{"rendered":"<p>Kulak ver de dinle beni S\u00f6ze vurgunum, s\u00f6ze ben Kul eden kendine seni G\u00f6ze vurgunum, g\u00f6ze ben   Meylim yok parada pulda Marifet aramam \u00e7ulda Hakk\u2019\u0131n yaratt\u0131\u011f\u0131 kulda \u00d6ze vurgunum, \u00f6ze ben   Yeter ki sen Hakk\u2019a dayan Her halin Allah\u2019a ayan \u0130brahimleri yakmayan K\u00f6ze vurgunum, k\u00f6ze ben   Dikkat et aman ha aman Devir ba\u015fka, fena zaman Hem T\u00fcrk ve hem de M\u00fcsl\u00fcman Size vurgunum, size ben   Mezar son durak var\u0131lan Dost mu hak s\u00f6ze dar\u0131lan Bir tek secdeye k\u0131r\u0131lan Dize vurgunum, dize ben   Bats\u0131n Hakk\u2019a eri\u015fmeyen K\u00f6rd\u00fcr O\u2019nla yeti\u015fmeyen Parmaktaki de\u011fi\u015fmeyen \u0130ze vurgunum, ize ben   Eskir sonunda her yeni Toprak sarar onca teni Bo\u015f vermi\u015fim seni, beni Bize vurgunum, bize ben <\/p>\n","protected":false},"excerpt":{"rendered":"<p>Kulak ver de dinle beni S\u00f6ze vurgunum, s\u00f6ze ben Kul eden kendine seni G\u00f6ze vurgunum, g\u00f6ze ben Meylim yok parada pulda Marifet aramam \u00e7ulda Hakk\u2019\u0131n yaratt\u0131\u011f\u0131<span class=\"excerpt-hellip\"> [\u2026]<\/span><\/p>\n","protected":false},"featured_media":0,"template":"","meta":{"_monsterinsights_skip_tracking":false,"_monsterinsights_sitenote_active":false,"_monsterinsights_sitenote_note":"","_monsterinsights_sitenote_category":0},"product_brand":[],"product_cat":[12291,12509],"product_tag":[],"class_list":{"0":"post-752281","1":"product","2":"type-product","3":"status-publish","5":"product_cat-edebiyat","6":"product_cat-siir","7":"pa_cilt-ciltsiz","8":"pa_tur-kitap","9":"pa_yayinevi-gulnar-yayinlari","10":"pa_yazar-halil-manus","12":"first","13":"instock","14":"sale","15":"shipping-taxable","16":"purchasable","17":"product-type-simple"},"_links":{"self":[{"href":"https:\/\/roveyayinevi.com.tr\/index.php\/wp-json\/wp\/v2\/product\/752281","targetHints":{"allow":["GET"]}}],"collection":[{"href":"https:\/\/roveyayinevi.com.tr\/index.php\/wp-json\/wp\/v2\/product"}],"about":[{"href":"https:\/\/roveyayinevi.com.tr\/index.php\/wp-json\/wp\/v2\/types\/product"}],"wp:attachment":[{"href":"https:\/\/roveyayinevi.com.tr\/index.php\/wp-json\/wp\/v2\/media?parent=752281"}],"wp:term":[{"taxonomy":"product_brand","embeddable":true,"href":"https:\/\/roveyayinevi.com.tr\/index.php\/wp-json\/wp\/v2\/product_brand?post=752281"},{"taxonomy":"product_cat","embeddable":true,"href":"https:\/\/roveyayinevi.com.tr\/index.php\/wp-json\/wp\/v2\/product_cat?post=752281"},{"taxonomy":"product_tag","embeddable":true,"href":"https:\/\/roveyayinevi.com.tr\/index.php\/wp-json\/wp\/v2\/product_tag?post=752281"}],"curies":[{"name":"wp","href":"https:\/\/api.w.org\/{rel}","templated":true}]}}