{"id":752280,"date":"2025-08-28T05:12:13","date_gmt":"2025-08-28T02:12:13","guid":{"rendered":"https:\/\/roveyayinevi.com.tr\/index.php\/urun\/bir-turku-soylenir-bizim-ellerde\/"},"modified":"2026-04-16T03:05:37","modified_gmt":"2026-04-16T00:05:37","slug":"bir-turku-soylenir-bizim-ellerde","status":"publish","type":"product","link":"https:\/\/roveyayinevi.com.tr\/index.php\/urun\/bir-turku-soylenir-bizim-ellerde\/","title":{"rendered":"Bir T\u00fcrk\u00fc S\u00f6ylenir Bizim Ellerde"},"content":{"rendered":"<p>Bir t\u00fcrk\u00fc s\u00f6ylenir bizim ellerde Ne makam\u0131 belli ne de s\u00f6zleri Bir sevda k\u00fcllenir tatl\u0131 dillerde Ne duman\u0131 belli ne de k\u00f6zleri   Bir sava\u015f \u00e7\u0131\u011fl\u0131\u011f\u0131 alm\u0131\u015f y\u00fcr\u00fcm\u00fc\u015f G\u00f6n\u00fcl da\u011flar\u0131n\u0131 duman b\u00fcr\u00fcm\u00fc\u015f Akort yoldan \u00e7\u0131km\u0131\u015f maya erimi\u015f \u0130nsanl\u0131k kalmam\u0131\u015f vicdan \u00e7\u00fcr\u00fcm\u00fc\u015f   Bir \u015fehidimiz var daha gen\u00e7 ya\u015f\u0131 Analar a\u011fl\u0131yor dinmez g\u00f6zya\u015f\u0131 Kimler planl\u0131yor sinsi sava\u015f\u0131 Kanla sulan\u0131yor yurdun her ta\u015f\u0131   Bir nutuk at\u0131l\u0131r bar\u0131\u015f yollarda Atlar h\u0131zl\u0131 ko\u015far gayda nallarda Kelep\u00e7enin izi kalm\u0131\u015f kollarda Kahrolmu\u015f \u00e7i\u00e7ekler a\u00e7maz dallarda   Bir bahar beklenir g\u00f6zler ovada Da\u011f\u0131l\u0131r bulutlar uzun havada Bunca bebek yetim kalm\u0131\u015f yuvada Tencerenin dibi yanar g\u00f6zler tavada   AK ozan\u0131m yer g\u00f6k entrika dolu Kuran rehberimdir do\u011frudur yolu B\u0131rakal\u0131m beyler biz sa\u011f\u0131 solu Ba\u015fka bir vatan yok tek Anadolu   2 KASIM 2012 <\/p>\n","protected":false},"excerpt":{"rendered":"<p>Bir t\u00fcrk\u00fc s\u00f6ylenir bizim ellerde Ne makam\u0131 belli ne de s\u00f6zleri Bir sevda k\u00fcllenir tatl\u0131 dillerde Ne duman\u0131 belli ne de k\u00f6zleri Bir sava\u015f \u00e7\u0131\u011fl\u0131\u011f\u0131 alm\u0131\u015f<span class=\"excerpt-hellip\"> [\u2026]<\/span><\/p>\n","protected":false},"featured_media":0,"template":"","meta":{"_monsterinsights_skip_tracking":false,"_monsterinsights_sitenote_active":false,"_monsterinsights_sitenote_note":"","_monsterinsights_sitenote_category":0},"product_brand":[],"product_cat":[12291,12509],"product_tag":[],"class_list":{"0":"post-752280","1":"product","2":"type-product","3":"status-publish","5":"product_cat-edebiyat","6":"product_cat-siir","7":"pa_cilt-ciltsiz","8":"pa_tur-kitap","9":"pa_yayinevi-gulnar-yayinlari","10":"pa_yazar-ali-ak-ak-ozan","12":"first","13":"instock","14":"sale","15":"shipping-taxable","16":"purchasable","17":"product-type-simple"},"_links":{"self":[{"href":"https:\/\/roveyayinevi.com.tr\/index.php\/wp-json\/wp\/v2\/product\/752280","targetHints":{"allow":["GET"]}}],"collection":[{"href":"https:\/\/roveyayinevi.com.tr\/index.php\/wp-json\/wp\/v2\/product"}],"about":[{"href":"https:\/\/roveyayinevi.com.tr\/index.php\/wp-json\/wp\/v2\/types\/product"}],"wp:attachment":[{"href":"https:\/\/roveyayinevi.com.tr\/index.php\/wp-json\/wp\/v2\/media?parent=752280"}],"wp:term":[{"taxonomy":"product_brand","embeddable":true,"href":"https:\/\/roveyayinevi.com.tr\/index.php\/wp-json\/wp\/v2\/product_brand?post=752280"},{"taxonomy":"product_cat","embeddable":true,"href":"https:\/\/roveyayinevi.com.tr\/index.php\/wp-json\/wp\/v2\/product_cat?post=752280"},{"taxonomy":"product_tag","embeddable":true,"href":"https:\/\/roveyayinevi.com.tr\/index.php\/wp-json\/wp\/v2\/product_tag?post=752280"}],"curies":[{"name":"wp","href":"https:\/\/api.w.org\/{rel}","templated":true}]}}