{"id":752274,"date":"2025-08-28T05:12:02","date_gmt":"2025-08-28T02:12:02","guid":{"rendered":"https:\/\/roveyayinevi.com.tr\/index.php\/urun\/vazgecmeden-once-deneyin-ernest-hemingway\/"},"modified":"2026-04-16T03:05:36","modified_gmt":"2026-04-16T00:05:36","slug":"vazgecmeden-once-deneyin-ernest-hemingway","status":"publish","type":"product","link":"https:\/\/roveyayinevi.com.tr\/index.php\/urun\/vazgecmeden-once-deneyin-ernest-hemingway\/","title":{"rendered":"Vazge\u00e7meden \u00f6nce Deneyin-Ernest Hemingway"},"content":{"rendered":"<p>\u201cHareket etmeden \u00f6nce dinleyin. Tepki vermeden \u00f6nce bir d\u00fc\u015f\u00fcn\u00fcn. Harcamadan \u00f6nce kazan\u0131n. Ele\u015ftirmeden \u00f6nce bekleyin. Dua etmeden \u00f6nce ba\u011f\u0131\u015flay\u0131n. Vazge\u00e7meden \u00f6nce deneyin.\u201d \u2013 Ernest Hemingway O, bir ya\u015fam gurusu&#8230; Asr\u0131n en b\u00fcy\u00fck yazarlar\u0131ndan biri, Nobel ve Pulitzer \u00f6d\u00fcllerini kazanm\u0131\u015f bir edebiyat\u00e7\u0131, d\u00fcnyada ad\u0131m at\u0131lmad\u0131k yer b\u0131rakmam\u0131\u015f bir gezgin, tarihin g\u00f6rebilece\u011fi en b\u00fcy\u00fck avc\u0131, yemeklere ve i\u00e7kilere ismi verilen bir ikon&#8230; Ernest Hemingway, kendinin ke\u015ffi olan Buzda\u011f\u0131 Teorisi sayesinde Charles Bukowski, Elmore Leonard ve Italo Calvino gibi \u00fcnl\u00fc yazarlara ilham olmu\u015f bir \u00f6nc\u00fcd\u00fcr de ayn\u0131 zamanda. Bu kitapta Hemingway\u2019in ya\u015famla ilgili derinlikli g\u00f6r\u00fc\u015flerini, a\u015fk-aile ve hayat\u0131n anlam\u0131 \u00fczerine tecr\u00fcbelerini bulacak, belki de yazd\u0131\u011f\u0131 en g\u00fczel hik\u00e2yesi olan ya\u015fant\u0131s\u0131n\u0131 t\u00fcm yal\u0131nl\u0131\u011f\u0131yla \u00f6\u011freneceksiniz. <\/p>\n","protected":false},"excerpt":{"rendered":"<p>\u201cHareket etmeden \u00f6nce dinleyin. Tepki vermeden \u00f6nce bir d\u00fc\u015f\u00fcn\u00fcn. Harcamadan \u00f6nce kazan\u0131n. Ele\u015ftirmeden \u00f6nce bekleyin. Dua etmeden \u00f6nce ba\u011f\u0131\u015flay\u0131n. Vazge\u00e7meden \u00f6nce deneyin.\u201d \u2013 Ernest Hemingway O,<span class=\"excerpt-hellip\"> [\u2026]<\/span><\/p>\n","protected":false},"featured_media":0,"template":"","meta":{"_monsterinsights_skip_tracking":false,"_monsterinsights_sitenote_active":false,"_monsterinsights_sitenote_note":"","_monsterinsights_sitenote_category":0},"product_brand":[],"product_cat":[14009,12291],"product_tag":[],"class_list":{"0":"post-752274","1":"product","2":"type-product","3":"status-publish","5":"product_cat-biyografi-otobiyografi-edebiyat","6":"product_cat-edebiyat","7":"pa_cilt-ciltsiz","8":"pa_tur-kitap","9":"pa_yayinevi-destek-yayinlari","10":"pa_yazar-berker-okan","12":"first","13":"instock","14":"sale","15":"shipping-taxable","16":"purchasable","17":"product-type-simple"},"_links":{"self":[{"href":"https:\/\/roveyayinevi.com.tr\/index.php\/wp-json\/wp\/v2\/product\/752274","targetHints":{"allow":["GET"]}}],"collection":[{"href":"https:\/\/roveyayinevi.com.tr\/index.php\/wp-json\/wp\/v2\/product"}],"about":[{"href":"https:\/\/roveyayinevi.com.tr\/index.php\/wp-json\/wp\/v2\/types\/product"}],"wp:attachment":[{"href":"https:\/\/roveyayinevi.com.tr\/index.php\/wp-json\/wp\/v2\/media?parent=752274"}],"wp:term":[{"taxonomy":"product_brand","embeddable":true,"href":"https:\/\/roveyayinevi.com.tr\/index.php\/wp-json\/wp\/v2\/product_brand?post=752274"},{"taxonomy":"product_cat","embeddable":true,"href":"https:\/\/roveyayinevi.com.tr\/index.php\/wp-json\/wp\/v2\/product_cat?post=752274"},{"taxonomy":"product_tag","embeddable":true,"href":"https:\/\/roveyayinevi.com.tr\/index.php\/wp-json\/wp\/v2\/product_tag?post=752274"}],"curies":[{"name":"wp","href":"https:\/\/api.w.org\/{rel}","templated":true}]}}