{"id":752273,"date":"2025-08-28T05:12:01","date_gmt":"2025-08-28T02:12:01","guid":{"rendered":"https:\/\/roveyayinevi.com.tr\/index.php\/urun\/demografik-isgal\/"},"modified":"2026-04-16T03:05:36","modified_gmt":"2026-04-16T00:05:36","slug":"demografik-isgal","status":"publish","type":"product","link":"https:\/\/roveyayinevi.com.tr\/index.php\/urun\/demografik-isgal\/","title":{"rendered":"Demografik \u0130\u015fgal"},"content":{"rendered":"<p>\u201cDUVARLARIMIZ DEL\u0130KLERLE DOLU, BETONDAN YAPILMI\u015e SURLARDAN Z\u0130YADE DEL\u0130K DE\u015e\u0130K A\u011eLAR KADAR G\u00dcVENL\u0130LER.\u201d \u2013 ZYGMUNT BAUMAN T\u00fcrkiye\u2019de bulundu\u011fu tespit edilen s\u0131\u011f\u0131nmac\u0131lar\u0131n ve ka\u00e7aklar\u0131n say\u0131s\u0131 13 milyonu a\u015ft\u0131. Bu g\u00f6\u00e7 hareketi T\u00fcrkiye\u2019nin milli kimli\u011fini, milli g\u00fcvenli\u011fini, T\u00fcrk milletinin ekonomik refah\u0131n\u0131 ve s\u0131n\u0131r b\u00f6lgelerinde demografik yap\u0131y\u0131 de\u011fi\u015ftirerek T\u00fcrkiye\u2019nin gelece\u011fini tehdit etmeye \u00e7oktan ba\u015flad\u0131. \u0130\u015fin en \u00fcrk\u00fct\u00fcc\u00fc taraflar\u0131ndan biri de istisnalar d\u0131\u015f\u0131nda siyasetin de, bas\u0131n\u0131n da, akademilerin de, ayd\u0131nlar\u0131n da sanki T\u00fcrkiye d\u00fcnyan\u0131n en fazla s\u0131\u011f\u0131nmac\u0131 bulunan \u00fclkesi de\u011filmi\u015f, sanki bir i\u00e7sava\u015fa s\u00fcr\u00fcklenmek istenmiyormu\u015f gibi davran\u0131yor olmas\u0131&#8230; Ger\u00e7ekler T\u00fcrk halk\u0131ndan d\u00f6rt koldan gizleniyor. T\u00fcrkiye\u2019yi bir ulus-devletten \u00fcmmet toplumuna d\u00f6n\u00fc\u015ft\u00fcrmek i\u00e7in demografik de\u011fi\u015fimi destekleyenler, halk\u0131n Suriyeli s\u0131\u011f\u0131nmac\u0131lar ba\u015fta olmak \u00fczere, ka\u00e7aklara kar\u015f\u0131 tepkilerinin ortaya \u00e7\u0131kmas\u0131n\u0131 engellemek i\u00e7in yo\u011fun bir bilgi karartmas\u0131 ve bask\u0131 ger\u00e7ekle\u015ftiriyorlar. B\u00fct\u00fcn bu olumsuz geli\u015fmelere ra\u011fmen T\u00fcrk milletinin vatan\u0131n\u0131 geri almas\u0131 h\u00e2l\u00e2 m\u00fcmk\u00fcn&#8230; Bu kitap g\u00fcnden g\u00fcnde k\u00f6klenerek yay\u0131lmakta olan tehlikenin boyutunu ger\u00e7ek verilerle ortaya koymak ve \u00e7\u00f6z\u00fcm yollar\u0131n\u0131 sunmak \u00fczere kaleme al\u0131nm\u0131\u015ft\u0131r. <\/p>\n","protected":false},"excerpt":{"rendered":"<p>\u201cDUVARLARIMIZ DEL\u0130KLERLE DOLU, BETONDAN YAPILMI\u015e SURLARDAN Z\u0130YADE DEL\u0130K DE\u015e\u0130K A\u011eLAR KADAR G\u00dcVENL\u0130LER.\u201d \u2013 ZYGMUNT BAUMAN T\u00fcrkiye\u2019de bulundu\u011fu tespit edilen s\u0131\u011f\u0131nmac\u0131lar\u0131n ve ka\u00e7aklar\u0131n say\u0131s\u0131 13 milyonu a\u015ft\u0131.<span class=\"excerpt-hellip\"> [\u2026]<\/span><\/p>\n","protected":false},"featured_media":0,"template":"","meta":{"_monsterinsights_skip_tracking":false,"_monsterinsights_sitenote_active":false,"_monsterinsights_sitenote_note":"","_monsterinsights_sitenote_category":0},"product_brand":[],"product_cat":[13590,12337],"product_tag":[],"class_list":{"0":"post-752273","1":"product","2":"type-product","3":"status-publish","5":"product_cat-arastirma-inceleme-politika-siyaset","6":"product_cat-politika-siyaset","7":"pa_cilt-ciltsiz","8":"pa_tur-kitap","9":"pa_yayinevi-destek-yayinlari","10":"pa_yazar-umit-ozdag","12":"first","13":"instock","14":"sale","15":"shipping-taxable","16":"purchasable","17":"product-type-simple"},"_links":{"self":[{"href":"https:\/\/roveyayinevi.com.tr\/index.php\/wp-json\/wp\/v2\/product\/752273","targetHints":{"allow":["GET"]}}],"collection":[{"href":"https:\/\/roveyayinevi.com.tr\/index.php\/wp-json\/wp\/v2\/product"}],"about":[{"href":"https:\/\/roveyayinevi.com.tr\/index.php\/wp-json\/wp\/v2\/types\/product"}],"wp:attachment":[{"href":"https:\/\/roveyayinevi.com.tr\/index.php\/wp-json\/wp\/v2\/media?parent=752273"}],"wp:term":[{"taxonomy":"product_brand","embeddable":true,"href":"https:\/\/roveyayinevi.com.tr\/index.php\/wp-json\/wp\/v2\/product_brand?post=752273"},{"taxonomy":"product_cat","embeddable":true,"href":"https:\/\/roveyayinevi.com.tr\/index.php\/wp-json\/wp\/v2\/product_cat?post=752273"},{"taxonomy":"product_tag","embeddable":true,"href":"https:\/\/roveyayinevi.com.tr\/index.php\/wp-json\/wp\/v2\/product_tag?post=752273"}],"curies":[{"name":"wp","href":"https:\/\/api.w.org\/{rel}","templated":true}]}}