{"id":752271,"date":"2025-08-28T05:11:57","date_gmt":"2025-08-28T02:11:57","guid":{"rendered":"https:\/\/roveyayinevi.com.tr\/index.php\/urun\/moskova-notlari\/"},"modified":"2026-04-16T03:05:36","modified_gmt":"2026-04-16T00:05:36","slug":"moskova-notlari","status":"publish","type":"product","link":"https:\/\/roveyayinevi.com.tr\/index.php\/urun\/moskova-notlari\/","title":{"rendered":"Moskova Notlar\u0131"},"content":{"rendered":"<p>\u201cModern T\u00fcrk tiyatrosunun kurucusu\u201d Muhsin Ertu\u011frul, d\u00f6nemin \u201ctiyatro mabetleri\u201d olarak g\u00f6rd\u00fc\u011f\u00fc Almanya, Fransa, \u0130sve\u00e7, ABD gibi bir\u00e7ok \u00fclkeye ara\u015ft\u0131rma gezileri yapm\u0131\u015f, buralarda g\u00f6rd\u00fcklerini de gazete ve dergilere yazm\u0131\u015ft\u0131r. Ama \u201ctiyatro sanat\u0131n\u0131n en y\u00fcksek mertebesi\u201dnde oldu\u011funu d\u00fc\u015f\u00fcnd\u00fc\u011f\u00fc Sovyet Rusya\u2019ya 1925 ve 1934\u2019te yapt\u0131\u011f\u0131 ziyaretlerin ve oradan yazd\u0131klar\u0131n\u0131n yeri ayr\u0131d\u0131r. Zira bu metinlerde Sovyet sanat\u00e7\u0131lar\u0131n\u0131n tiyatro ve sinema alan\u0131na getirdikleri yenilikleri anlatmakla kalmaz, oradaki b\u00fcy\u00fck ink\u0131lab\u0131n m\u00fczikten g\u00fcndelik hayata, tar\u0131mdan e\u011fitime hayat\u0131n her alan\u0131ndaki yans\u0131malar\u0131n\u0131, s\u0131radan \u201camele\u201dlerin radikal d\u00f6n\u00fc\u015f\u00fcm\u00fcn\u00fc de co\u015fkuyla kayda ge\u00e7irir.   Moskova\u2019n\u0131n b\u00fct\u00fcn sinema ve tiyatrolar\u0131na, k\u00fct\u00fcphane, m\u00fcze, konser ve opera salonlar\u0131na kolayca girer. \u201cTamir ve badana hastal\u0131\u011f\u0131\u201dna yakalanm\u0131\u015f Moskova\u2019da en \u00e7ok amele s\u0131n\u0131f\u0131n\u0131n \u015fimdiye kadar her yerde d\u0131\u015fland\u0131\u011f\u0131 y\u00fcksek sanatla bulu\u015fmas\u0131n\u0131n \u00f6rneklerine hayranl\u0131k beyan eder: Tiyatro fuayelerinde \u015f\u0131k aktrislerle beraber \u00e7ay i\u00e7en i\u015f\u00e7i k\u0131zlar\u0131, sergi salonlar\u0131n\u0131 gezen \u201ctabur tabur\u201d k\u00f6yl\u00fc ve i\u015f\u00e7iyi, temiz ve \u015f\u0131k sade k\u0131yafetleriyle tiyatro salonlar\u0131n\u0131 dolduran ameleleri, t\u0131kl\u0131m t\u0131kl\u0131m dolu k\u00fct\u00fcphaneleri, i\u015f\u00e7i \u00fcniversitelerini balland\u0131rarak ve g\u0131ptayla anlat\u0131r. \u201cBuraya geldi\u011fim g\u00fcnden beri nereye gittim ve ne g\u00f6rd\u00fcmse hepsinin kar\u015f\u0131s\u0131nda aczimizi ve cehlimizi hat\u0131rlayarak g\u00f6\u011f\u00fcs ge\u00e7irmekten zevk-yab olmaya vakit bulamad\u0131m. Ah ne geriyiz, ne geriyiz\u2026\u201d diye yak\u0131narak T\u00fcrkiye\u2019nin \u201cmedeniyet\u201d aray\u0131\u015f\u0131nda \u201ck\u00f6r de\u011fne\u011fini beller gibi\u201d yaln\u0131z Bat\u0131\u2019y\u0131 de\u011fil Sovyetler Birli\u011fi\u2019ni de model almas\u0131 gerekti\u011fine i\u015faret eder.   Nergis Ert\u00fcrk kitaba yazd\u0131\u011f\u0131 g\u00fczel sunu\u015fta \u00f6zellikle hem Muhsin Ertu\u011frul\u2019un dinin yerine ge\u00e7ecek yeni bir ahlak ve maneviyat aray\u0131\u015f\u0131n\u0131 ve bu aray\u0131\u015f\u0131n kilit \u00f6nemdeki par\u00e7as\u0131 olarak sanat ve tiyatro anlay\u0131\u015f\u0131n\u0131 ayr\u0131nt\u0131l\u0131 olarak anlat\u0131yor hem de Ertu\u011frul\u2019un bu ilgin\u00e7 metinlerini \u201cSSCB\u2019den D\u00f6n\u00fc\u015f\u201d ad\u0131 verilen seyahatname alt t\u00fcr\u00fcn\u00fcn \u00f6rnekleriyle, \u00f6zellikle Benjamin\u2019in Moskova G\u00fcnl\u00fc\u011f\u00fc\u2019yle birlikte okuyor. <\/p>\n","protected":false},"excerpt":{"rendered":"<p>\u201cModern T\u00fcrk tiyatrosunun kurucusu\u201d Muhsin Ertu\u011frul, d\u00f6nemin \u201ctiyatro mabetleri\u201d olarak g\u00f6rd\u00fc\u011f\u00fc Almanya, Fransa, \u0130sve\u00e7, ABD gibi bir\u00e7ok \u00fclkeye ara\u015ft\u0131rma gezileri yapm\u0131\u015f, buralarda g\u00f6rd\u00fcklerini de gazete ve<span class=\"excerpt-hellip\"> [\u2026]<\/span><\/p>\n","protected":false},"featured_media":0,"template":"","meta":{"_monsterinsights_skip_tracking":false,"_monsterinsights_sitenote_active":false,"_monsterinsights_sitenote_note":"","_monsterinsights_sitenote_category":0},"product_brand":[],"product_cat":[12777,12291],"product_tag":[],"class_list":{"0":"post-752271","1":"product","2":"type-product","3":"status-publish","5":"product_cat-deneme","6":"product_cat-edebiyat","7":"pa_cilt-ciltsiz","8":"pa_tur-kitap","9":"pa_yayinevi-can-yayinlari","10":"pa_yazar-muhsin-ertugrul","12":"first","13":"instock","14":"sale","15":"shipping-taxable","16":"purchasable","17":"product-type-simple"},"_links":{"self":[{"href":"https:\/\/roveyayinevi.com.tr\/index.php\/wp-json\/wp\/v2\/product\/752271","targetHints":{"allow":["GET"]}}],"collection":[{"href":"https:\/\/roveyayinevi.com.tr\/index.php\/wp-json\/wp\/v2\/product"}],"about":[{"href":"https:\/\/roveyayinevi.com.tr\/index.php\/wp-json\/wp\/v2\/types\/product"}],"wp:attachment":[{"href":"https:\/\/roveyayinevi.com.tr\/index.php\/wp-json\/wp\/v2\/media?parent=752271"}],"wp:term":[{"taxonomy":"product_brand","embeddable":true,"href":"https:\/\/roveyayinevi.com.tr\/index.php\/wp-json\/wp\/v2\/product_brand?post=752271"},{"taxonomy":"product_cat","embeddable":true,"href":"https:\/\/roveyayinevi.com.tr\/index.php\/wp-json\/wp\/v2\/product_cat?post=752271"},{"taxonomy":"product_tag","embeddable":true,"href":"https:\/\/roveyayinevi.com.tr\/index.php\/wp-json\/wp\/v2\/product_tag?post=752271"}],"curies":[{"name":"wp","href":"https:\/\/api.w.org\/{rel}","templated":true}]}}