{"id":752270,"date":"2025-08-28T05:11:55","date_gmt":"2025-08-28T02:11:55","guid":{"rendered":"https:\/\/roveyayinevi.com.tr\/index.php\/urun\/nasil-da-cennete-benziyor\/"},"modified":"2026-04-16T03:05:36","modified_gmt":"2026-04-16T00:05:36","slug":"nasil-da-cennete-benziyor","status":"publish","type":"product","link":"https:\/\/roveyayinevi.com.tr\/index.php\/urun\/nasil-da-cennete-benziyor\/","title":{"rendered":"Nas\u0131l Da Cennete Benziyor"},"content":{"rendered":"<p>Hen\u00fcz fast food restoranlar\u0131n\u0131n bile bulunmad\u0131\u011f\u0131 pastoral bir Amerikan kasabas\u0131 olan Janice, muhte\u015fem g\u00f6letiyle adeta cennetten bir k\u00f6\u015fedir. Fakat bu cennetin g\u00fczelli\u011fi, g\u00f6lete ac\u0131mas\u0131zca moloz y\u0131\u011f\u0131nlar\u0131 bo\u015faltmaya karar verenler y\u00fcz\u00fcnden tehdit alt\u0131ndad\u0131r. Kasaba sakini, ya\u015fl\u0131 bir romantik olan Lemuel Sears ise \u00e7ok sevdi\u011fi manzaran\u0131n \u00e7\u00f6pl\u00fc\u011fe d\u00f6n\u00fc\u015fmesini engellemek i\u00e7in sahtek\u00e2r politikac\u0131lara, organize su\u00e7 fig\u00fcrlerine kar\u015f\u0131 zorlu bir m\u00fccadeleye giri\u015fir.   Nas\u0131l da Cennete Benziyor, Pulitzer \u00d6d\u00fcll\u00fc John Cheever\u2019\u0131n yazd\u0131\u011f\u0131 son kitap olmas\u0131n\u0131n yan\u0131 s\u0131ra ya\u015famlar\u0131 toplumsal d\u00f6n\u00fc\u015f\u00fcmlerle alt\u00fcst olmu\u015f insanlar\u0131 anlatan modern bir fabl.    \u201cJohn Cheever b\u00fcy\u00fcleyici bir ger\u00e7ek\u00e7i; harikulade \u00f6yk\u00fcleri ve Bullet Park, Falconer Hapishanesi gibi e\u015fsiz romanlar\u0131ndaki sesi, sava\u015f sonras\u0131 Amerikan edebiyat\u0131n\u0131n \u00f6nde gelen isimleri kadar zengin ve \u00f6zg\u00fcn.\u201d                                                              Philip Roth   \u201cCheever bug\u00fcn Amerika\u2019n\u0131n en iyi hik\u00e2ye anlat\u0131c\u0131s\u0131d\u0131r.\u201d       Time <\/p>\n","protected":false},"excerpt":{"rendered":"<p>Hen\u00fcz fast food restoranlar\u0131n\u0131n bile bulunmad\u0131\u011f\u0131 pastoral bir Amerikan kasabas\u0131 olan Janice, muhte\u015fem g\u00f6letiyle adeta cennetten bir k\u00f6\u015fedir. Fakat bu cennetin g\u00fczelli\u011fi, g\u00f6lete ac\u0131mas\u0131zca moloz y\u0131\u011f\u0131nlar\u0131<span class=\"excerpt-hellip\"> [\u2026]<\/span><\/p>\n","protected":false},"featured_media":0,"template":"","meta":{"_monsterinsights_skip_tracking":false,"_monsterinsights_sitenote_active":false,"_monsterinsights_sitenote_note":"","_monsterinsights_sitenote_category":0},"product_brand":[],"product_cat":[12291,12711],"product_tag":[],"class_list":{"0":"post-752270","1":"product","2":"type-product","3":"status-publish","5":"product_cat-edebiyat","6":"product_cat-roman-oyku","7":"pa_cilt-ciltsiz","8":"pa_tur-kitap","9":"pa_yayinevi-can-yayinlari","10":"pa_yazar-john-cheever","12":"first","13":"instock","14":"sale","15":"shipping-taxable","16":"purchasable","17":"product-type-simple"},"_links":{"self":[{"href":"https:\/\/roveyayinevi.com.tr\/index.php\/wp-json\/wp\/v2\/product\/752270","targetHints":{"allow":["GET"]}}],"collection":[{"href":"https:\/\/roveyayinevi.com.tr\/index.php\/wp-json\/wp\/v2\/product"}],"about":[{"href":"https:\/\/roveyayinevi.com.tr\/index.php\/wp-json\/wp\/v2\/types\/product"}],"wp:attachment":[{"href":"https:\/\/roveyayinevi.com.tr\/index.php\/wp-json\/wp\/v2\/media?parent=752270"}],"wp:term":[{"taxonomy":"product_brand","embeddable":true,"href":"https:\/\/roveyayinevi.com.tr\/index.php\/wp-json\/wp\/v2\/product_brand?post=752270"},{"taxonomy":"product_cat","embeddable":true,"href":"https:\/\/roveyayinevi.com.tr\/index.php\/wp-json\/wp\/v2\/product_cat?post=752270"},{"taxonomy":"product_tag","embeddable":true,"href":"https:\/\/roveyayinevi.com.tr\/index.php\/wp-json\/wp\/v2\/product_tag?post=752270"}],"curies":[{"name":"wp","href":"https:\/\/api.w.org\/{rel}","templated":true}]}}