{"id":752268,"date":"2025-08-28T05:11:52","date_gmt":"2025-08-28T02:11:52","guid":{"rendered":"https:\/\/roveyayinevi.com.tr\/index.php\/urun\/zihin-acan-5-fark-bulmaca\/"},"modified":"2026-04-16T03:05:36","modified_gmt":"2026-04-16T00:05:36","slug":"zihin-acan-5-fark-bulmaca","status":"publish","type":"product","link":"https:\/\/roveyayinevi.com.tr\/index.php\/urun\/zihin-acan-5-fark-bulmaca\/","title":{"rendered":"Zihin A\u00e7an 5 Fark Bulmaca"},"content":{"rendered":"<p>Fark bulma egzersizleri; \u00e7ocu\u011funuzun konsantrasyonunu, g\u00f6zlem yetene\u011fini ve g\u00f6rsel haf\u0131zas\u0131n\u0131 geli\u015ftirirken ayn\u0131 zamanda el-g\u00f6z koordinasyonunun ve ince motor kaslar\u0131n\u0131n geli\u015fmesine de katk\u0131da bulunur. \u00c7ocu\u011funuz, ilk bak\u0131\u015fta birbiriyle ayn\u0131 gibi g\u00f6r\u00fcnen iki g\u00f6rsel aras\u0131nda kar\u015f\u0131la\u015ft\u0131rma yaparak farkl\u0131l\u0131klar\u0131 ve benzerlikleri belirleme becerisi kazan\u0131r.   \u00c7ocu\u011funuzun zihinsel kapasitesinin ve yarat\u0131c\u0131l\u0131\u011f\u0131n\u0131n artmas\u0131na yard\u0131mc\u0131 olacak Zihin A\u00e7an Fark Bulmaca serisi, \u00e7ocu\u011funuzun geli\u015fiminin \u00f6nemli ve e\u011flenceli bir par\u00e7as\u0131 olacak. Kolaydan zora do\u011fru ilerleyen serimiz ile \u00e7ocu\u011funuz e\u011flenirken \u00f6\u011frenecek.<\/p>\n","protected":false},"excerpt":{"rendered":"<p>Fark bulma egzersizleri; \u00e7ocu\u011funuzun konsantrasyonunu, g\u00f6zlem yetene\u011fini ve g\u00f6rsel haf\u0131zas\u0131n\u0131 geli\u015ftirirken ayn\u0131 zamanda el-g\u00f6z koordinasyonunun ve ince motor kaslar\u0131n\u0131n geli\u015fmesine de katk\u0131da bulunur. \u00c7ocu\u011funuz, ilk bak\u0131\u015fta<span class=\"excerpt-hellip\"> [\u2026]<\/span><\/p>\n","protected":false},"featured_media":0,"template":"","meta":{"_monsterinsights_skip_tracking":false,"_monsterinsights_sitenote_active":false,"_monsterinsights_sitenote_note":"","_monsterinsights_sitenote_category":0},"product_brand":[],"product_cat":[12274,24599],"product_tag":[],"class_list":{"0":"post-752268","1":"product","2":"type-product","3":"status-publish","5":"product_cat-cocuk-ve-genclik-kitaplari","6":"product_cat-zeka-gelisimi","7":"pa_cilt-ciltsiz","8":"pa_tur-kitap10","9":"pa_yayinevi-cocuk-gelisimi-yayinlari","10":"pa_yazar-kolektif","12":"first","13":"instock","14":"sale","15":"shipping-taxable","16":"purchasable","17":"product-type-simple"},"_links":{"self":[{"href":"https:\/\/roveyayinevi.com.tr\/index.php\/wp-json\/wp\/v2\/product\/752268","targetHints":{"allow":["GET"]}}],"collection":[{"href":"https:\/\/roveyayinevi.com.tr\/index.php\/wp-json\/wp\/v2\/product"}],"about":[{"href":"https:\/\/roveyayinevi.com.tr\/index.php\/wp-json\/wp\/v2\/types\/product"}],"wp:attachment":[{"href":"https:\/\/roveyayinevi.com.tr\/index.php\/wp-json\/wp\/v2\/media?parent=752268"}],"wp:term":[{"taxonomy":"product_brand","embeddable":true,"href":"https:\/\/roveyayinevi.com.tr\/index.php\/wp-json\/wp\/v2\/product_brand?post=752268"},{"taxonomy":"product_cat","embeddable":true,"href":"https:\/\/roveyayinevi.com.tr\/index.php\/wp-json\/wp\/v2\/product_cat?post=752268"},{"taxonomy":"product_tag","embeddable":true,"href":"https:\/\/roveyayinevi.com.tr\/index.php\/wp-json\/wp\/v2\/product_tag?post=752268"}],"curies":[{"name":"wp","href":"https:\/\/api.w.org\/{rel}","templated":true}]}}