{"id":752267,"date":"2025-08-28T05:11:51","date_gmt":"2025-08-28T02:11:51","guid":{"rendered":"https:\/\/roveyayinevi.com.tr\/index.php\/urun\/zihin-acan-labirent-bulmaca-2-seviye\/"},"modified":"2026-04-16T03:05:36","modified_gmt":"2026-04-16T00:05:36","slug":"zihin-acan-labirent-bulmaca-2-seviye","status":"publish","type":"product","link":"https:\/\/roveyayinevi.com.tr\/index.php\/urun\/zihin-acan-labirent-bulmaca-2-seviye\/","title":{"rendered":"Zihin A\u00e7an Labirent Bulmaca 2. Seviye"},"content":{"rendered":"<p>Labirent bulmacalar, \u00e7ocu\u011funuzun ele\u015ftirel d\u00fc\u015f\u00fcnme ve problem \u00e7\u00f6zme yetene\u011fi kazanmas\u0131na yard\u0131mc\u0131 olmas\u0131n\u0131n yan\u0131 s\u0131ra el-g\u00f6z koordinasyonunun ve ince motor kaslar\u0131n\u0131n geli\u015fmesine de katk\u0131da bulunur. Ayr\u0131ca bulmaca \u00e7\u00f6zen \u00e7ocuklar\u0131n elde etti\u011fi ba\u015far\u0131 ile birlikte \u00f6z g\u00fcven duygusu da geli\u015fmektedir.   \u00c7ocu\u011funuzun zihinsel kapasitesinin ve yarat\u0131c\u0131l\u0131\u011f\u0131n\u0131n artmas\u0131na yard\u0131mc\u0131 olacak Zihin A\u00e7an Labirent Bulmaca serisi, \u00e7ocu\u011funuzun geli\u015fiminin \u00f6nemli ve e\u011flenceli bir par\u00e7as\u0131 olacak. Kolaydan zora do\u011fru ilerleyen serimiz ile \u00e7ocu\u011funuz e\u011flenirken \u00f6\u011frenecek.<\/p>\n","protected":false},"excerpt":{"rendered":"<p>Labirent bulmacalar, \u00e7ocu\u011funuzun ele\u015ftirel d\u00fc\u015f\u00fcnme ve problem \u00e7\u00f6zme yetene\u011fi kazanmas\u0131na yard\u0131mc\u0131 olmas\u0131n\u0131n yan\u0131 s\u0131ra el-g\u00f6z koordinasyonunun ve ince motor kaslar\u0131n\u0131n geli\u015fmesine de katk\u0131da bulunur. Ayr\u0131ca bulmaca<span class=\"excerpt-hellip\"> [\u2026]<\/span><\/p>\n","protected":false},"featured_media":0,"template":"","meta":{"_monsterinsights_skip_tracking":false,"_monsterinsights_sitenote_active":false,"_monsterinsights_sitenote_note":"","_monsterinsights_sitenote_category":0},"product_brand":[],"product_cat":[12274,24599],"product_tag":[],"class_list":{"0":"post-752267","1":"product","2":"type-product","3":"status-publish","5":"product_cat-cocuk-ve-genclik-kitaplari","6":"product_cat-zeka-gelisimi","7":"pa_cilt-ciltsiz","8":"pa_tur-kitap10","9":"pa_yayinevi-cocuk-gelisimi-yayinlari","10":"pa_yazar-kolektif","12":"first","13":"instock","14":"sale","15":"shipping-taxable","16":"purchasable","17":"product-type-simple"},"_links":{"self":[{"href":"https:\/\/roveyayinevi.com.tr\/index.php\/wp-json\/wp\/v2\/product\/752267","targetHints":{"allow":["GET"]}}],"collection":[{"href":"https:\/\/roveyayinevi.com.tr\/index.php\/wp-json\/wp\/v2\/product"}],"about":[{"href":"https:\/\/roveyayinevi.com.tr\/index.php\/wp-json\/wp\/v2\/types\/product"}],"wp:attachment":[{"href":"https:\/\/roveyayinevi.com.tr\/index.php\/wp-json\/wp\/v2\/media?parent=752267"}],"wp:term":[{"taxonomy":"product_brand","embeddable":true,"href":"https:\/\/roveyayinevi.com.tr\/index.php\/wp-json\/wp\/v2\/product_brand?post=752267"},{"taxonomy":"product_cat","embeddable":true,"href":"https:\/\/roveyayinevi.com.tr\/index.php\/wp-json\/wp\/v2\/product_cat?post=752267"},{"taxonomy":"product_tag","embeddable":true,"href":"https:\/\/roveyayinevi.com.tr\/index.php\/wp-json\/wp\/v2\/product_tag?post=752267"}],"curies":[{"name":"wp","href":"https:\/\/api.w.org\/{rel}","templated":true}]}}