{"id":752261,"date":"2025-08-28T05:11:41","date_gmt":"2025-08-28T02:11:41","guid":{"rendered":"https:\/\/roveyayinevi.com.tr\/index.php\/urun\/guguklu-saatin-kucuk-kusu\/"},"modified":"2026-04-16T03:05:36","modified_gmt":"2026-04-16T00:05:36","slug":"guguklu-saatin-kucuk-kusu","status":"publish","type":"product","link":"https:\/\/roveyayinevi.com.tr\/index.php\/urun\/guguklu-saatin-kucuk-kusu\/","title":{"rendered":"Guguklu Saatin K\u00fc\u00e7\u00fck Ku\u015fu"},"content":{"rendered":"<p>Ya\u015fl\u0131 saat ustas\u0131 k\u00f6ydeki k\u00fc\u00e7\u00fck evinde yaln\u0131z ba\u015f\u0131na ya\u015f\u0131yordu. Birbirinden de\u011fi\u015fik guguklu saatler yap\u0131yordu. Bir g\u00fcn ormana giderken evin kap\u0131s\u0131n\u0131 a\u00e7\u0131k unuttu. Ak\u015fam eve d\u00f6nd\u00fc\u011f\u00fcnde onu bir s\u00fcrpriz bekliyordu.\u201cGuguklu Saatin K\u00fc\u00e7\u00fck Ku\u015fu\u201d, her kitab\u0131yla g\u00f6nl\u00fcm\u00fcz\u00fc yeniden fetheden Feridun Oral\u2019\u0131n yaz\u0131p resimledi\u011fi sevgi dolu bir hik\u00e2ye anlat\u0131yor.2012 y\u0131l\u0131nda IBBY taraf\u0131ndan Uluslararas\u0131 Hans Christian Andersen \u00d6d\u00fcl\u00fc\u2019ne aday g\u00f6sterilen, pek \u00e7ok kez de \u00f6d\u00fcllendirilen sanat\u00e7\u0131n\u0131n son olarak, 2015 y\u0131l\u0131nda yay\u0131mlanan \u201cFarkl\u0131 Ama Ayn\u0131 kitab\u0131\u201d \u00c7ocuk ve Gen\u00e7lik Yay\u0131nlar\u0131 Derne\u011fi taraf\u0131ndan y\u0131l\u0131n en iyi resimli \u00e7ocuk kitab\u0131 se\u00e7ildi.<\/p>\n","protected":false},"excerpt":{"rendered":"<p>Ya\u015fl\u0131 saat ustas\u0131 k\u00f6ydeki k\u00fc\u00e7\u00fck evinde yaln\u0131z ba\u015f\u0131na ya\u015f\u0131yordu. Birbirinden de\u011fi\u015fik guguklu saatler yap\u0131yordu. Bir g\u00fcn ormana giderken evin kap\u0131s\u0131n\u0131 a\u00e7\u0131k unuttu. Ak\u015fam eve d\u00f6nd\u00fc\u011f\u00fcnde onu<span class=\"excerpt-hellip\"> [\u2026]<\/span><\/p>\n","protected":false},"featured_media":0,"template":"","meta":{"_monsterinsights_skip_tracking":false,"_monsterinsights_sitenote_active":false,"_monsterinsights_sitenote_note":"","_monsterinsights_sitenote_category":0},"product_brand":[],"product_cat":[12913,12274],"product_tag":[],"class_list":{"0":"post-752261","1":"product","2":"type-product","3":"status-publish","5":"product_cat-3-6-yas-kitaplari","6":"product_cat-cocuk-ve-genclik-kitaplari","7":"pa_cilt-ciltsiz","8":"pa_tur-kitap","9":"pa_yayinevi-yapi-kredi-yayinlari","10":"pa_yazar-feridun-oral","12":"first","13":"instock","14":"sale","15":"shipping-taxable","16":"purchasable","17":"product-type-simple"},"_links":{"self":[{"href":"https:\/\/roveyayinevi.com.tr\/index.php\/wp-json\/wp\/v2\/product\/752261","targetHints":{"allow":["GET"]}}],"collection":[{"href":"https:\/\/roveyayinevi.com.tr\/index.php\/wp-json\/wp\/v2\/product"}],"about":[{"href":"https:\/\/roveyayinevi.com.tr\/index.php\/wp-json\/wp\/v2\/types\/product"}],"wp:attachment":[{"href":"https:\/\/roveyayinevi.com.tr\/index.php\/wp-json\/wp\/v2\/media?parent=752261"}],"wp:term":[{"taxonomy":"product_brand","embeddable":true,"href":"https:\/\/roveyayinevi.com.tr\/index.php\/wp-json\/wp\/v2\/product_brand?post=752261"},{"taxonomy":"product_cat","embeddable":true,"href":"https:\/\/roveyayinevi.com.tr\/index.php\/wp-json\/wp\/v2\/product_cat?post=752261"},{"taxonomy":"product_tag","embeddable":true,"href":"https:\/\/roveyayinevi.com.tr\/index.php\/wp-json\/wp\/v2\/product_tag?post=752261"}],"curies":[{"name":"wp","href":"https:\/\/api.w.org\/{rel}","templated":true}]}}