{"id":752260,"date":"2025-08-28T05:11:40","date_gmt":"2025-08-28T02:11:40","guid":{"rendered":"https:\/\/roveyayinevi.com.tr\/index.php\/urun\/anarsizm-uzerine-denemeler\/"},"modified":"2026-04-16T03:05:36","modified_gmt":"2026-04-16T00:05:36","slug":"anarsizm-uzerine-denemeler","status":"publish","type":"product","link":"https:\/\/roveyayinevi.com.tr\/index.php\/urun\/anarsizm-uzerine-denemeler\/","title":{"rendered":"Anar\u015fizm \u00dczerine Denemeler"},"content":{"rendered":"<p>Emma Goldman\u2019\u0131n g\u00fc\u00e7l\u00fc kalemi ve parlak zihninden Anar\u015fizm\u2019i ve onun din, siyaset gibi kavramlara bak\u0131\u015f a\u00e7\u0131s\u0131n\u0131 bu kitap arac\u0131l\u0131\u011f\u0131yla g\u00f6rebilirsiniz. Cesur y\u00fcrekli, \u00e7al\u0131\u015fkan ve y\u00fcksek yorum g\u00fcc\u00fcne sahip olan Emma Goldman, d\u00fcnyaya gelmi\u015f en k\u0131ymetli kad\u0131n d\u00fc\u015f\u00fcn\u00fcrlerden birisi olarak yerini h\u00e2l\u00e2 korumaktad\u0131r. K\u0131rm\u0131z\u0131 Ada Yay\u0131nlar\u0131 olarak bu eseri sizlere sunmaktan b\u00fcy\u00fck bir gurur ve mutluluk duyuyoruz. \u00c7a\u011f\u0131m\u0131z\u0131n e\u011filiminin bir \u00f6zetini verecek olsam, \u201cNicelik\u201d derdim. \u00c7okluk, kitle ruhu her yere h\u00fckmediyor, kaliteyi yok ediyor. T\u00fcm ya\u015fam\u0131m\u0131z; \u00fcretim, politika ve e\u011fitim niceli\u011fe, say\u0131lara ba\u011fl\u0131d\u0131r. Bir zamanlar i\u015finin titizli\u011fi ve kalitesiyle gurur duyan i\u015f\u00e7inin yerini, kendileri i\u00e7in de\u011fersiz ve genel olarak insanl\u0131\u011f\u0131n geri kalan\u0131na zarar veren muazzam miktarlarda \u015feyler \u00fcreten beyinsiz, beceriksiz otomatlar ald\u0131. B\u00f6ylece nicelik, hayat\u0131n konforunu ve huzurunu art\u0131rmak yerine, insan\u0131n y\u00fck\u00fcn\u00fc yaln\u0131zca art\u0131rm\u0131\u015ft\u0131r. <\/p>\n","protected":false},"excerpt":{"rendered":"<p>Emma Goldman\u2019\u0131n g\u00fc\u00e7l\u00fc kalemi ve parlak zihninden Anar\u015fizm\u2019i ve onun din, siyaset gibi kavramlara bak\u0131\u015f a\u00e7\u0131s\u0131n\u0131 bu kitap arac\u0131l\u0131\u011f\u0131yla g\u00f6rebilirsiniz. Cesur y\u00fcrekli, \u00e7al\u0131\u015fkan ve y\u00fcksek yorum<span class=\"excerpt-hellip\"> [\u2026]<\/span><\/p>\n","protected":false},"featured_media":0,"template":"","meta":{"_monsterinsights_skip_tracking":false,"_monsterinsights_sitenote_active":false,"_monsterinsights_sitenote_note":"","_monsterinsights_sitenote_category":0},"product_brand":[],"product_cat":[12388],"product_tag":[],"class_list":{"0":"post-752260","1":"product","2":"type-product","3":"status-publish","5":"product_cat-felsefe","6":"pa_cilt-ciltsiz","7":"pa_tur-kitap","8":"pa_yayinevi-kirmizi-ada-yayinlari","9":"pa_yazar-emma-goldman","11":"first","12":"instock","13":"sale","14":"shipping-taxable","15":"purchasable","16":"product-type-simple"},"_links":{"self":[{"href":"https:\/\/roveyayinevi.com.tr\/index.php\/wp-json\/wp\/v2\/product\/752260","targetHints":{"allow":["GET"]}}],"collection":[{"href":"https:\/\/roveyayinevi.com.tr\/index.php\/wp-json\/wp\/v2\/product"}],"about":[{"href":"https:\/\/roveyayinevi.com.tr\/index.php\/wp-json\/wp\/v2\/types\/product"}],"wp:attachment":[{"href":"https:\/\/roveyayinevi.com.tr\/index.php\/wp-json\/wp\/v2\/media?parent=752260"}],"wp:term":[{"taxonomy":"product_brand","embeddable":true,"href":"https:\/\/roveyayinevi.com.tr\/index.php\/wp-json\/wp\/v2\/product_brand?post=752260"},{"taxonomy":"product_cat","embeddable":true,"href":"https:\/\/roveyayinevi.com.tr\/index.php\/wp-json\/wp\/v2\/product_cat?post=752260"},{"taxonomy":"product_tag","embeddable":true,"href":"https:\/\/roveyayinevi.com.tr\/index.php\/wp-json\/wp\/v2\/product_tag?post=752260"}],"curies":[{"name":"wp","href":"https:\/\/api.w.org\/{rel}","templated":true}]}}