{"id":752257,"date":"2025-08-28T05:11:36","date_gmt":"2025-08-28T02:11:36","guid":{"rendered":"https:\/\/roveyayinevi.com.tr\/index.php\/urun\/upanisadlar-4-kitap-seti\/"},"modified":"2025-11-21T09:23:20","modified_gmt":"2025-11-21T06:23:20","slug":"upanisadlar-4-kitap-seti","status":"publish","type":"product","link":"https:\/\/roveyayinevi.com.tr\/index.php\/urun\/upanisadlar-4-kitap-seti\/","title":{"rendered":"Upani\u015fadlar 4 Kitap Seti"},"content":{"rendered":"<p>Setimiz; S\u00c2\u00d1KHYA Felsefesi Upani\u015fadlar\u0131, Ved\u00e2nta Felsefesi Upani\u015fadlar\u0131, Yoga Felsefesi Upani\u015fadlar\u0131 ve Narayana Felsefesi Upani\u015fadlar\u0131 kitaplar\u0131ndan olu\u015fmaktad\u0131r. Upani\u015fadlar Ay\u00e2sya taraf\u0131ndan yorumsuz olarak, tam metin \u00e7evirisi olarak yapm\u0131\u015ft\u0131r. Ayn\u0131 zamanda \u00f6\u011fretinin felsefesini her kitab\u0131n giri\u015finde yazm\u0131\u015ft\u0131r. Rigveda kaynakl\u0131 upani\u015fadlar\u0131n tamam\u0131n\u0131n \u00e7evirisi yap\u0131lm\u0131\u015f ve d\u00f6rt kitapta toplanm\u0131\u015ft\u0131r. <\/p>\n","protected":false},"excerpt":{"rendered":"<p>Setimiz; S\u00c2\u00d1KHYA Felsefesi Upani\u015fadlar\u0131, Ved\u00e2nta Felsefesi Upani\u015fadlar\u0131, Yoga Felsefesi Upani\u015fadlar\u0131 ve Narayana Felsefesi Upani\u015fadlar\u0131 kitaplar\u0131ndan olu\u015fmaktad\u0131r. Upani\u015fadlar Ay\u00e2sya taraf\u0131ndan yorumsuz olarak, tam metin \u00e7evirisi olarak yapm\u0131\u015ft\u0131r.<span class=\"excerpt-hellip\"> [\u2026]<\/span><\/p>\n","protected":false},"featured_media":0,"template":"","meta":{"_monsterinsights_skip_tracking":false,"_monsterinsights_sitenote_active":false,"_monsterinsights_sitenote_note":"","_monsterinsights_sitenote_category":0},"product_brand":[],"product_cat":[19998,12388],"product_tag":[],"class_list":{"0":"post-752257","1":"product","2":"type-product","3":"status-publish","5":"product_cat-din-felsefesi","6":"product_cat-felsefe","7":"pa_cilt-ciltsiz","8":"pa_tur-kitap","9":"pa_yayinevi-vaveyla-yayincilik","10":"pa_yazar-ayasya","12":"first","13":"instock","14":"sale","15":"shipping-taxable","16":"purchasable","17":"product-type-simple"},"_links":{"self":[{"href":"https:\/\/roveyayinevi.com.tr\/index.php\/wp-json\/wp\/v2\/product\/752257","targetHints":{"allow":["GET"]}}],"collection":[{"href":"https:\/\/roveyayinevi.com.tr\/index.php\/wp-json\/wp\/v2\/product"}],"about":[{"href":"https:\/\/roveyayinevi.com.tr\/index.php\/wp-json\/wp\/v2\/types\/product"}],"wp:attachment":[{"href":"https:\/\/roveyayinevi.com.tr\/index.php\/wp-json\/wp\/v2\/media?parent=752257"}],"wp:term":[{"taxonomy":"product_brand","embeddable":true,"href":"https:\/\/roveyayinevi.com.tr\/index.php\/wp-json\/wp\/v2\/product_brand?post=752257"},{"taxonomy":"product_cat","embeddable":true,"href":"https:\/\/roveyayinevi.com.tr\/index.php\/wp-json\/wp\/v2\/product_cat?post=752257"},{"taxonomy":"product_tag","embeddable":true,"href":"https:\/\/roveyayinevi.com.tr\/index.php\/wp-json\/wp\/v2\/product_tag?post=752257"}],"curies":[{"name":"wp","href":"https:\/\/api.w.org\/{rel}","templated":true}]}}